{"id":218305,"date":"2024-02-20T02:14:52","date_gmt":"2024-02-20T01:14:52","guid":{"rendered":"https:\/\/fundacionexe.org.co\/management-reports\/"},"modified":"2024-03-11T21:07:30","modified_gmt":"2024-03-11T20:07:30","slug":"management-reports","status":"publish","type":"page","link":"https:\/\/fundacionexe.org.co\/en\/publications\/management-reports\/","title":{"rendered":"Management Reports"},"content":{"rendered":"<div class=\"wpb-content-wrapper\"><p>[vc_section full_width=&#8221;stretch_row&#8221; pix_over_visibility=&#8221;&#8221; css=&#8221;.vc_custom_1708027675446{margin-top: -30px !important;}&#8221;][vc_row full_width=&#8221;stretch_row&#8221; content_placement=&#8221;middle&#8221; pix_particles_check=&#8221;&#8221; css=&#8221;.vc_custom_1708027472355{padding-top: 1px !important;padding-bottom: 1px !important;background-image: url(https:\/\/fundacionexe.org.co\/wp-content\/uploads\/2024\/02\/fondo-herradura.png?id=213679) !important;background-position: 0 0 !important;background-repeat: no-repeat !important;}&#8221;][vc_column css=&#8221;.vc_custom_1589595508057{padding-top: 20px !important;padding-bottom: 20px !important;}&#8221;]<div id=\"el1706058749145-86a926e6-fb5f\" class=\"mb-3 text-left  vc_custom_1708391757129\"><h2 class=\"mb-32 pix-sliding-headline-2 animate-in font-weight-bold secondary-font \" data-anim-type=\"pix-sliding-text\" data-class=\"secondary-font text-dark-opacity-8\" style=\"\"><span class=\"slide-in-container \"><span class=\"pix-sliding-item secondary-font text-dark-opacity-8\" style=\"transition-delay: 0ms;\">Management&#32;<\/span><\/span> <span class=\"slide-in-container \"><span class=\"pix-sliding-item secondary-font text-dark-opacity-8\" style=\"transition-delay: 150ms;\">Reports&#32;<\/span><\/span> <\/h2><\/div>[vc_text_separator title=&#8221;&#8221; color=&#8221;custom&#8221; border_width=&#8221;2&#8243; accent_color=&#8221;#15354e&#8221;][\/vc_column][\/vc_row][\/vc_section][vc_section full_width=&#8221;stretch_row&#8221; pix_over_visibility=&#8221;&#8221; b_flip_h=&#8221;true&#8221; css=&#8221;.vc_custom_1708394030324{padding-top: 20px !important;padding-bottom: 20px !important;}&#8221;][vc_row content_placement=&#8221;middle&#8221; pix_particles_check=&#8221;&#8221;][vc_column width=&#8221;1\/3&#8243; css=&#8221;.vc_custom_1643665252338{padding-top: 40px !important;padding-bottom: 40px !important;}&#8221;]<div id=\"el1643147789448-41566bdc-0b8c\" class=\"mb-3 text-left \"><h5 class=\"mb-32 pix-sliding-headline-2 animate-in font-weight-bold secondary-font \" data-anim-type=\"pix-sliding-text\" data-class=\"secondary-font text-heading-default\" style=\"\"><span class=\"slide-in-container \"><span class=\"pix-sliding-item secondary-font text-heading-default\" style=\"transition-delay: 0ms;\">Check&#32;<\/span><\/span> <span class=\"slide-in-container \"><span class=\"pix-sliding-item secondary-font text-heading-default\" style=\"transition-delay: 50ms;\">out&#32;<\/span><\/span> <span class=\"slide-in-container \"><span class=\"pix-sliding-item secondary-font text-heading-default\" style=\"transition-delay: 100ms;\">the&#32;<\/span><\/span> <span class=\"slide-in-container \"><span class=\"pix-sliding-item secondary-font text-heading-default\" style=\"transition-delay: 150ms;\">impact&#32;<\/span><\/span> <span class=\"slide-in-container \"><span class=\"pix-sliding-item secondary-font text-heading-default\" style=\"transition-delay: 200ms;\">and&#32;<\/span><\/span> <span class=\"slide-in-container \"><span class=\"pix-sliding-item secondary-font text-heading-default\" style=\"transition-delay: 250ms;\">management&#32;<\/span><\/span> <span class=\"slide-in-container \"><span class=\"pix-sliding-item secondary-font text-heading-default\" style=\"transition-delay: 300ms;\">results&#32;<\/span><\/span> <span class=\"slide-in-container \"><span class=\"pix-sliding-item secondary-font text-heading-default\" style=\"transition-delay: 350ms;\">carried&#32;<\/span><\/span> <span class=\"slide-in-container \"><span class=\"pix-sliding-item secondary-font text-heading-default\" style=\"transition-delay: 400ms;\">out&#32;<\/span><\/span> <span class=\"slide-in-container \"><span class=\"pix-sliding-item secondary-font text-heading-default\" style=\"transition-delay: 450ms;\">by&#32;<\/span><\/span> <span class=\"slide-in-container \"><span class=\"pix-sliding-item secondary-font text-heading-default\" style=\"transition-delay: 500ms;\">Fundacion&#32;<\/span><\/span> <span class=\"slide-in-container \"><span class=\"pix-sliding-item secondary-font text-heading-default\" style=\"transition-delay: 550ms;\">Empresarios&#32;<\/span><\/span> <span class=\"slide-in-container \"><span class=\"pix-sliding-item secondary-font text-heading-default\" style=\"transition-delay: 600ms;\">por&#32;<\/span><\/span> <span class=\"slide-in-container \"><span class=\"pix-sliding-item secondary-font text-heading-default\" style=\"transition-delay: 650ms;\">la&#32;<\/span><\/span> <span class=\"slide-in-container \"><span class=\"pix-sliding-item secondary-font text-heading-default\" style=\"transition-delay: 700ms;\">Educaci\u00f3n.&#32;<\/span><\/span> <\/h5><\/div>[\/vc_column][vc_column width=&#8221;2\/3&#8243;]<div id=\"pix-el-1645051590723-84a943b2-5570\" class=\" \"><div class=\"pix_tabs_container pix-waiting\" data-icons-pos=\"\"><div class=\"nav  nav-pills pix_tabs_btns justify-content-center nav-fill pix-pills-line mb-4 \" data-anim-type=\"\" role=\"tablist\" data-anim-delay=\"0\" id=\"v-pills-tab\"  aria-orientation=\"horizontal\"><div class=\"nav-item\"><a class=\"nav-link pix-tabs-btn text-24 pix-px-25 py-1 py-md-2 my-2 active font-weight-bold\" data-id=\"1601249475369-ac7777b8-e95b\" role=\"tab\" id=\"pix-tab-btn-1601249475369-ac7777b8-e95b\" data-toggle=\"pill\" href=\"#pix-tab-1601249475369-ac7777b8-e95b\"  aria-controls=\"pix-tab-1601249475369-ac7777b8-e95b\"><span class=\"d-inline-flex align-items-center\">Management Reports<\/span><\/a><\/div><div class=\"nav-item\"><a class=\"nav-link pix-tabs-btn text-24 pix-px-25 py-1 py-md-2 my-2  font-weight-bold\" data-id=\"1601249828170-e107abf0-aacf\" role=\"tab\" id=\"pix-tab-btn-1601249828170-e107abf0-aacf\" data-toggle=\"pill\" href=\"#pix-tab-1601249828170-e107abf0-aacf\"  aria-controls=\"pix-tab-1601249828170-e107abf0-aacf\"><span class=\"d-inline-flex align-items-center\">DIAN Reports<\/span><\/a><\/div><\/div><div class=\"pix_tabs_content \" data-anim-type=\"\" data-anim-delay=\"0\"><div class=\"tab-content \"><div class=\"tab-pane active fade-up show  \" role=\"tabpanel\" id=\"pix-tab-1601249475369-ac7777b8-e95b\" data-bold=\"font-weight-bold\" data-italic=\"\" data-secondary=\"secondary-font\" data-id=\"1601249475369-ac7777b8-e95b\" data-icon=\"\" data-title=\"Management Reports\" aria-labelledby=\"pix-tab-1601249475369-ac7777b8-e95b\">[vc_column_text]<\/p>\n<table border=\"0\" width=\"95%\" align=\"center\">\n<tbody>\n<tr>\n<td height=\"48\">\n<div align=\"center\"><strong>Report<\/strong><\/div>\n<\/td>\n<td>\n<div align=\"center\"><strong>Validity<\/strong><\/div>\n<\/td>\n<td>\n<div align=\"center\"><\/div>\n<\/td>\n<\/tr>\n<tr>\n<td height=\"44\"><span style=\"color: #000000;\">Management Report<\/span><\/td>\n<td>\n<div align=\"center\"><span style=\"color: #000000;\">2023<\/span><\/div>\n<\/td>\n<td>\n<div align=\"center\"><span style=\"color: #000000;\"><a style=\"color: #000000;\" href=\"https:\/\/fundacionexe.org.co\/wp-content\/uploads\/2024\/02\/Informe-de-gestion-I-ExE-p9_08_23-1.pdf\" target=\"_blank\" rel=\"noopener\">Download<\/a><\/span><\/div>\n<\/td>\n<\/tr>\n<tr>\n<td height=\"41\"><span style=\"color: #000000;\">First Semester Management Report <\/span><\/td>\n<td>\n<div align=\"center\"><span style=\"color: #000000;\">2022<\/span><\/div>\n<\/td>\n<td>\n<div align=\"center\"><a href=\"https:\/\/fundacionexe.org.co\/wp-content\/uploads\/2024\/02\/Informe-de-gestion-1-2.pdf\" target=\"_blank\" rel=\"noopener\"><span style=\"color: #000000;\">Download<\/span><\/a><\/div>\n<\/td>\n<\/tr>\n<tr>\n<td height=\"41\"><span style=\"color: #000000;\">Second Semester Management Report<\/span><\/td>\n<td>\n<div align=\"center\"><span style=\"color: #000000;\">2022<\/span><\/div>\n<\/td>\n<td>\n<div align=\"center\"><a href=\"https:\/\/fundacionexe.org.co\/wp-content\/uploads\/2024\/02\/Infome_Gestion_2022_Digital_compressed-1-2.pdf\" target=\"_blank\" rel=\"noopener\"><span style=\"color: #000000;\">Download<\/span><\/a><\/div>\n<\/td>\n<\/tr>\n<tr>\n<td height=\"34\"><span style=\"color: #000000;\">Management Report<\/span><\/td>\n<td>\n<div align=\"center\"><span style=\"color: #000000;\">2021<\/span><\/div>\n<\/td>\n<td>\n<div align=\"center\"><span style=\"color: #000000;\"><a style=\"color: #000000;\" href=\"https:\/\/fundacionexe.org.co\/wp-content\/uploads\/2024\/02\/ExE-informe-v2_compressed.pdf_2021.pdf\" target=\"_blank\" rel=\"noopener\">Download<\/a><\/span><\/div>\n<\/td>\n<\/tr>\n<tr>\n<td height=\"40\"><span style=\"color: #000000;\">Management Report<\/span><\/td>\n<td>\n<div align=\"center\"><span style=\"color: #000000;\">2020<\/span><\/div>\n<\/td>\n<td>\n<div align=\"center\"><span style=\"color: #000000;\"><a style=\"color: #000000;\" href=\"https:\/\/fundacionexe.org.co\/wp-content\/uploads\/2024\/02\/Informe-de-gestion-2020.pdf\" target=\"_blank\" rel=\"noopener\">Download<\/a><\/span><\/div>\n<\/td>\n<\/tr>\n<tr>\n<td height=\"34\"><span style=\"color: #000000;\">Management Report<\/span><\/td>\n<td>\n<div align=\"center\"><span style=\"color: #000000;\">2019<\/span><\/div>\n<\/td>\n<td>\n<div align=\"center\"><span style=\"color: #000000;\"><a style=\"color: #000000;\" href=\"https:\/\/fundacionexe.org.co\/wp-content\/uploads\/2024\/02\/Informe-de-gestion-2019.pdf\" target=\"_blank\" rel=\"noopener\">Download<\/a><\/span><\/div>\n<\/td>\n<\/tr>\n<\/tbody>\n<\/table>\n<p>[\/vc_column_text]<\/div><div class=\"tab-pane  fade-up show  \" role=\"tabpanel\" id=\"pix-tab-1601249828170-e107abf0-aacf\" data-bold=\"font-weight-bold\" data-italic=\"\" data-secondary=\"secondary-font\" data-id=\"1601249828170-e107abf0-aacf\" data-icon=\"\" data-title=\"DIAN Reports\" aria-labelledby=\"pix-tab-1601249828170-e107abf0-aacf\">[vc_column_text]<\/p>\n<ul>\n<li class=\"entry-title\"><a href=\"https:\/\/fundacionexe.org.co\/wp-content\/uploads\/2024\/02\/Informe-DIAN-2022.pdf\" target=\"_blank\" rel=\"noopener\">DIAN Report 2022<\/a><\/li>\n<\/ul>\n<p>[\/vc_column_text]<\/div><\/div><\/div><\/div><\/div>[\/vc_column][\/vc_row][\/vc_section]<\/p>\n<\/div>","protected":false},"excerpt":{"rendered":"[vc_section full_width=&#8221;stretch_row&#8221; pix_over_visibility=&#8221;&#8221; css=&#8221;.vc_custom_1708027675446{margin-top: -30px !important;}&#8221;][vc_row full_width=&#8221;stretch_row&#8221; content_placement=&#8221;middle&#8221; pix_particles_check=&#8221;&#8221; css=&#8221;.vc_custom_1708027472355{padding-top: 1px !important;padding-bottom: 1px !important;background-image: url(https:\/\/fundacionexe.org.co\/wp-content\/uploads\/2024\/02\/fondo-herradura.png?id=213679) !important;background-position: 0 0 !important;background-repeat: no-repeat !important;}&#8221;][vc_column css=&#8221;.vc_custom_1589595508057{padding-top: 20px !important;padding-bottom: 20px !important;}&#8221;][vc_text_separator title=&#8221;&#8221; color=&#8221;custom&#8221; border_width=&#8221;2&#8243; accent_color=&#8221;#15354e&#8221;][\/vc_column][\/vc_row][\/vc_section][vc_section full_width=&#8221;stretch_row&#8221; pix_over_visibility=&#8221;&#8221; b_flip_h=&#8221;true&#8221; css=&#8221;.vc_custom_1708394030324{padding-top: 20px !important;padding-bottom: 20px !important;}&#8221;][vc_row content_placement=&#8221;middle&#8221; pix_particles_check=&#8221;&#8221;][vc_column&#8230;","protected":false},"author":1,"featured_media":0,"parent":218333,"menu_order":0,"comment_status":"closed","ping_status":"open","template":"","meta":{"footnotes":""},"class_list":["post-218305","page","type-page","status-publish","hentry"],"yoast_head":"<!-- This site is optimized with the Yoast SEO plugin v27.4 - https:\/\/yoast.com\/product\/yoast-seo-wordpress\/ -->\n<title>Management Reports - Fundaci\u00f3n Empresarios por la Educaci\u00f3n FExE<\/title>\n<meta name=\"robots\" content=\"index, follow, max-snippet:-1, max-image-preview:large, max-video-preview:-1\" \/>\n<link rel=\"canonical\" href=\"https:\/\/fundacionexe.org.co\/en\/publications\/management-reports\/\" \/>\n<meta property=\"og:locale\" content=\"en_US\" \/>\n<meta property=\"og:type\" content=\"article\" \/>\n<meta property=\"og:title\" content=\"Management Reports - Fundaci\u00f3n Empresarios por la Educaci\u00f3n FExE\" \/>\n<meta property=\"og:description\" content=\"[vc_section full_width=&#8221;stretch_row&#8221; pix_over_visibility=&#8221;&#8221; css=&#8221;.vc_custom_1708027675446{margin-top: -30px !important;}&#8221;][vc_row full_width=&#8221;stretch_row&#8221; content_placement=&#8221;middle&#8221; pix_particles_check=&#8221;&#8221; css=&#8221;.vc_custom_1708027472355{padding-top: 1px !important;padding-bottom: 1px !important;background-image: url(https:\/\/fundacionexe.org.co\/wp-content\/uploads\/2024\/02\/fondo-herradura.png?id=213679) !important;background-position: 0 0 !important;background-repeat: no-repeat !important;}&#8221;][vc_column css=&#8221;.vc_custom_1589595508057{padding-top: 20px !important;padding-bottom: 20px !important;}&#8221;][vc_text_separator title=&#8221;&#8221; color=&#8221;custom&#8221; border_width=&#8221;2&#8243; accent_color=&#8221;#15354e&#8221;][\/vc_column][\/vc_row][\/vc_section][vc_section full_width=&#8221;stretch_row&#8221; pix_over_visibility=&#8221;&#8221; b_flip_h=&#8221;true&#8221; css=&#8221;.vc_custom_1708394030324{padding-top: 20px !important;padding-bottom: 20px !important;}&#8221;][vc_row content_placement=&#8221;middle&#8221; pix_particles_check=&#8221;&#8221;][vc_column...\" \/>\n<meta property=\"og:url\" content=\"https:\/\/fundacionexe.org.co\/en\/publications\/management-reports\/\" \/>\n<meta property=\"og:site_name\" content=\"Fundaci\u00f3n Empresarios por la Educaci\u00f3n FExE\" \/>\n<meta property=\"article:modified_time\" content=\"2024-03-11T20:07:30+00:00\" \/>\n<meta name=\"twitter:card\" content=\"summary_large_image\" \/>\n<meta name=\"twitter:label1\" content=\"Est. reading time\" \/>\n\t<meta name=\"twitter:data1\" content=\"1 minute\" \/>\n<script type=\"application\/ld+json\" class=\"yoast-schema-graph\">{\"@context\":\"https:\\\/\\\/schema.org\",\"@graph\":[{\"@type\":\"WebPage\",\"@id\":\"https:\\\/\\\/fundacionexe.org.co\\\/en\\\/publications\\\/management-reports\\\/\",\"url\":\"https:\\\/\\\/fundacionexe.org.co\\\/en\\\/publications\\\/management-reports\\\/\",\"name\":\"Management Reports - Fundaci\u00f3n Empresarios por la Educaci\u00f3n FExE\",\"isPartOf\":{\"@id\":\"https:\\\/\\\/fundacionexe.org.co\\\/en\\\/#website\"},\"datePublished\":\"2024-02-20T01:14:52+00:00\",\"dateModified\":\"2024-03-11T20:07:30+00:00\",\"breadcrumb\":{\"@id\":\"https:\\\/\\\/fundacionexe.org.co\\\/en\\\/publications\\\/management-reports\\\/#breadcrumb\"},\"inLanguage\":\"en-US\",\"potentialAction\":[{\"@type\":\"ReadAction\",\"target\":[\"https:\\\/\\\/fundacionexe.org.co\\\/en\\\/publications\\\/management-reports\\\/\"]}]},{\"@type\":\"BreadcrumbList\",\"@id\":\"https:\\\/\\\/fundacionexe.org.co\\\/en\\\/publications\\\/management-reports\\\/#breadcrumb\",\"itemListElement\":[{\"@type\":\"ListItem\",\"position\":1,\"name\":\"Portada\",\"item\":\"https:\\\/\\\/www.fundacionexe.org.co\\\/en\\\/\"},{\"@type\":\"ListItem\",\"position\":2,\"name\":\"Publications\",\"item\":\"https:\\\/\\\/fundacionexe.org.co\\\/en\\\/publications\\\/\"},{\"@type\":\"ListItem\",\"position\":3,\"name\":\"Management Reports\"}]},{\"@type\":\"WebSite\",\"@id\":\"https:\\\/\\\/fundacionexe.org.co\\\/en\\\/#website\",\"url\":\"https:\\\/\\\/fundacionexe.org.co\\\/en\\\/\",\"name\":\"Fundaci\u00f3n Empresarios por la Educaci\u00f3n FExE\",\"description\":\"Red de conocimiento independiente. Sumamos con informaci\u00f3n y evidencia para que Colombia d\u00e9 un salto en educaci\u00f3n de calidad.\",\"potentialAction\":[{\"@type\":\"SearchAction\",\"target\":{\"@type\":\"EntryPoint\",\"urlTemplate\":\"https:\\\/\\\/fundacionexe.org.co\\\/en\\\/?s={search_term_string}\"},\"query-input\":{\"@type\":\"PropertyValueSpecification\",\"valueRequired\":true,\"valueName\":\"search_term_string\"}}],\"inLanguage\":\"en-US\"}]}<\/script>\n<!-- \/ Yoast SEO plugin. -->","yoast_head_json":{"title":"Management Reports - Fundaci\u00f3n Empresarios por la Educaci\u00f3n FExE","robots":{"index":"index","follow":"follow","max-snippet":"max-snippet:-1","max-image-preview":"max-image-preview:large","max-video-preview":"max-video-preview:-1"},"canonical":"https:\/\/fundacionexe.org.co\/en\/publications\/management-reports\/","og_locale":"en_US","og_type":"article","og_title":"Management Reports - Fundaci\u00f3n Empresarios por la Educaci\u00f3n FExE","og_description":"[vc_section full_width=&#8221;stretch_row&#8221; pix_over_visibility=&#8221;&#8221; css=&#8221;.vc_custom_1708027675446{margin-top: -30px !important;}&#8221;][vc_row full_width=&#8221;stretch_row&#8221; content_placement=&#8221;middle&#8221; pix_particles_check=&#8221;&#8221; css=&#8221;.vc_custom_1708027472355{padding-top: 1px !important;padding-bottom: 1px !important;background-image: url(https:\/\/fundacionexe.org.co\/wp-content\/uploads\/2024\/02\/fondo-herradura.png?id=213679) !important;background-position: 0 0 !important;background-repeat: no-repeat !important;}&#8221;][vc_column css=&#8221;.vc_custom_1589595508057{padding-top: 20px !important;padding-bottom: 20px !important;}&#8221;][vc_text_separator title=&#8221;&#8221; color=&#8221;custom&#8221; border_width=&#8221;2&#8243; accent_color=&#8221;#15354e&#8221;][\/vc_column][\/vc_row][\/vc_section][vc_section full_width=&#8221;stretch_row&#8221; pix_over_visibility=&#8221;&#8221; b_flip_h=&#8221;true&#8221; css=&#8221;.vc_custom_1708394030324{padding-top: 20px !important;padding-bottom: 20px !important;}&#8221;][vc_row content_placement=&#8221;middle&#8221; pix_particles_check=&#8221;&#8221;][vc_column...","og_url":"https:\/\/fundacionexe.org.co\/en\/publications\/management-reports\/","og_site_name":"Fundaci\u00f3n Empresarios por la Educaci\u00f3n FExE","article_modified_time":"2024-03-11T20:07:30+00:00","twitter_card":"summary_large_image","twitter_misc":{"Est. reading time":"1 minute"},"schema":{"@context":"https:\/\/schema.org","@graph":[{"@type":"WebPage","@id":"https:\/\/fundacionexe.org.co\/en\/publications\/management-reports\/","url":"https:\/\/fundacionexe.org.co\/en\/publications\/management-reports\/","name":"Management Reports - Fundaci\u00f3n Empresarios por la Educaci\u00f3n FExE","isPartOf":{"@id":"https:\/\/fundacionexe.org.co\/en\/#website"},"datePublished":"2024-02-20T01:14:52+00:00","dateModified":"2024-03-11T20:07:30+00:00","breadcrumb":{"@id":"https:\/\/fundacionexe.org.co\/en\/publications\/management-reports\/#breadcrumb"},"inLanguage":"en-US","potentialAction":[{"@type":"ReadAction","target":["https:\/\/fundacionexe.org.co\/en\/publications\/management-reports\/"]}]},{"@type":"BreadcrumbList","@id":"https:\/\/fundacionexe.org.co\/en\/publications\/management-reports\/#breadcrumb","itemListElement":[{"@type":"ListItem","position":1,"name":"Portada","item":"https:\/\/www.fundacionexe.org.co\/en\/"},{"@type":"ListItem","position":2,"name":"Publications","item":"https:\/\/fundacionexe.org.co\/en\/publications\/"},{"@type":"ListItem","position":3,"name":"Management Reports"}]},{"@type":"WebSite","@id":"https:\/\/fundacionexe.org.co\/en\/#website","url":"https:\/\/fundacionexe.org.co\/en\/","name":"Fundaci\u00f3n Empresarios por la Educaci\u00f3n FExE","description":"Red de conocimiento independiente. Sumamos con informaci\u00f3n y evidencia para que Colombia d\u00e9 un salto en educaci\u00f3n de calidad.","potentialAction":[{"@type":"SearchAction","target":{"@type":"EntryPoint","urlTemplate":"https:\/\/fundacionexe.org.co\/en\/?s={search_term_string}"},"query-input":{"@type":"PropertyValueSpecification","valueRequired":true,"valueName":"search_term_string"}}],"inLanguage":"en-US"}]}},"_links":{"self":[{"href":"https:\/\/fundacionexe.org.co\/en\/wp-json\/wp\/v2\/pages\/218305","targetHints":{"allow":["GET"]}}],"collection":[{"href":"https:\/\/fundacionexe.org.co\/en\/wp-json\/wp\/v2\/pages"}],"about":[{"href":"https:\/\/fundacionexe.org.co\/en\/wp-json\/wp\/v2\/types\/page"}],"author":[{"embeddable":true,"href":"https:\/\/fundacionexe.org.co\/en\/wp-json\/wp\/v2\/users\/1"}],"replies":[{"embeddable":true,"href":"https:\/\/fundacionexe.org.co\/en\/wp-json\/wp\/v2\/comments?post=218305"}],"version-history":[{"count":5,"href":"https:\/\/fundacionexe.org.co\/en\/wp-json\/wp\/v2\/pages\/218305\/revisions"}],"predecessor-version":[{"id":218974,"href":"https:\/\/fundacionexe.org.co\/en\/wp-json\/wp\/v2\/pages\/218305\/revisions\/218974"}],"up":[{"embeddable":true,"href":"https:\/\/fundacionexe.org.co\/en\/wp-json\/wp\/v2\/pages\/218333"}],"wp:attachment":[{"href":"https:\/\/fundacionexe.org.co\/en\/wp-json\/wp\/v2\/media?parent=218305"}],"curies":[{"name":"wp","href":"https:\/\/api.w.org\/{rel}","templated":true}]}}