{"id":218339,"date":"2024-02-12T20:54:55","date_gmt":"2024-02-13T01:54:55","guid":{"rendered":"https:\/\/fundacionexe.org.co\/education-opinion-survey\/"},"modified":"2025-01-23T22:26:35","modified_gmt":"2025-01-23T21:26:35","slug":"education-opinion-survey","status":"publish","type":"page","link":"https:\/\/fundacionexe.org.co\/en\/what-we-do-mobilize\/education-opinion-survey\/","title":{"rendered":"Education Opinion Survey"},"content":{"rendered":"<div class=\"wpb-content-wrapper\"><p>[vc_section full_width=&#8221;stretch_row&#8221; content_placement=&#8221;middle&#8221; fade_in_opacity=&#8221;pix-opacity-1&#8243; pix_over_visibility=&#8221;&#8221; pix_overlay_color=&#8221;custom&#8221; pix_overlay_custom_color=&#8221;#15354e&#8221; css=&#8221;.vc_custom_1710891493667{margin-top: -80px !important;background-color: #15354e !important;}&#8221; fade_in_intro=&#8221;https:\/\/essentials.pixfort.com\/event\/wp-content\/uploads\/sites\/9\/2020\/05\/event-intro-bg.jpg&#8221; pix_overlay_opacity=&#8221;0.9&#8243;][vc_row content_placement=&#8221;middle&#8221; pix_particles_check=&#8221;&#8221;][vc_column content_align=&#8221;text-center&#8221; css=&#8221;.vc_custom_1590278076706{padding-top: 20px !important;padding-bottom: 20px !important;}&#8221;][vc_single_image image=&#8221;220031&#8243; img_size=&#8221;medium&#8221; alignment=&#8221;center&#8221; css=&#8221;.vc_custom_1712957089467{margin-top: -30px !important;}&#8221;][\/vc_column][\/vc_row][\/vc_section][vc_section full_width=&#8221;stretch_row&#8221; pix_over_visibility=&#8221;&#8221; css=&#8221;.vc_custom_1707778478376{background-color: #ffffff !important;}&#8221;][vc_row pix_particles_check=&#8221;&#8221;][vc_column]<div id=\"el1613521949772-0c712dee-cf78\" class=\"pix-highlighted-element text-center  vc_custom_1711040731714\"><h5 class=\"pix-highlighted-items \" style=\"\" data-anim-type=\"\" data-anim-delay=\"0\"><span id=\"el1613521949772-0c712dee-cf78-0\"  class=\"\"><span   class=\"pix-highlighted-text  pix-highlight-item font-weight-normal  body-font text-heading-default\">The purpose of the Opinion Survey on Education (EoE) lies in making visible the concerns and level of knowledge of citizens regarding educational issues, in order to contribute to the decision-making process and the development of educational policy. <br><br><\/span><\/span><span id=\"el1613521949772-0c712dee-cf78-1\"  class=\"\"><span   class=\"pix-highlighted-text  pix-highlight-item font-weight-normal  heading-font text-heading-default\">In 2024, the study of the Opinion Survey in Education (EoE) is distinguished by its multi-perspective approach, which covers three different versions: one aimed at households, another aimed at young people and a third designed specifically for teachers.<\/span><\/span><br \/><\/h5><\/div>[\/vc_column][\/vc_row][\/vc_section][vc_row full_width=&#8221;stretch_row&#8221; pix_particles_check=&#8221;&#8221;][vc_column][vc_text_separator title=&#8221;&#8221; color=&#8221;custom&#8221; border_width=&#8221;2&#8243; css=&#8221;.vc_custom_1707781347523{margin-top: 30px !important;}&#8221; accent_color=&#8221;#15354e&#8221;][\/vc_column][\/vc_row][vc_section full_width=&#8221;stretch_row&#8221; pix_over_visibility=&#8221;1&#8243; bottom_divider_select=&#8221;8&#8243; b_2_is_gradient=&#8221;true&#8221; b_2_color=&#8221;#ffffff&#8221; b_2_color_2=&#8221;#f0f7ed&#8221; b_3_is_gradient=&#8221;true&#8221; b_3_color=&#8221;#ddf1ee&#8221; b_3_color_2=&#8221;rgba(255,255,255,0.5)&#8221; css=&#8221;.vc_custom_1707780760819{background-color: #ffffff !important;}&#8221; el_id=&#8221;pix_section_team&#8221;][vc_row pix_particles_check=&#8221;&#8221;][vc_column width=&#8221;1\/3&#8243; css=&#8221;.vc_custom_1577599091460{padding-top: 20px !important;padding-bottom: 20px !important;}&#8221;]<div id=\"el1737652517510-411545a9-0c7d\" class=\"pix-highlighted-element text-center \"><h5 class=\"pix-highlighted-items \" style=\"\" data-anim-type=\"\" data-anim-delay=\"0\"><span id=\"el1737652517510-411545a9-0c7d-0\"  class=\"\"><span   class=\"pix-highlighted-text  pix-highlight-item font-weight-normal  font-weight-bold heading-font text-heading-default\">Teachers<\/span><\/span><\/h5><\/div>[vc_single_image image=&#8221;222605&#8243; img_size=&#8221;full&#8221; css=&#8221;.vc_custom_1737667532648{padding-right: 12px !important;padding-left: 12px !important;}&#8221;]<div class=\"d-block w-100 text-center\"><a  href=\"https:\/\/fundacionexe.org.co\/en\/what-we-do-mobilize\/opinion-survey-education-for-teachers\/\" class=\"btn mb-2      text-white btn-primary d-inline-flex align-items-center     btn-rounded pix-btn-div btn-lg\"     ><span class=\"font-weight-bold \" >See more<\/span><\/a><\/div>[\/vc_column][vc_column width=&#8221;1\/3&#8243; css=&#8221;.vc_custom_1577598818066{padding-top: 20px !important;padding-bottom: 20px !important;}&#8221;]<div id=\"el1737652524243-b37fa48e-6afc\" class=\"pix-highlighted-element text-center  vc_custom_1737652871812\"><h5 class=\"pix-highlighted-items \" style=\"\" data-anim-type=\"\" data-anim-delay=\"0\"><span id=\"el1737652524243-b37fa48e-6afc-0\"  class=\"\"><span   class=\"pix-highlighted-text  pix-highlight-item font-weight-normal  font-weight-bold heading-font text-heading-default\">Youth<\/span><\/span><\/h5><\/div>[vc_single_image image=&#8221;220463&#8243; img_size=&#8221;full&#8221; css=&#8221;.vc_custom_1737667526168{padding-right: 12px !important;padding-left: 12px !important;}&#8221;]<div class=\"d-block w-100 text-center\"><a  href=\"https:\/\/fundacionexe.org.co\/en\/what-we-do-mobilize\/youth-opinion-survey-education\/\" class=\"btn mb-2      text-white btn-primary d-inline-flex align-items-center     btn-rounded pix-btn-div btn-lg\"     ><span class=\"font-weight-bold \" >See more<\/span><\/a><\/div>[\/vc_column][vc_column width=&#8221;1\/3&#8243;]<div id=\"el1737652512891-e26f3f97-d4ef\" class=\"pix-highlighted-element text-center  vc_custom_1737652655816\"><h5 class=\"pix-highlighted-items \" style=\"\" data-anim-type=\"\" data-anim-delay=\"0\"><span id=\"el1737652512891-e26f3f97-d4ef-0\"  class=\"\"><span   class=\"pix-highlighted-text  pix-highlight-item font-weight-normal  font-weight-bold heading-font text-heading-default\">Households<\/span><\/span><\/h5><\/div>[vc_single_image image=&#8221;214501&#8243; img_size=&#8221;full&#8221; css=&#8221;.vc_custom_1737667584149{margin-left: -20px !important;border-left-width: -20px !important;padding-right: -20px !important;padding-left: -20px !important;}&#8221;]<div class=\"d-block w-100 text-center\"><a  href=\"https:\/\/fundacionexe.org.co\/en\/what-we-do-mobilize\/youth-opinion-poll\/\" class=\"btn mb-2      text-white btn-primary d-inline-flex align-items-center     btn-rounded pix-btn-div btn-lg\"     ><span class=\"font-weight-bold \" >See more<\/span><\/a><\/div>[\/vc_column][\/vc_row][\/vc_section]<\/p>\n<\/div>","protected":false},"excerpt":{"rendered":"[vc_section full_width=&#8221;stretch_row&#8221; content_placement=&#8221;middle&#8221; fade_in_opacity=&#8221;pix-opacity-1&#8243; pix_over_visibility=&#8221;&#8221; pix_overlay_color=&#8221;custom&#8221; pix_overlay_custom_color=&#8221;#15354e&#8221; css=&#8221;.vc_custom_1710891493667{margin-top: -80px !important;background-color: #15354e !important;}&#8221; fade_in_intro=&#8221;https:\/\/essentials.pixfort.com\/event\/wp-content\/uploads\/sites\/9\/2020\/05\/event-intro-bg.jpg&#8221; pix_overlay_opacity=&#8221;0.9&#8243;][vc_row content_placement=&#8221;middle&#8221; pix_particles_check=&#8221;&#8221;][vc_column content_align=&#8221;text-center&#8221; css=&#8221;.vc_custom_1590278076706{padding-top: 20px !important;padding-bottom: 20px !important;}&#8221;][vc_single_image image=&#8221;220031&#8243; img_size=&#8221;medium&#8221; alignment=&#8221;center&#8221; css=&#8221;.vc_custom_1712957089467{margin-top: -30px !important;}&#8221;][\/vc_column][\/vc_row][\/vc_section][vc_section full_width=&#8221;stretch_row&#8221; pix_over_visibility=&#8221;&#8221; css=&#8221;.vc_custom_1707778478376{background-color: #ffffff !important;}&#8221;][vc_row pix_particles_check=&#8221;&#8221;][vc_column][\/vc_column][\/vc_row][\/vc_section][vc_row full_width=&#8221;stretch_row&#8221; pix_particles_check=&#8221;&#8221;][vc_column][vc_text_separator title=&#8221;&#8221; color=&#8221;custom&#8221; border_width=&#8221;2&#8243; css=&#8221;.vc_custom_1707781347523{margin-top:&#8230;","protected":false},"author":1,"featured_media":0,"parent":218343,"menu_order":0,"comment_status":"closed","ping_status":"closed","template":"","meta":{"footnotes":""},"class_list":["post-218339","page","type-page","status-publish","hentry"],"yoast_head":"<!-- This site is optimized with the Yoast SEO plugin v27.4 - https:\/\/yoast.com\/product\/yoast-seo-wordpress\/ -->\n<title>Education Opinion Survey - Fundaci\u00f3n Empresarios por la Educaci\u00f3n FExE<\/title>\n<meta name=\"robots\" content=\"index, follow, max-snippet:-1, max-image-preview:large, max-video-preview:-1\" \/>\n<link rel=\"canonical\" href=\"https:\/\/fundacionexe.org.co\/en\/what-we-do-mobilize\/education-opinion-survey\/\" \/>\n<meta property=\"og:locale\" content=\"en_US\" \/>\n<meta property=\"og:type\" content=\"article\" \/>\n<meta property=\"og:title\" content=\"Education Opinion Survey - Fundaci\u00f3n Empresarios por la Educaci\u00f3n FExE\" \/>\n<meta property=\"og:description\" content=\"[vc_section full_width=&#8221;stretch_row&#8221; content_placement=&#8221;middle&#8221; fade_in_opacity=&#8221;pix-opacity-1&#8243; pix_over_visibility=&#8221;&#8221; pix_overlay_color=&#8221;custom&#8221; pix_overlay_custom_color=&#8221;#15354e&#8221; css=&#8221;.vc_custom_1710891493667{margin-top: -80px !important;background-color: #15354e !important;}&#8221; fade_in_intro=&#8221;https:\/\/essentials.pixfort.com\/event\/wp-content\/uploads\/sites\/9\/2020\/05\/event-intro-bg.jpg&#8221; pix_overlay_opacity=&#8221;0.9&#8243;][vc_row content_placement=&#8221;middle&#8221; pix_particles_check=&#8221;&#8221;][vc_column content_align=&#8221;text-center&#8221; css=&#8221;.vc_custom_1590278076706{padding-top: 20px !important;padding-bottom: 20px !important;}&#8221;][vc_single_image image=&#8221;220031&#8243; img_size=&#8221;medium&#8221; alignment=&#8221;center&#8221; css=&#8221;.vc_custom_1712957089467{margin-top: -30px !important;}&#8221;][\/vc_column][\/vc_row][\/vc_section][vc_section full_width=&#8221;stretch_row&#8221; pix_over_visibility=&#8221;&#8221; css=&#8221;.vc_custom_1707778478376{background-color: #ffffff !important;}&#8221;][vc_row pix_particles_check=&#8221;&#8221;][vc_column][\/vc_column][\/vc_row][\/vc_section][vc_row full_width=&#8221;stretch_row&#8221; pix_particles_check=&#8221;&#8221;][vc_column][vc_text_separator title=&#8221;&#8221; color=&#8221;custom&#8221; border_width=&#8221;2&#8243; css=&#8221;.vc_custom_1707781347523{margin-top:...\" \/>\n<meta property=\"og:url\" content=\"https:\/\/fundacionexe.org.co\/en\/what-we-do-mobilize\/education-opinion-survey\/\" \/>\n<meta property=\"og:site_name\" content=\"Fundaci\u00f3n Empresarios por la Educaci\u00f3n FExE\" \/>\n<meta property=\"article:modified_time\" content=\"2025-01-23T21:26:35+00:00\" \/>\n<meta name=\"twitter:card\" content=\"summary_large_image\" \/>\n<meta name=\"twitter:label1\" content=\"Est. reading time\" \/>\n\t<meta name=\"twitter:data1\" content=\"4 minutes\" \/>\n<script type=\"application\/ld+json\" class=\"yoast-schema-graph\">{\"@context\":\"https:\\\/\\\/schema.org\",\"@graph\":[{\"@type\":\"WebPage\",\"@id\":\"https:\\\/\\\/fundacionexe.org.co\\\/en\\\/what-we-do-mobilize\\\/education-opinion-survey\\\/\",\"url\":\"https:\\\/\\\/fundacionexe.org.co\\\/en\\\/what-we-do-mobilize\\\/education-opinion-survey\\\/\",\"name\":\"Education Opinion Survey - Fundaci\u00f3n Empresarios por la Educaci\u00f3n FExE\",\"isPartOf\":{\"@id\":\"https:\\\/\\\/cajadeherramientas.fundacionexe.org.co\\\/en\\\/#website\"},\"datePublished\":\"2024-02-13T01:54:55+00:00\",\"dateModified\":\"2025-01-23T21:26:35+00:00\",\"breadcrumb\":{\"@id\":\"https:\\\/\\\/fundacionexe.org.co\\\/en\\\/what-we-do-mobilize\\\/education-opinion-survey\\\/#breadcrumb\"},\"inLanguage\":\"en-US\",\"potentialAction\":[{\"@type\":\"ReadAction\",\"target\":[\"https:\\\/\\\/fundacionexe.org.co\\\/en\\\/what-we-do-mobilize\\\/education-opinion-survey\\\/\"]}]},{\"@type\":\"BreadcrumbList\",\"@id\":\"https:\\\/\\\/fundacionexe.org.co\\\/en\\\/what-we-do-mobilize\\\/education-opinion-survey\\\/#breadcrumb\",\"itemListElement\":[{\"@type\":\"ListItem\",\"position\":1,\"name\":\"Portada\",\"item\":\"https:\\\/\\\/prod.fundacionexe.org.co\\\/en\\\/\"},{\"@type\":\"ListItem\",\"position\":2,\"name\":\"What We Do &#8211; Mobilize\",\"item\":\"https:\\\/\\\/www.fundacionexe.org.co\\\/en\\\/what-we-do-mobilize\\\/\"},{\"@type\":\"ListItem\",\"position\":3,\"name\":\"Education Opinion Survey\"}]},{\"@type\":\"WebSite\",\"@id\":\"https:\\\/\\\/cajadeherramientas.fundacionexe.org.co\\\/en\\\/#website\",\"url\":\"https:\\\/\\\/cajadeherramientas.fundacionexe.org.co\\\/en\\\/\",\"name\":\"Fundaci\u00f3n Empresarios por la Educaci\u00f3n FExE\",\"description\":\"Red de conocimiento independiente. Sumamos con informaci\u00f3n y evidencia para que Colombia d\u00e9 un salto en educaci\u00f3n de calidad.\",\"potentialAction\":[{\"@type\":\"SearchAction\",\"target\":{\"@type\":\"EntryPoint\",\"urlTemplate\":\"https:\\\/\\\/cajadeherramientas.fundacionexe.org.co\\\/en\\\/?s={search_term_string}\"},\"query-input\":{\"@type\":\"PropertyValueSpecification\",\"valueRequired\":true,\"valueName\":\"search_term_string\"}}],\"inLanguage\":\"en-US\"}]}<\/script>\n<!-- \/ Yoast SEO plugin. -->","yoast_head_json":{"title":"Education Opinion Survey - Fundaci\u00f3n Empresarios por la Educaci\u00f3n FExE","robots":{"index":"index","follow":"follow","max-snippet":"max-snippet:-1","max-image-preview":"max-image-preview:large","max-video-preview":"max-video-preview:-1"},"canonical":"https:\/\/fundacionexe.org.co\/en\/what-we-do-mobilize\/education-opinion-survey\/","og_locale":"en_US","og_type":"article","og_title":"Education Opinion Survey - Fundaci\u00f3n Empresarios por la Educaci\u00f3n FExE","og_description":"[vc_section full_width=&#8221;stretch_row&#8221; content_placement=&#8221;middle&#8221; fade_in_opacity=&#8221;pix-opacity-1&#8243; pix_over_visibility=&#8221;&#8221; pix_overlay_color=&#8221;custom&#8221; pix_overlay_custom_color=&#8221;#15354e&#8221; css=&#8221;.vc_custom_1710891493667{margin-top: -80px !important;background-color: #15354e !important;}&#8221; fade_in_intro=&#8221;https:\/\/essentials.pixfort.com\/event\/wp-content\/uploads\/sites\/9\/2020\/05\/event-intro-bg.jpg&#8221; pix_overlay_opacity=&#8221;0.9&#8243;][vc_row content_placement=&#8221;middle&#8221; pix_particles_check=&#8221;&#8221;][vc_column content_align=&#8221;text-center&#8221; css=&#8221;.vc_custom_1590278076706{padding-top: 20px !important;padding-bottom: 20px !important;}&#8221;][vc_single_image image=&#8221;220031&#8243; img_size=&#8221;medium&#8221; alignment=&#8221;center&#8221; css=&#8221;.vc_custom_1712957089467{margin-top: -30px !important;}&#8221;][\/vc_column][\/vc_row][\/vc_section][vc_section full_width=&#8221;stretch_row&#8221; pix_over_visibility=&#8221;&#8221; css=&#8221;.vc_custom_1707778478376{background-color: #ffffff !important;}&#8221;][vc_row pix_particles_check=&#8221;&#8221;][vc_column][\/vc_column][\/vc_row][\/vc_section][vc_row full_width=&#8221;stretch_row&#8221; pix_particles_check=&#8221;&#8221;][vc_column][vc_text_separator title=&#8221;&#8221; color=&#8221;custom&#8221; border_width=&#8221;2&#8243; css=&#8221;.vc_custom_1707781347523{margin-top:...","og_url":"https:\/\/fundacionexe.org.co\/en\/what-we-do-mobilize\/education-opinion-survey\/","og_site_name":"Fundaci\u00f3n Empresarios por la Educaci\u00f3n FExE","article_modified_time":"2025-01-23T21:26:35+00:00","twitter_card":"summary_large_image","twitter_misc":{"Est. reading time":"4 minutes"},"schema":{"@context":"https:\/\/schema.org","@graph":[{"@type":"WebPage","@id":"https:\/\/fundacionexe.org.co\/en\/what-we-do-mobilize\/education-opinion-survey\/","url":"https:\/\/fundacionexe.org.co\/en\/what-we-do-mobilize\/education-opinion-survey\/","name":"Education Opinion Survey - Fundaci\u00f3n Empresarios por la Educaci\u00f3n FExE","isPartOf":{"@id":"https:\/\/cajadeherramientas.fundacionexe.org.co\/en\/#website"},"datePublished":"2024-02-13T01:54:55+00:00","dateModified":"2025-01-23T21:26:35+00:00","breadcrumb":{"@id":"https:\/\/fundacionexe.org.co\/en\/what-we-do-mobilize\/education-opinion-survey\/#breadcrumb"},"inLanguage":"en-US","potentialAction":[{"@type":"ReadAction","target":["https:\/\/fundacionexe.org.co\/en\/what-we-do-mobilize\/education-opinion-survey\/"]}]},{"@type":"BreadcrumbList","@id":"https:\/\/fundacionexe.org.co\/en\/what-we-do-mobilize\/education-opinion-survey\/#breadcrumb","itemListElement":[{"@type":"ListItem","position":1,"name":"Portada","item":"https:\/\/prod.fundacionexe.org.co\/en\/"},{"@type":"ListItem","position":2,"name":"What We Do &#8211; Mobilize","item":"https:\/\/www.fundacionexe.org.co\/en\/what-we-do-mobilize\/"},{"@type":"ListItem","position":3,"name":"Education Opinion Survey"}]},{"@type":"WebSite","@id":"https:\/\/cajadeherramientas.fundacionexe.org.co\/en\/#website","url":"https:\/\/cajadeherramientas.fundacionexe.org.co\/en\/","name":"Fundaci\u00f3n Empresarios por la Educaci\u00f3n FExE","description":"Red de conocimiento independiente. Sumamos con informaci\u00f3n y evidencia para que Colombia d\u00e9 un salto en educaci\u00f3n de calidad.","potentialAction":[{"@type":"SearchAction","target":{"@type":"EntryPoint","urlTemplate":"https:\/\/cajadeherramientas.fundacionexe.org.co\/en\/?s={search_term_string}"},"query-input":{"@type":"PropertyValueSpecification","valueRequired":true,"valueName":"search_term_string"}}],"inLanguage":"en-US"}]}},"_links":{"self":[{"href":"https:\/\/fundacionexe.org.co\/en\/wp-json\/wp\/v2\/pages\/218339","targetHints":{"allow":["GET"]}}],"collection":[{"href":"https:\/\/fundacionexe.org.co\/en\/wp-json\/wp\/v2\/pages"}],"about":[{"href":"https:\/\/fundacionexe.org.co\/en\/wp-json\/wp\/v2\/types\/page"}],"author":[{"embeddable":true,"href":"https:\/\/fundacionexe.org.co\/en\/wp-json\/wp\/v2\/users\/1"}],"replies":[{"embeddable":true,"href":"https:\/\/fundacionexe.org.co\/en\/wp-json\/wp\/v2\/comments?post=218339"}],"version-history":[{"count":35,"href":"https:\/\/fundacionexe.org.co\/en\/wp-json\/wp\/v2\/pages\/218339\/revisions"}],"predecessor-version":[{"id":223845,"href":"https:\/\/fundacionexe.org.co\/en\/wp-json\/wp\/v2\/pages\/218339\/revisions\/223845"}],"up":[{"embeddable":true,"href":"https:\/\/fundacionexe.org.co\/en\/wp-json\/wp\/v2\/pages\/218343"}],"wp:attachment":[{"href":"https:\/\/fundacionexe.org.co\/en\/wp-json\/wp\/v2\/media?parent=218339"}],"curies":[{"name":"wp","href":"https:\/\/api.w.org\/{rel}","templated":true}]}}