{"id":218345,"date":"2024-01-25T20:38:49","date_gmt":"2024-01-25T19:38:49","guid":{"rendered":"https:\/\/fundacionexe.org.co\/newsletter-subscription\/"},"modified":"2024-03-09T01:17:46","modified_gmt":"2024-03-09T00:17:46","slug":"newsletter-subscription","status":"publish","type":"page","link":"https:\/\/fundacionexe.org.co\/en\/newsletter-subscription\/","title":{"rendered":"Newsletter Subscription"},"content":{"rendered":"<div class=\"wpb-content-wrapper\"><p>[vc_row full_width=&#8221;stretch_row&#8221; pix_particles_check=&#8221;&#8221; css=&#8221;.vc_custom_1708086467872{background-image: url(https:\/\/fundacionexe.org.co\/wp-content\/uploads\/2024\/02\/fondo-herradura.png?id=213679) !important;background-position: center !important;background-repeat: no-repeat !important;background-size: cover !important;}&#8221;][vc_column]<div id=\"el1707526722376-e6ea33e5-fab5\" class=\"pix-highlighted-element text-left  vc_custom_1708521561490\"><div class=\"pix-highlighted-items \" style=\"font-size:36px;\" data-anim-type=\"\" data-anim-delay=\"0\"><span id=\"el1707526722376-e6ea33e5-fab5-0\"  class=\"\"><span   class=\"pix-highlighted-text  pix-highlight-item font-weight-normal  font-weight-bold heading-font text-primary\">Subscribe to the newsletter  <\/span><\/span><br \/><\/div><\/div>[vc_text_separator title=&#8221;&#8221; align=&#8221;align_left&#8221; color=&#8221;custom&#8221; border_width=&#8221;2&#8243; el_width=&#8221;70&#8243; accent_color=&#8221;#15354e&#8221;][\/vc_column][\/vc_row][vc_row pix_particles_check=&#8221;&#8221; css=&#8221;.vc_custom_1708086660171{margin-top: 20px !important;}&#8221;][vc_column][vc_column_text]<div class=\"frm_forms  with_frm_style frm_style_estilos-formidable\" id=\"frm_form_2_container\" data-token=\"8cdfce667c96e84d86a4e6d819ab0041\">\n<form enctype=\"multipart\/form-data\" method=\"post\" class=\"frm-show-form \" id=\"form_inscripcion-boletines\" data-token=\"8cdfce667c96e84d86a4e6d819ab0041\">\n<div class=\"frm_form_fields \">\n<fieldset>\n<legend class=\"frm_screen_reader\">Inscripci\u00f3n Boletines<\/legend>\r\n\r\n<div class=\"frm_fields_container\">\n<input type=\"hidden\" name=\"frm_action\" value=\"create\" \/>\n<input type=\"hidden\" name=\"form_id\" value=\"2\" \/>\n<input type=\"hidden\" name=\"frm_hide_fields_2\" id=\"frm_hide_fields_2\" value=\"\" \/>\n<input type=\"hidden\" name=\"form_key\" value=\"inscripcion-boletines\" \/>\n<input type=\"hidden\" name=\"item_meta[0]\" value=\"\" \/>\n<input type=\"hidden\" id=\"frm_submit_entry_2\" name=\"frm_submit_entry_2\" value=\"7371999241\" \/><input type=\"hidden\" name=\"_wp_http_referer\" value=\"\/en\/wp-json\/wp\/v2\/pages\/218345\" \/><div id=\"frm_field_6_container\" class=\"frm_form_field form-field  frm_required_field frm_top_container frm6 frm12 frm_first\">\r\n    <label for=\"field_d87ir\" id=\"field_d87ir_label\" class=\"frm_primary_label\"><b>Nombre y Apellidos<\/b>\r\n        <span class=\"frm_required\" aria-hidden=\"true\">*<\/span>\r\n    <\/label>\r\n    <input type=\"text\" id=\"field_d87ir\" name=\"item_meta[6]\" value=\"\"  data-reqmsg=\"Este campo no puede estar en blanco.\" aria-required=\"true\" data-invmsg=\"Texto no es v\u00e1lido\" aria-invalid=\"false\"   aria-describedby=\"frm_desc_field_d87ir\"\/>\r\n    <div class=\"frm_description\" id=\"frm_desc_field_d87ir\">Ingrese su Nombre<\/div>\r\n    \r\n<\/div>\n<div id=\"frm_field_11_container\" class=\"frm_form_field form-field  frm_required_field frm_top_container frm6\">\r\n    <label for=\"field_byn6o\" id=\"field_byn6o_label\" class=\"frm_primary_label\"><b>Correo electr\u00f3nico<\/b>\r\n        <span class=\"frm_required\" aria-hidden=\"true\">*<\/span>\r\n    <\/label>\r\n    <input type=\"email\" id=\"field_byn6o\" name=\"item_meta[11]\" value=\"\"  data-reqmsg=\"&lt;b&gt;Correo electr\u00f3nico&lt;\/b&gt; cannot be blank.\" aria-required=\"true\" data-invmsg=\"Correo electr\u00f3nico no es v\u00e1lido\" aria-invalid=\"false\"   aria-describedby=\"frm_desc_field_byn6o\"\/>\r\n    <div class=\"frm_description\" id=\"frm_desc_field_byn6o\">Ingres su Email:<\/div>\r\n    \r\n<\/div>\n<center><div id=\"frm_field_8_container\" class=\"frm_form_field form-field  frm_required_field frm_top_container horizontal_radio\">\r\n    <label for=\"field_jjoeq\" id=\"field_jjoeq_label\" class=\"frm_primary_label\"><b>Sobre que temas le gustar\u00eda recibir informaci\u00f3n<\/b>\r\n        <span class=\"frm_required\" aria-hidden=\"true\">*<\/span>\r\n    <\/label>\r\n    \t\t<div class=\"frm_checkbox\" id=\"frm_checkbox_8-0\">\t\t\t<label  for=\"field_jjoeq-0\">\n\t\t\t<input type=\"checkbox\" name=\"item_meta[8][]\" id=\"field_jjoeq-0\" value=\"Publicaciones\"  data-frmval=\"Seleccione\" data-reqmsg=\"Debe seleccionar por lo menos una opci\u00f3n\" data-invmsg=\"&lt;b&gt;Sobre que temas le gustar\u00eda recibir informaci\u00f3n&lt;\/b&gt; is invalid\"   aria-required=\"true\"  \/> Publicaciones<\/label><\/div>\n\t\t<div class=\"frm_checkbox\" id=\"frm_checkbox_8-1\">\t\t\t<label  for=\"field_jjoeq-1\">\n\t\t\t<input type=\"checkbox\" name=\"item_meta[8][]\" id=\"field_jjoeq-1\" value=\"Observatorio\"  data-frmval=\"Seleccione\" data-reqmsg=\"Debe seleccionar por lo menos una opci\u00f3n\" data-invmsg=\"&lt;b&gt;Sobre que temas le gustar\u00eda recibir informaci\u00f3n&lt;\/b&gt; is invalid\"   \/> Observatorio<\/label><\/div>\n\t\t<div class=\"frm_checkbox\" id=\"frm_checkbox_8-3\">\t\t\t<label  for=\"field_jjoeq-3\">\n\t\t\t<input type=\"checkbox\" name=\"item_meta[8][]\" id=\"field_jjoeq-3\" value=\"Mapa de Iniciativas\"  data-frmval=\"Seleccione\" data-reqmsg=\"Debe seleccionar por lo menos una opci\u00f3n\" data-invmsg=\"&lt;b&gt;Sobre que temas le gustar\u00eda recibir informaci\u00f3n&lt;\/b&gt; is invalid\"   \/> Mapa de Iniciativas<\/label><\/div>\n\t\t<div class=\"frm_checkbox\" id=\"frm_checkbox_8-4\">\t\t\t<label  for=\"field_jjoeq-4\">\n\t\t\t<input type=\"checkbox\" name=\"item_meta[8][]\" id=\"field_jjoeq-4\" value=\"Otro temas\"  data-frmval=\"Seleccione\" data-reqmsg=\"Debe seleccionar por lo menos una opci\u00f3n\" data-invmsg=\"&lt;b&gt;Sobre que temas le gustar\u00eda recibir informaci\u00f3n&lt;\/b&gt; is invalid\"   \/> Otro temas<\/label><\/div>\n\r\n    \r\n    \r\n<\/div><\/center>\n<div id=\"frm_field_9_container\" class=\"frm_form_field form-field  frm_none_container frm_half\">\r\n    <label for=\"g-recaptcha-response\" id=\"field_7a243_label\" class=\"frm_primary_label\">Captcha\r\n        <span class=\"frm_required\" aria-hidden=\"true\"><\/span>\r\n    <\/label>\r\n    \r\n    \r\n    \r\n<\/div>\n<div id=\"frm_field_16_container\" class=\"frm_form_field form-field \">\n\t<center><div class=\"frm_submit frm_flex\">\r\n<button class=\"frm_button_submit\" type=\"submit\"  >Enviar Suscripci\u00f3n<\/button>\r\n\r\n\r\n\r\n<\/div><\/center>\n<\/div>\n\t<input type=\"hidden\" name=\"item_key\" value=\"\" \/>\n\t\t\t<div id=\"frm_field_17_container\">\n\t\t\t<label for=\"field_339g1\" >\n\t\t\t\tIf you are human, leave this field blank.\t\t\t<\/label>\n\t\t\t<input  id=\"field_339g1\" type=\"text\" class=\"frm_form_field form-field frm_verify\" name=\"item_meta[17]\" value=\"\"  \/>\n\t\t<\/div>\n\t\t<input name=\"frm_state\" type=\"hidden\" value=\"+mA6WVdD3bF\/hsEv4Jf973Rghsqnl6e8IQXv74eiq2I=\" \/><\/div>\n<\/fieldset>\n<\/div>\n\n<\/form>\n<\/div>\n[\/vc_column_text][\/vc_column][\/vc_row][vc_row pix_particles_check=&#8221;&#8221;][vc_column][vc_empty_space height=&#8221;89px&#8221;][\/vc_column][\/vc_row]<\/p>\n<\/div>","protected":false},"excerpt":{"rendered":"[vc_row full_width=&#8221;stretch_row&#8221; pix_particles_check=&#8221;&#8221; css=&#8221;.vc_custom_1708086467872{background-image: url(https:\/\/fundacionexe.org.co\/wp-content\/uploads\/2024\/02\/fondo-herradura.png?id=213679) !important;background-position: center !important;background-repeat: no-repeat !important;background-size: cover !important;}&#8221;][vc_column][vc_text_separator title=&#8221;&#8221; align=&#8221;align_left&#8221; color=&#8221;custom&#8221; border_width=&#8221;2&#8243; el_width=&#8221;70&#8243; accent_color=&#8221;#15354e&#8221;][\/vc_column][\/vc_row][vc_row pix_particles_check=&#8221;&#8221; css=&#8221;.vc_custom_1708086660171{margin-top: 20px !important;}&#8221;][vc_column][vc_column_text][\/vc_column_text][\/vc_column][\/vc_row][vc_row pix_particles_check=&#8221;&#8221;][vc_column][vc_empty_space height=&#8221;89px&#8221;][\/vc_column][\/vc_row]","protected":false},"author":1,"featured_media":0,"parent":0,"menu_order":0,"comment_status":"closed","ping_status":"closed","template":"","meta":{"footnotes":""},"class_list":["post-218345","page","type-page","status-publish","hentry"],"yoast_head":"<!-- This site is optimized with the Yoast SEO plugin v27.4 - https:\/\/yoast.com\/product\/yoast-seo-wordpress\/ -->\n<title>Newsletter Subscription - Fundaci\u00f3n Empresarios por la Educaci\u00f3n FExE<\/title>\n<meta name=\"robots\" content=\"index, follow, max-snippet:-1, max-image-preview:large, max-video-preview:-1\" \/>\n<link rel=\"canonical\" href=\"https:\/\/fundacionexe.org.co\/en\/newsletter-subscription\/\" \/>\n<meta property=\"og:locale\" content=\"en_US\" \/>\n<meta property=\"og:type\" content=\"article\" \/>\n<meta property=\"og:title\" content=\"Newsletter Subscription - Fundaci\u00f3n Empresarios por la Educaci\u00f3n FExE\" \/>\n<meta property=\"og:description\" content=\"[vc_row full_width=&#8221;stretch_row&#8221; pix_particles_check=&#8221;&#8221; css=&#8221;.vc_custom_1708086467872{background-image: url(https:\/\/fundacionexe.org.co\/wp-content\/uploads\/2024\/02\/fondo-herradura.png?id=213679) !important;background-position: center !important;background-repeat: no-repeat !important;background-size: cover !important;}&#8221;][vc_column][vc_text_separator title=&#8221;&#8221; align=&#8221;align_left&#8221; color=&#8221;custom&#8221; border_width=&#8221;2&#8243; el_width=&#8221;70&#8243; accent_color=&#8221;#15354e&#8221;][\/vc_column][\/vc_row][vc_row pix_particles_check=&#8221;&#8221; css=&#8221;.vc_custom_1708086660171{margin-top: 20px !important;}&#8221;][vc_column][vc_column_text][\/vc_column_text][\/vc_column][\/vc_row][vc_row pix_particles_check=&#8221;&#8221;][vc_column][vc_empty_space height=&#8221;89px&#8221;][\/vc_column][\/vc_row]\" \/>\n<meta property=\"og:url\" content=\"https:\/\/fundacionexe.org.co\/en\/newsletter-subscription\/\" \/>\n<meta property=\"og:site_name\" content=\"Fundaci\u00f3n Empresarios por la Educaci\u00f3n FExE\" \/>\n<meta property=\"article:modified_time\" content=\"2024-03-09T00:17:46+00:00\" \/>\n<meta name=\"twitter:card\" content=\"summary_large_image\" \/>\n<meta name=\"twitter:label1\" content=\"Est. reading time\" \/>\n\t<meta name=\"twitter:data1\" content=\"1 minute\" \/>\n<script type=\"application\/ld+json\" class=\"yoast-schema-graph\">{\"@context\":\"https:\\\/\\\/schema.org\",\"@graph\":[{\"@type\":\"WebPage\",\"@id\":\"https:\\\/\\\/fundacionexe.org.co\\\/en\\\/newsletter-subscription\\\/\",\"url\":\"https:\\\/\\\/fundacionexe.org.co\\\/en\\\/newsletter-subscription\\\/\",\"name\":\"Newsletter Subscription - Fundaci\u00f3n Empresarios por la Educaci\u00f3n FExE\",\"isPartOf\":{\"@id\":\"https:\\\/\\\/fundacionexe.org.co\\\/en\\\/#website\"},\"datePublished\":\"2024-01-25T19:38:49+00:00\",\"dateModified\":\"2024-03-09T00:17:46+00:00\",\"breadcrumb\":{\"@id\":\"https:\\\/\\\/fundacionexe.org.co\\\/en\\\/newsletter-subscription\\\/#breadcrumb\"},\"inLanguage\":\"en-US\",\"potentialAction\":[{\"@type\":\"ReadAction\",\"target\":[\"https:\\\/\\\/fundacionexe.org.co\\\/en\\\/newsletter-subscription\\\/\"]}]},{\"@type\":\"BreadcrumbList\",\"@id\":\"https:\\\/\\\/fundacionexe.org.co\\\/en\\\/newsletter-subscription\\\/#breadcrumb\",\"itemListElement\":[{\"@type\":\"ListItem\",\"position\":1,\"name\":\"Portada\",\"item\":\"https:\\\/\\\/prod.fundacionexe.org.co\\\/en\\\/\"},{\"@type\":\"ListItem\",\"position\":2,\"name\":\"Newsletter Subscription\"}]},{\"@type\":\"WebSite\",\"@id\":\"https:\\\/\\\/fundacionexe.org.co\\\/en\\\/#website\",\"url\":\"https:\\\/\\\/fundacionexe.org.co\\\/en\\\/\",\"name\":\"Fundaci\u00f3n Empresarios por la Educaci\u00f3n FExE\",\"description\":\"Red de conocimiento independiente. Sumamos con informaci\u00f3n y evidencia para que Colombia d\u00e9 un salto en educaci\u00f3n de calidad.\",\"potentialAction\":[{\"@type\":\"SearchAction\",\"target\":{\"@type\":\"EntryPoint\",\"urlTemplate\":\"https:\\\/\\\/fundacionexe.org.co\\\/en\\\/?s={search_term_string}\"},\"query-input\":{\"@type\":\"PropertyValueSpecification\",\"valueRequired\":true,\"valueName\":\"search_term_string\"}}],\"inLanguage\":\"en-US\"}]}<\/script>\n<!-- \/ Yoast SEO plugin. -->","yoast_head_json":{"title":"Newsletter Subscription - Fundaci\u00f3n Empresarios por la Educaci\u00f3n FExE","robots":{"index":"index","follow":"follow","max-snippet":"max-snippet:-1","max-image-preview":"max-image-preview:large","max-video-preview":"max-video-preview:-1"},"canonical":"https:\/\/fundacionexe.org.co\/en\/newsletter-subscription\/","og_locale":"en_US","og_type":"article","og_title":"Newsletter Subscription - Fundaci\u00f3n Empresarios por la Educaci\u00f3n FExE","og_description":"[vc_row full_width=&#8221;stretch_row&#8221; pix_particles_check=&#8221;&#8221; css=&#8221;.vc_custom_1708086467872{background-image: url(https:\/\/fundacionexe.org.co\/wp-content\/uploads\/2024\/02\/fondo-herradura.png?id=213679) !important;background-position: center !important;background-repeat: no-repeat !important;background-size: cover !important;}&#8221;][vc_column][vc_text_separator title=&#8221;&#8221; align=&#8221;align_left&#8221; color=&#8221;custom&#8221; border_width=&#8221;2&#8243; el_width=&#8221;70&#8243; accent_color=&#8221;#15354e&#8221;][\/vc_column][\/vc_row][vc_row pix_particles_check=&#8221;&#8221; css=&#8221;.vc_custom_1708086660171{margin-top: 20px !important;}&#8221;][vc_column][vc_column_text][\/vc_column_text][\/vc_column][\/vc_row][vc_row pix_particles_check=&#8221;&#8221;][vc_column][vc_empty_space height=&#8221;89px&#8221;][\/vc_column][\/vc_row]","og_url":"https:\/\/fundacionexe.org.co\/en\/newsletter-subscription\/","og_site_name":"Fundaci\u00f3n Empresarios por la Educaci\u00f3n FExE","article_modified_time":"2024-03-09T00:17:46+00:00","twitter_card":"summary_large_image","twitter_misc":{"Est. reading time":"1 minute"},"schema":{"@context":"https:\/\/schema.org","@graph":[{"@type":"WebPage","@id":"https:\/\/fundacionexe.org.co\/en\/newsletter-subscription\/","url":"https:\/\/fundacionexe.org.co\/en\/newsletter-subscription\/","name":"Newsletter Subscription - Fundaci\u00f3n Empresarios por la Educaci\u00f3n FExE","isPartOf":{"@id":"https:\/\/fundacionexe.org.co\/en\/#website"},"datePublished":"2024-01-25T19:38:49+00:00","dateModified":"2024-03-09T00:17:46+00:00","breadcrumb":{"@id":"https:\/\/fundacionexe.org.co\/en\/newsletter-subscription\/#breadcrumb"},"inLanguage":"en-US","potentialAction":[{"@type":"ReadAction","target":["https:\/\/fundacionexe.org.co\/en\/newsletter-subscription\/"]}]},{"@type":"BreadcrumbList","@id":"https:\/\/fundacionexe.org.co\/en\/newsletter-subscription\/#breadcrumb","itemListElement":[{"@type":"ListItem","position":1,"name":"Portada","item":"https:\/\/prod.fundacionexe.org.co\/en\/"},{"@type":"ListItem","position":2,"name":"Newsletter Subscription"}]},{"@type":"WebSite","@id":"https:\/\/fundacionexe.org.co\/en\/#website","url":"https:\/\/fundacionexe.org.co\/en\/","name":"Fundaci\u00f3n Empresarios por la Educaci\u00f3n FExE","description":"Red de conocimiento independiente. Sumamos con informaci\u00f3n y evidencia para que Colombia d\u00e9 un salto en educaci\u00f3n de calidad.","potentialAction":[{"@type":"SearchAction","target":{"@type":"EntryPoint","urlTemplate":"https:\/\/fundacionexe.org.co\/en\/?s={search_term_string}"},"query-input":{"@type":"PropertyValueSpecification","valueRequired":true,"valueName":"search_term_string"}}],"inLanguage":"en-US"}]}},"_links":{"self":[{"href":"https:\/\/fundacionexe.org.co\/en\/wp-json\/wp\/v2\/pages\/218345","targetHints":{"allow":["GET"]}}],"collection":[{"href":"https:\/\/fundacionexe.org.co\/en\/wp-json\/wp\/v2\/pages"}],"about":[{"href":"https:\/\/fundacionexe.org.co\/en\/wp-json\/wp\/v2\/types\/page"}],"author":[{"embeddable":true,"href":"https:\/\/fundacionexe.org.co\/en\/wp-json\/wp\/v2\/users\/1"}],"replies":[{"embeddable":true,"href":"https:\/\/fundacionexe.org.co\/en\/wp-json\/wp\/v2\/comments?post=218345"}],"version-history":[{"count":2,"href":"https:\/\/fundacionexe.org.co\/en\/wp-json\/wp\/v2\/pages\/218345\/revisions"}],"predecessor-version":[{"id":218347,"href":"https:\/\/fundacionexe.org.co\/en\/wp-json\/wp\/v2\/pages\/218345\/revisions\/218347"}],"wp:attachment":[{"href":"https:\/\/fundacionexe.org.co\/en\/wp-json\/wp\/v2\/media?parent=218345"}],"curies":[{"name":"wp","href":"https:\/\/api.w.org\/{rel}","templated":true}]}}