{"id":219971,"date":"2024-04-04T03:32:24","date_gmt":"2024-04-04T01:32:24","guid":{"rendered":"https:\/\/fundacionexe.org.co\/?page_id=219971"},"modified":"2024-04-19T21:40:27","modified_gmt":"2024-04-19T19:40:27","slug":"mi-perfil","status":"publish","type":"page","link":"https:\/\/fundacionexe.org.co\/en\/mi-perfil\/","title":{"rendered":"Mi Perfil"},"content":{"rendered":"<div class=\"wpb-content-wrapper\"><p>[vc_section full_width=&#8221;stretch_row&#8221; content_placement=&#8221;middle&#8221; disable_element=&#8221;yes&#8221; fade_in_opacity=&#8221;pix-opacity-1&#8243; pix_over_visibility=&#8221;&#8221; css=&#8221;.vc_custom_1710161854691{background-color: #15354e !important;}&#8221; fade_in_intro=&#8221;213447&#8243; b_custom_height=&#8221;200px&#8221;][vc_row content_placement=&#8221;middle&#8221; pix_particles_check=&#8221;&#8221; css=&#8221;.vc_custom_1707929221461{margin-top: -50px !important;padding-top: 60px !important;padding-bottom: 60px !important;}&#8221;][vc_column width=&#8221;1\/2&#8243; content_align=&#8221;text-center&#8221; css=&#8221;.vc_custom_1590278076706{padding-top: 20px !important;padding-bottom: 20px !important;}&#8221;][vc_text_separator title=&#8221;&#8221; color=&#8221;white&#8221; border_width=&#8221;2&#8243;][vc_column_text]<\/p>\n<h2 style=\"text-align: center;\"><span style=\"color: #ffffff;\"><strong>Indicadores<\/strong><\/span><\/h2>\n<p>[\/vc_column_text][\/vc_column][vc_column width=&#8221;1\/2&#8243;]<div class=\"pix-el-text w-100 text-center \" ><p class=\"text-18  text-white text-center \" >Mapea y analiza informaci\u00f3n de las intervenciones realizadas dentro del pa\u00eds para apoyar la toma de decisiones basadas en datos sobre la inversi\u00f3n en el sector educativo.<\/p><\/div>[\/vc_column][\/vc_row][\/vc_section][vc_row pix_particles_check=&#8221;&#8221; css=&#8221;.vc_custom_1712198657605{margin-top: -30px !important;}&#8221;][vc_column width=&#8221;1\/2&#8243;][vc_column_text css=&#8221;.vc_custom_1713555619458{margin-top: 8px !important;}&#8221;][\/vc_column_text][\/vc_column][vc_column width=&#8221;1\/2&#8243;][vc_column_text][\/vc_column_text][\/vc_column][\/vc_row][vc_row full_width=&#8221;stretch_row_content&#8221; pix_particles_check=&#8221;&#8221; css=&#8221;.vc_custom_1712198667807{margin-top: -80px !important;}&#8221;][vc_column][vc_column_text css=&#8221;.vc_custom_1712194325916{margin-top: 50px !important;}&#8221;]<iframe loading=\"lazy\" style=\"height: 600; width: 100%;\" title=\"iframe\" src=\"https:\/\/fundacionexe.org.co\/siipe\/perfil-usuario\" width=\"100%\" height=\"600\" frameborder=\"0\"><\/iframe>[\/vc_column_text][\/vc_column][\/vc_row]<\/p>\n<\/div>","protected":false},"excerpt":{"rendered":"[vc_section full_width=&#8221;stretch_row&#8221; content_placement=&#8221;middle&#8221; disable_element=&#8221;yes&#8221; fade_in_opacity=&#8221;pix-opacity-1&#8243; pix_over_visibility=&#8221;&#8221; css=&#8221;.vc_custom_1710161854691{background-color: #15354e !important;}&#8221; fade_in_intro=&#8221;213447&#8243; b_custom_height=&#8221;200px&#8221;][vc_row content_placement=&#8221;middle&#8221; pix_particles_check=&#8221;&#8221; css=&#8221;.vc_custom_1707929221461{margin-top: -50px !important;padding-top: 60px !important;padding-bottom: 60px !important;}&#8221;][vc_column width=&#8221;1\/2&#8243; content_align=&#8221;text-center&#8221; css=&#8221;.vc_custom_1590278076706{padding-top: 20px !important;padding-bottom: 20px !important;}&#8221;][vc_text_separator title=&#8221;&#8221; color=&#8221;white&#8221; border_width=&#8221;2&#8243;][vc_column_text] Indicadores [\/vc_column_text][\/vc_column][vc_column width=&#8221;1\/2&#8243;][\/vc_column][\/vc_row][\/vc_section][vc_row pix_particles_check=&#8221;&#8221; css=&#8221;.vc_custom_1712198657605{margin-top: -30px !important;}&#8221;][vc_column width=&#8221;1\/2&#8243;][vc_column_text css=&#8221;.vc_custom_1713555619458{margin-top: 8px&#8230;","protected":false},"author":1,"featured_media":0,"parent":0,"menu_order":0,"comment_status":"closed","ping_status":"closed","template":"","meta":{"footnotes":""},"class_list":["post-219971","page","type-page","status-publish","hentry"],"yoast_head":"<!-- This site is optimized with the Yoast SEO plugin v27.2 - https:\/\/yoast.com\/product\/yoast-seo-wordpress\/ -->\n<title>Mi Perfil - Fundaci\u00f3n Empresarios por la Educaci\u00f3n FExE<\/title>\n<meta name=\"robots\" content=\"index, follow, max-snippet:-1, max-image-preview:large, max-video-preview:-1\" \/>\n<link rel=\"canonical\" href=\"https:\/\/fundacionexe.org.co\/en\/mi-perfil\/\" \/>\n<meta property=\"og:locale\" content=\"en_US\" \/>\n<meta property=\"og:type\" content=\"article\" \/>\n<meta property=\"og:title\" content=\"Mi Perfil - Fundaci\u00f3n Empresarios por la Educaci\u00f3n FExE\" \/>\n<meta property=\"og:description\" content=\"[vc_section full_width=&#8221;stretch_row&#8221; content_placement=&#8221;middle&#8221; disable_element=&#8221;yes&#8221; fade_in_opacity=&#8221;pix-opacity-1&#8243; pix_over_visibility=&#8221;&#8221; css=&#8221;.vc_custom_1710161854691{background-color: #15354e !important;}&#8221; fade_in_intro=&#8221;213447&#8243; b_custom_height=&#8221;200px&#8221;][vc_row content_placement=&#8221;middle&#8221; pix_particles_check=&#8221;&#8221; css=&#8221;.vc_custom_1707929221461{margin-top: -50px !important;padding-top: 60px !important;padding-bottom: 60px !important;}&#8221;][vc_column width=&#8221;1\/2&#8243; content_align=&#8221;text-center&#8221; css=&#8221;.vc_custom_1590278076706{padding-top: 20px !important;padding-bottom: 20px !important;}&#8221;][vc_text_separator title=&#8221;&#8221; color=&#8221;white&#8221; border_width=&#8221;2&#8243;][vc_column_text] Indicadores [\/vc_column_text][\/vc_column][vc_column width=&#8221;1\/2&#8243;][\/vc_column][\/vc_row][\/vc_section][vc_row pix_particles_check=&#8221;&#8221; css=&#8221;.vc_custom_1712198657605{margin-top: -30px !important;}&#8221;][vc_column width=&#8221;1\/2&#8243;][vc_column_text css=&#8221;.vc_custom_1713555619458{margin-top: 8px...\" \/>\n<meta property=\"og:url\" content=\"https:\/\/fundacionexe.org.co\/en\/mi-perfil\/\" \/>\n<meta property=\"og:site_name\" content=\"Fundaci\u00f3n Empresarios por la Educaci\u00f3n FExE\" \/>\n<meta property=\"article:modified_time\" content=\"2024-04-19T19:40:27+00:00\" \/>\n<meta name=\"twitter:card\" content=\"summary_large_image\" \/>\n<meta name=\"twitter:label1\" content=\"Est. reading time\" \/>\n\t<meta name=\"twitter:data1\" content=\"1 minute\" \/>\n<script type=\"application\/ld+json\" class=\"yoast-schema-graph\">{\"@context\":\"https:\/\/schema.org\",\"@graph\":[{\"@type\":\"WebPage\",\"@id\":\"https:\/\/fundacionexe.org.co\/en\/mi-perfil\/\",\"url\":\"https:\/\/fundacionexe.org.co\/en\/mi-perfil\/\",\"name\":\"Mi Perfil - Fundaci\u00f3n Empresarios por la Educaci\u00f3n FExE\",\"isPartOf\":{\"@id\":\"https:\/\/fundacionexe.org.co\/en\/#website\"},\"datePublished\":\"2024-04-04T01:32:24+00:00\",\"dateModified\":\"2024-04-19T19:40:27+00:00\",\"breadcrumb\":{\"@id\":\"https:\/\/fundacionexe.org.co\/en\/mi-perfil\/#breadcrumb\"},\"inLanguage\":\"en-US\",\"potentialAction\":[{\"@type\":\"ReadAction\",\"target\":[\"https:\/\/fundacionexe.org.co\/en\/mi-perfil\/\"]}]},{\"@type\":\"BreadcrumbList\",\"@id\":\"https:\/\/fundacionexe.org.co\/en\/mi-perfil\/#breadcrumb\",\"itemListElement\":[{\"@type\":\"ListItem\",\"position\":1,\"name\":\"Portada\",\"item\":\"https:\/\/fundacionexe.org.co\/en\/\"},{\"@type\":\"ListItem\",\"position\":2,\"name\":\"Mi Perfil\"}]},{\"@type\":\"WebSite\",\"@id\":\"https:\/\/fundacionexe.org.co\/en\/#website\",\"url\":\"https:\/\/fundacionexe.org.co\/en\/\",\"name\":\"Fundaci\u00f3n Empresarios por la Educaci\u00f3n FExE\",\"description\":\"Red de conocimiento independiente. Sumamos con informaci\u00f3n y evidencia para que Colombia d\u00e9 un salto en educaci\u00f3n de calidad.\",\"potentialAction\":[{\"@type\":\"SearchAction\",\"target\":{\"@type\":\"EntryPoint\",\"urlTemplate\":\"https:\/\/fundacionexe.org.co\/en\/?s={search_term_string}\"},\"query-input\":{\"@type\":\"PropertyValueSpecification\",\"valueRequired\":true,\"valueName\":\"search_term_string\"}}],\"inLanguage\":\"en-US\"}]}<\/script>\n<!-- \/ Yoast SEO plugin. -->","yoast_head_json":{"title":"Mi Perfil - Fundaci\u00f3n Empresarios por la Educaci\u00f3n FExE","robots":{"index":"index","follow":"follow","max-snippet":"max-snippet:-1","max-image-preview":"max-image-preview:large","max-video-preview":"max-video-preview:-1"},"canonical":"https:\/\/fundacionexe.org.co\/en\/mi-perfil\/","og_locale":"en_US","og_type":"article","og_title":"Mi Perfil - Fundaci\u00f3n Empresarios por la Educaci\u00f3n FExE","og_description":"[vc_section full_width=&#8221;stretch_row&#8221; content_placement=&#8221;middle&#8221; disable_element=&#8221;yes&#8221; fade_in_opacity=&#8221;pix-opacity-1&#8243; pix_over_visibility=&#8221;&#8221; css=&#8221;.vc_custom_1710161854691{background-color: #15354e !important;}&#8221; fade_in_intro=&#8221;213447&#8243; b_custom_height=&#8221;200px&#8221;][vc_row content_placement=&#8221;middle&#8221; pix_particles_check=&#8221;&#8221; css=&#8221;.vc_custom_1707929221461{margin-top: -50px !important;padding-top: 60px !important;padding-bottom: 60px !important;}&#8221;][vc_column width=&#8221;1\/2&#8243; content_align=&#8221;text-center&#8221; css=&#8221;.vc_custom_1590278076706{padding-top: 20px !important;padding-bottom: 20px !important;}&#8221;][vc_text_separator title=&#8221;&#8221; color=&#8221;white&#8221; border_width=&#8221;2&#8243;][vc_column_text] Indicadores [\/vc_column_text][\/vc_column][vc_column width=&#8221;1\/2&#8243;][\/vc_column][\/vc_row][\/vc_section][vc_row pix_particles_check=&#8221;&#8221; css=&#8221;.vc_custom_1712198657605{margin-top: -30px !important;}&#8221;][vc_column width=&#8221;1\/2&#8243;][vc_column_text css=&#8221;.vc_custom_1713555619458{margin-top: 8px...","og_url":"https:\/\/fundacionexe.org.co\/en\/mi-perfil\/","og_site_name":"Fundaci\u00f3n Empresarios por la Educaci\u00f3n FExE","article_modified_time":"2024-04-19T19:40:27+00:00","twitter_card":"summary_large_image","twitter_misc":{"Est. reading time":"1 minute"},"schema":{"@context":"https:\/\/schema.org","@graph":[{"@type":"WebPage","@id":"https:\/\/fundacionexe.org.co\/en\/mi-perfil\/","url":"https:\/\/fundacionexe.org.co\/en\/mi-perfil\/","name":"Mi Perfil - Fundaci\u00f3n Empresarios por la Educaci\u00f3n FExE","isPartOf":{"@id":"https:\/\/fundacionexe.org.co\/en\/#website"},"datePublished":"2024-04-04T01:32:24+00:00","dateModified":"2024-04-19T19:40:27+00:00","breadcrumb":{"@id":"https:\/\/fundacionexe.org.co\/en\/mi-perfil\/#breadcrumb"},"inLanguage":"en-US","potentialAction":[{"@type":"ReadAction","target":["https:\/\/fundacionexe.org.co\/en\/mi-perfil\/"]}]},{"@type":"BreadcrumbList","@id":"https:\/\/fundacionexe.org.co\/en\/mi-perfil\/#breadcrumb","itemListElement":[{"@type":"ListItem","position":1,"name":"Portada","item":"https:\/\/fundacionexe.org.co\/en\/"},{"@type":"ListItem","position":2,"name":"Mi Perfil"}]},{"@type":"WebSite","@id":"https:\/\/fundacionexe.org.co\/en\/#website","url":"https:\/\/fundacionexe.org.co\/en\/","name":"Fundaci\u00f3n Empresarios por la Educaci\u00f3n FExE","description":"Red de conocimiento independiente. Sumamos con informaci\u00f3n y evidencia para que Colombia d\u00e9 un salto en educaci\u00f3n de calidad.","potentialAction":[{"@type":"SearchAction","target":{"@type":"EntryPoint","urlTemplate":"https:\/\/fundacionexe.org.co\/en\/?s={search_term_string}"},"query-input":{"@type":"PropertyValueSpecification","valueRequired":true,"valueName":"search_term_string"}}],"inLanguage":"en-US"}]}},"_links":{"self":[{"href":"https:\/\/fundacionexe.org.co\/en\/wp-json\/wp\/v2\/pages\/219971","targetHints":{"allow":["GET"]}}],"collection":[{"href":"https:\/\/fundacionexe.org.co\/en\/wp-json\/wp\/v2\/pages"}],"about":[{"href":"https:\/\/fundacionexe.org.co\/en\/wp-json\/wp\/v2\/types\/page"}],"author":[{"embeddable":true,"href":"https:\/\/fundacionexe.org.co\/en\/wp-json\/wp\/v2\/users\/1"}],"replies":[{"embeddable":true,"href":"https:\/\/fundacionexe.org.co\/en\/wp-json\/wp\/v2\/comments?post=219971"}],"version-history":[{"count":11,"href":"https:\/\/fundacionexe.org.co\/en\/wp-json\/wp\/v2\/pages\/219971\/revisions"}],"predecessor-version":[{"id":220104,"href":"https:\/\/fundacionexe.org.co\/en\/wp-json\/wp\/v2\/pages\/219971\/revisions\/220104"}],"wp:attachment":[{"href":"https:\/\/fundacionexe.org.co\/en\/wp-json\/wp\/v2\/media?parent=219971"}],"curies":[{"name":"wp","href":"https:\/\/api.w.org\/{rel}","templated":true}]}}