{"id":220812,"date":"2024-06-27T18:02:47","date_gmt":"2024-06-27T16:02:47","guid":{"rendered":"https:\/\/fundacionexe.org.co\/?page_id=220812"},"modified":"2025-07-18T18:02:21","modified_gmt":"2025-07-18T16:02:21","slug":"documentacion-legal","status":"publish","type":"page","link":"https:\/\/fundacionexe.org.co\/en\/documentacion-legal\/","title":{"rendered":"Documentaci\u00f3n"},"content":{"rendered":"<div class=\"wpb-content-wrapper\"><p>[vc_row pix_particles_check=&#8221;&#8221;][vc_column]<div id=\"el1719504435654-697ff406-59b2\" class=\"mb-3 text-left \"><h1 class=\"mb-32 pix-sliding-headline-2 animate-in font-weight-bold secondary-font \" data-anim-type=\"pix-sliding-text\" data-class=\"secondary-font text-heading-default\" style=\"\"><span class=\"slide-in-container \"><span class=\"pix-sliding-item secondary-font text-heading-default\" style=\"transition-delay: 0ms;\">Documentaci\u00f3n&#32;<\/span><\/span> <\/h1><\/div>[vc_separator color=&#8221;black&#8221; align=&#8221;align_left&#8221; el_width=&#8221;60&#8243; css=&#8221;.vc_custom_1721232551352{background-image: url(https:\/\/fundacionexe.org.co\/wp-content\/uploads\/2024\/02\/fondo-seccion.png?id=213353) !important;}&#8221;][\/vc_column][\/vc_row][vc_row pix_particles_check=&#8221;&#8221;][vc_column width=&#8221;1\/2&#8243;]<div id=\"el1752789324603-1dbcb70b-aa95\" class=\"mb-3 text-center  vc_custom_1752854538189\"><h3 class=\"mb-32 pix-sliding-headline-2 animate-in font-weight-bold secondary-font \" data-anim-type=\"pix-sliding-text\" data-class=\"secondary-font text-heading-default\" style=\"\"><span class=\"slide-in-container \"><span class=\"pix-sliding-item secondary-font text-heading-default\" style=\"transition-delay: 0ms;\">Informes&#32;<\/span><\/span> <span class=\"slide-in-container \"><span class=\"pix-sliding-item secondary-font text-heading-default\" style=\"transition-delay: 150ms;\">de&#32;<\/span><\/span> <span class=\"slide-in-container \"><span class=\"pix-sliding-item secondary-font text-heading-default\" style=\"transition-delay: 300ms;\">gesti\u00f3n&#32;<\/span><\/span> <\/h3><\/div>[\/vc_column][vc_column width=&#8221;1\/2&#8243;]<div id=\"el1752789324603-1dbcb70b-aa95\" class=\"mb-3 text-center  vc_custom_1752854527780\"><h3 class=\"mb-32 pix-sliding-headline-2 animate-in font-weight-bold secondary-font \" data-anim-type=\"pix-sliding-text\" data-class=\"secondary-font text-heading-default\" style=\"\"><span class=\"slide-in-container \"><span class=\"pix-sliding-item secondary-font text-heading-default\" style=\"transition-delay: 0ms;\">Documentaci\u00f3n&#32;<\/span><\/span> <span class=\"slide-in-container \"><span class=\"pix-sliding-item secondary-font text-heading-default\" style=\"transition-delay: 150ms;\">2024&#32;<\/span><\/span> <\/h3><\/div>[\/vc_column][\/vc_row][vc_row pix_particles_check=&#8221;&#8221;][vc_column width=&#8221;1\/2&#8243;][vc_empty_space]<div class=\" mb-3 mb-md-0 \"  ><div class=\"card w-100 h-100 bg-black   pix-hover-item rounded-0 position-relative text-white tilt fancy_card\" ><img loading=\"lazy\" decoding=\"async\" width=\"640\" height=\"464\" src=\"https:\/\/fundacionexe.org.co\/wp-content\/uploads\/2025\/02\/4-100-1024x743.jpg\" class=\"card-img pix-bg-image rounded-0 h-100 pix-opacity-3 pix-hover-opacity-7\" alt=\"\" srcset=\"https:\/\/fundacionexe.org.co\/wp-content\/uploads\/2025\/02\/4-100-1024x743.jpg 1024w, https:\/\/fundacionexe.org.co\/wp-content\/uploads\/2025\/02\/4-100-300x218.jpg 300w, https:\/\/fundacionexe.org.co\/wp-content\/uploads\/2025\/02\/4-100-768x558.jpg 768w, https:\/\/fundacionexe.org.co\/wp-content\/uploads\/2025\/02\/4-100-1536x1115.jpg 1536w, https:\/\/fundacionexe.org.co\/wp-content\/uploads\/2025\/02\/4-100.jpg 1613w\" sizes=\"auto, (max-width: 640px) 100vw, 640px\" \/><div class=\"card-img-overlay overflow-visible d-inline-block w-100 pix-img-overlay pix-p-30 d-flex align-items-end text-left\"><div class=\"w-100 \"><h3 class=\"card-title  text-secondary font-weight-bold mb-0 animate-in\" style=\"\">Informe de Gesti\u00f3n 2024<\/h3><p class=\"card-text pix-pt-10 text-light-opacity-5 \" style=\"\"><\/p><div class=\"card-btn-div mt-4 d-inline-block w-100\"><a  href=\"https:\/\/fundacionexe.org.co\/informe-de-gestion-2024\/\" class=\"btn mb-2      btn-line-white d-inline-flex align-items-center      btn-md\" target=\"_blank\" rel=\"noopener\"    ><span class=\"font-weight-bold \" >Conocer m\u00e1s<\/span><\/a><\/div><\/div><\/div><\/div><\/div>[\/vc_column][vc_column width=&#8221;1\/2&#8243;]<div id=\"accordion-4b41e32bc5e5d2e761a78a356b916913\" class=\"w-100  \" ><div class=\"py-2 \"  ><div class=\"pix-feature-list   font-weight-bold     py-2 d-flex align-items-center\" ><a class=\"d-flex align-items-center\" href=\"https:\/\/fundacionexe.org.co\/wp-content\/uploads\/2025\/07\/Antecedentes-Directivos-2025-firmado-1.pdf\" target=\"\"><div class=\"d-inline-flex align-items-center pix-mr-10 text-primary\" style=\"font-size:1.2em;position:relative;line-height:1em;text-align:center;\"><svg class=\"pixfort-icon \" width=\"24\" height=\"24\"  data-name=\"Line\/pixfort-icon-bookmark-3\" viewBox=\"2 2 20 20\"><path fill=\"none\" stroke=\"var(--pf-icon-color)\" stroke-linecap=\"round\" stroke-linejoin=\"round\" stroke-width=\"var(--pf-icon-stroke-width)\" d=\"M12,20 C9,18.38 6,17.9875 3,19 L3,5 C6,3.38 9,3.9875 12,5 M12,5 C15,3.9875 18,3.38 21,5 L21,19 C18,17.9875 15,18.38 12,20 L12,5 Z\"\/><\/svg><\/div><span class=\"text-primary\">Antecedentes Directivos 2025<\/span><\/a><\/div><div class=\"pix-feature-list   font-weight-bold     py-2 d-flex align-items-center\" ><a class=\"d-flex align-items-center\" href=\"https:\/\/fundacionexe.org.co\/wp-content\/uploads\/2025\/07\/Certificacio\u0301n-revisor-fiscal-regimen-trib-32271.pdf\" target=\"\"><div class=\"d-inline-flex align-items-center pix-mr-10 text-primary\" style=\"font-size:1.2em;position:relative;line-height:1em;text-align:center;\"><svg class=\"pixfort-icon \" width=\"24\" height=\"24\"  data-name=\"Line\/pixfort-icon-bookmark-3\" viewBox=\"2 2 20 20\"><path fill=\"none\" stroke=\"var(--pf-icon-color)\" stroke-linecap=\"round\" stroke-linejoin=\"round\" stroke-width=\"var(--pf-icon-stroke-width)\" d=\"M12,20 C9,18.38 6,17.9875 3,19 L3,5 C6,3.38 9,3.9875 12,5 M12,5 C15,3.9875 18,3.38 21,5 L21,19 C18,17.9875 15,18.38 12,20 L12,5 Z\"\/><\/svg><\/div><span class=\"text-primary\">Certificaci\u00f3n revisor fiscal<\/span><\/a><\/div><div class=\"pix-feature-list   font-weight-bold     py-2 d-flex align-items-center\" ><a class=\"d-flex align-items-center\" href=\"https:\/\/fundacionexe.org.co\/wp-content\/uploads\/2025\/07\/Certificado-Estados-Financieros-Dic-23-24.pdf\" target=\"\"><div class=\"d-inline-flex align-items-center pix-mr-10 text-primary\" style=\"font-size:1.2em;position:relative;line-height:1em;text-align:center;\"><svg class=\"pixfort-icon \" width=\"24\" height=\"24\"  data-name=\"Line\/pixfort-icon-bookmark-3\" viewBox=\"2 2 20 20\"><path fill=\"none\" stroke=\"var(--pf-icon-color)\" stroke-linecap=\"round\" stroke-linejoin=\"round\" stroke-width=\"var(--pf-icon-stroke-width)\" d=\"M12,20 C9,18.38 6,17.9875 3,19 L3,5 C6,3.38 9,3.9875 12,5 M12,5 C15,3.9875 18,3.38 21,5 L21,19 C18,17.9875 15,18.38 12,20 L12,5 Z\"\/><\/svg><\/div><span class=\"text-primary\">Certificado estados financieros<\/span><\/a><\/div><div class=\"pix-feature-list   font-weight-bold     py-2 d-flex align-items-center\" ><a class=\"d-flex align-items-center\" href=\"https:\/\/fundacionexe.org.co\/wp-content\/uploads\/2025\/07\/Estados-Financieros-FEXE-2023-2024.pdf\" target=\"\"><div class=\"d-inline-flex align-items-center pix-mr-10 text-primary\" style=\"font-size:1.2em;position:relative;line-height:1em;text-align:center;\"><svg class=\"pixfort-icon \" width=\"24\" height=\"24\"  data-name=\"Line\/pixfort-icon-bookmark-3\" viewBox=\"2 2 20 20\"><path fill=\"none\" stroke=\"var(--pf-icon-color)\" stroke-linecap=\"round\" stroke-linejoin=\"round\" stroke-width=\"var(--pf-icon-stroke-width)\" d=\"M12,20 C9,18.38 6,17.9875 3,19 L3,5 C6,3.38 9,3.9875 12,5 M12,5 C15,3.9875 18,3.38 21,5 L21,19 C18,17.9875 15,18.38 12,20 L12,5 Z\"\/><\/svg><\/div><span class=\"text-primary\">Estados Financieros 2023-2024<\/span><\/a><\/div><div class=\"pix-feature-list   font-weight-bold     py-2 d-flex align-items-center\" ><a class=\"d-flex align-items-center\" href=\"https:\/\/fundacionexe.org.co\/wp-content\/uploads\/2025\/07\/FEXE-Pago-directivos-2024-firmado.pdf\" target=\"\"><div class=\"d-inline-flex align-items-center pix-mr-10 text-primary\" style=\"font-size:1.2em;position:relative;line-height:1em;text-align:center;\"><svg class=\"pixfort-icon \" width=\"24\" height=\"24\"  data-name=\"Line\/pixfort-icon-bookmark-3\" viewBox=\"2 2 20 20\"><path fill=\"none\" stroke=\"var(--pf-icon-color)\" stroke-linecap=\"round\" stroke-linejoin=\"round\" stroke-width=\"var(--pf-icon-stroke-width)\" d=\"M12,20 C9,18.38 6,17.9875 3,19 L3,5 C6,3.38 9,3.9875 12,5 M12,5 C15,3.9875 18,3.38 21,5 L21,19 C18,17.9875 15,18.38 12,20 L12,5 Z\"\/><\/svg><\/div><span class=\"text-primary\">Pago directivos 2024<\/span><\/a><\/div><div class=\"pix-feature-list   font-weight-bold     py-2 d-flex align-items-center\" ><a class=\"d-flex align-items-center\" href=\"https:\/\/fundacionexe.org.co\/wp-content\/uploads\/2025\/07\/Memoria-Economica-2024-firmado.pdf\" target=\"\"><div class=\"d-inline-flex align-items-center pix-mr-10 text-primary\" style=\"font-size:1.2em;position:relative;line-height:1em;text-align:center;\"><svg class=\"pixfort-icon \" width=\"24\" height=\"24\"  data-name=\"Line\/pixfort-icon-bookmark-3\" viewBox=\"2 2 20 20\"><path fill=\"none\" stroke=\"var(--pf-icon-color)\" stroke-linecap=\"round\" stroke-linejoin=\"round\" stroke-width=\"var(--pf-icon-stroke-width)\" d=\"M12,20 C9,18.38 6,17.9875 3,19 L3,5 C6,3.38 9,3.9875 12,5 M12,5 C15,3.9875 18,3.38 21,5 L21,19 C18,17.9875 15,18.38 12,20 L12,5 Z\"\/><\/svg><\/div><span class=\"text-primary\">Memoria Econ\u00f3mica 2024<\/span><\/a><\/div><div class=\"pix-feature-list   font-weight-bold     py-2 d-flex align-items-center\" ><a class=\"d-flex align-items-center\" href=\"https:\/\/fundacionexe.org.co\/wp-content\/uploads\/2025\/07\/Objeto-Fundacion-2025-firmado.pdf\" target=\"\"><div class=\"d-inline-flex align-items-center pix-mr-10 text-primary\" style=\"font-size:1.2em;position:relative;line-height:1em;text-align:center;\"><svg class=\"pixfort-icon \" width=\"24\" height=\"24\"  data-name=\"Line\/pixfort-icon-bookmark-3\" viewBox=\"2 2 20 20\"><path fill=\"none\" stroke=\"var(--pf-icon-color)\" stroke-linecap=\"round\" stroke-linejoin=\"round\" stroke-width=\"var(--pf-icon-stroke-width)\" d=\"M12,20 C9,18.38 6,17.9875 3,19 L3,5 C6,3.38 9,3.9875 12,5 M12,5 C15,3.9875 18,3.38 21,5 L21,19 C18,17.9875 15,18.38 12,20 L12,5 Z\"\/><\/svg><\/div><span class=\"text-primary\">Objeto Fundaci\u00f3n 2025<\/span><\/a><\/div><div class=\"pix-feature-list   font-weight-bold     py-2 d-flex align-items-center\" ><a class=\"d-flex align-items-center\" href=\"https:\/\/fundacionexe.org.co\/wp-content\/uploads\/2025\/07\/Regimen-Especial-DIAN-2025.pdf\" target=\"\"><div class=\"d-inline-flex align-items-center pix-mr-10 text-primary\" style=\"font-size:1.2em;position:relative;line-height:1em;text-align:center;\"><svg class=\"pixfort-icon \" width=\"24\" height=\"24\"  data-name=\"Line\/pixfort-icon-bookmark-3\" viewBox=\"2 2 20 20\"><path fill=\"none\" stroke=\"var(--pf-icon-color)\" stroke-linecap=\"round\" stroke-linejoin=\"round\" stroke-width=\"var(--pf-icon-stroke-width)\" d=\"M12,20 C9,18.38 6,17.9875 3,19 L3,5 C6,3.38 9,3.9875 12,5 M12,5 C15,3.9875 18,3.38 21,5 L21,19 C18,17.9875 15,18.38 12,20 L12,5 Z\"\/><\/svg><\/div><span class=\"text-primary\">RUT 2025<\/span><\/a><\/div><\/div><\/div>[\/vc_column][\/vc_row]<\/p>\n<\/div>","protected":false},"excerpt":{"rendered":"[vc_row pix_particles_check=&#8221;&#8221;][vc_column][vc_separator color=&#8221;black&#8221; align=&#8221;align_left&#8221; el_width=&#8221;60&#8243; css=&#8221;.vc_custom_1721232551352{background-image: url(https:\/\/fundacionexe.org.co\/wp-content\/uploads\/2024\/02\/fondo-seccion.png?id=213353) !important;}&#8221;][\/vc_column][\/vc_row][vc_row pix_particles_check=&#8221;&#8221;][vc_column width=&#8221;1\/2&#8243;][\/vc_column][vc_column width=&#8221;1\/2&#8243;][\/vc_column][\/vc_row][vc_row pix_particles_check=&#8221;&#8221;][vc_column width=&#8221;1\/2&#8243;][vc_empty_space][\/vc_column][vc_column width=&#8221;1\/2&#8243;][\/vc_column][\/vc_row]","protected":false},"author":884,"featured_media":0,"parent":0,"menu_order":0,"comment_status":"closed","ping_status":"closed","template":"","meta":{"footnotes":""},"class_list":["post-220812","page","type-page","status-publish","hentry"],"yoast_head":"<!-- This site is optimized with the Yoast SEO plugin v27.4 - https:\/\/yoast.com\/product\/yoast-seo-wordpress\/ -->\n<title>Documentaci\u00f3n - Fundaci\u00f3n Empresarios por la Educaci\u00f3n FExE<\/title>\n<meta name=\"robots\" content=\"index, follow, max-snippet:-1, max-image-preview:large, max-video-preview:-1\" \/>\n<link rel=\"canonical\" href=\"https:\/\/fundacionexe.org.co\/en\/documentacion-legal\/\" \/>\n<meta property=\"og:locale\" content=\"en_US\" \/>\n<meta property=\"og:type\" content=\"article\" \/>\n<meta property=\"og:title\" content=\"Documentaci\u00f3n - Fundaci\u00f3n Empresarios por la Educaci\u00f3n FExE\" \/>\n<meta property=\"og:description\" content=\"[vc_row pix_particles_check=&#8221;&#8221;][vc_column][vc_separator color=&#8221;black&#8221; align=&#8221;align_left&#8221; el_width=&#8221;60&#8243; css=&#8221;.vc_custom_1721232551352{background-image: url(https:\/\/fundacionexe.org.co\/wp-content\/uploads\/2024\/02\/fondo-seccion.png?id=213353) !important;}&#8221;][\/vc_column][\/vc_row][vc_row pix_particles_check=&#8221;&#8221;][vc_column width=&#8221;1\/2&#8243;][\/vc_column][vc_column width=&#8221;1\/2&#8243;][\/vc_column][\/vc_row][vc_row pix_particles_check=&#8221;&#8221;][vc_column width=&#8221;1\/2&#8243;][vc_empty_space][\/vc_column][vc_column width=&#8221;1\/2&#8243;][\/vc_column][\/vc_row]\" \/>\n<meta property=\"og:url\" content=\"https:\/\/fundacionexe.org.co\/en\/documentacion-legal\/\" \/>\n<meta property=\"og:site_name\" content=\"Fundaci\u00f3n Empresarios por la Educaci\u00f3n FExE\" \/>\n<meta property=\"article:modified_time\" content=\"2025-07-18T16:02:21+00:00\" \/>\n<meta name=\"twitter:card\" content=\"summary_large_image\" \/>\n<meta name=\"twitter:label1\" content=\"Est. reading time\" \/>\n\t<meta name=\"twitter:data1\" content=\"1 minute\" \/>\n<script type=\"application\/ld+json\" class=\"yoast-schema-graph\">{\"@context\":\"https:\\\/\\\/schema.org\",\"@graph\":[{\"@type\":\"WebPage\",\"@id\":\"https:\\\/\\\/fundacionexe.org.co\\\/en\\\/documentacion-legal\\\/\",\"url\":\"https:\\\/\\\/fundacionexe.org.co\\\/en\\\/documentacion-legal\\\/\",\"name\":\"Documentaci\u00f3n - Fundaci\u00f3n Empresarios por la Educaci\u00f3n FExE\",\"isPartOf\":{\"@id\":\"https:\\\/\\\/cajadeherramientas.fundacionexe.org.co\\\/en\\\/#website\"},\"datePublished\":\"2024-06-27T16:02:47+00:00\",\"dateModified\":\"2025-07-18T16:02:21+00:00\",\"breadcrumb\":{\"@id\":\"https:\\\/\\\/fundacionexe.org.co\\\/en\\\/documentacion-legal\\\/#breadcrumb\"},\"inLanguage\":\"en-US\",\"potentialAction\":[{\"@type\":\"ReadAction\",\"target\":[\"https:\\\/\\\/fundacionexe.org.co\\\/en\\\/documentacion-legal\\\/\"]}]},{\"@type\":\"BreadcrumbList\",\"@id\":\"https:\\\/\\\/fundacionexe.org.co\\\/en\\\/documentacion-legal\\\/#breadcrumb\",\"itemListElement\":[{\"@type\":\"ListItem\",\"position\":1,\"name\":\"Portada\",\"item\":\"https:\\\/\\\/prod.fundacionexe.org.co\\\/en\\\/\"},{\"@type\":\"ListItem\",\"position\":2,\"name\":\"Documentaci\u00f3n\"}]},{\"@type\":\"WebSite\",\"@id\":\"https:\\\/\\\/cajadeherramientas.fundacionexe.org.co\\\/en\\\/#website\",\"url\":\"https:\\\/\\\/cajadeherramientas.fundacionexe.org.co\\\/en\\\/\",\"name\":\"Fundaci\u00f3n Empresarios por la Educaci\u00f3n FExE\",\"description\":\"Red de conocimiento independiente. Sumamos con informaci\u00f3n y evidencia para que Colombia d\u00e9 un salto en educaci\u00f3n de calidad.\",\"potentialAction\":[{\"@type\":\"SearchAction\",\"target\":{\"@type\":\"EntryPoint\",\"urlTemplate\":\"https:\\\/\\\/cajadeherramientas.fundacionexe.org.co\\\/en\\\/?s={search_term_string}\"},\"query-input\":{\"@type\":\"PropertyValueSpecification\",\"valueRequired\":true,\"valueName\":\"search_term_string\"}}],\"inLanguage\":\"en-US\"}]}<\/script>\n<!-- \/ Yoast SEO plugin. -->","yoast_head_json":{"title":"Documentaci\u00f3n - Fundaci\u00f3n Empresarios por la Educaci\u00f3n FExE","robots":{"index":"index","follow":"follow","max-snippet":"max-snippet:-1","max-image-preview":"max-image-preview:large","max-video-preview":"max-video-preview:-1"},"canonical":"https:\/\/fundacionexe.org.co\/en\/documentacion-legal\/","og_locale":"en_US","og_type":"article","og_title":"Documentaci\u00f3n - Fundaci\u00f3n Empresarios por la Educaci\u00f3n FExE","og_description":"[vc_row pix_particles_check=&#8221;&#8221;][vc_column][vc_separator color=&#8221;black&#8221; align=&#8221;align_left&#8221; el_width=&#8221;60&#8243; css=&#8221;.vc_custom_1721232551352{background-image: url(https:\/\/fundacionexe.org.co\/wp-content\/uploads\/2024\/02\/fondo-seccion.png?id=213353) !important;}&#8221;][\/vc_column][\/vc_row][vc_row pix_particles_check=&#8221;&#8221;][vc_column width=&#8221;1\/2&#8243;][\/vc_column][vc_column width=&#8221;1\/2&#8243;][\/vc_column][\/vc_row][vc_row pix_particles_check=&#8221;&#8221;][vc_column width=&#8221;1\/2&#8243;][vc_empty_space][\/vc_column][vc_column width=&#8221;1\/2&#8243;][\/vc_column][\/vc_row]","og_url":"https:\/\/fundacionexe.org.co\/en\/documentacion-legal\/","og_site_name":"Fundaci\u00f3n Empresarios por la Educaci\u00f3n FExE","article_modified_time":"2025-07-18T16:02:21+00:00","twitter_card":"summary_large_image","twitter_misc":{"Est. reading time":"1 minute"},"schema":{"@context":"https:\/\/schema.org","@graph":[{"@type":"WebPage","@id":"https:\/\/fundacionexe.org.co\/en\/documentacion-legal\/","url":"https:\/\/fundacionexe.org.co\/en\/documentacion-legal\/","name":"Documentaci\u00f3n - Fundaci\u00f3n Empresarios por la Educaci\u00f3n FExE","isPartOf":{"@id":"https:\/\/cajadeherramientas.fundacionexe.org.co\/en\/#website"},"datePublished":"2024-06-27T16:02:47+00:00","dateModified":"2025-07-18T16:02:21+00:00","breadcrumb":{"@id":"https:\/\/fundacionexe.org.co\/en\/documentacion-legal\/#breadcrumb"},"inLanguage":"en-US","potentialAction":[{"@type":"ReadAction","target":["https:\/\/fundacionexe.org.co\/en\/documentacion-legal\/"]}]},{"@type":"BreadcrumbList","@id":"https:\/\/fundacionexe.org.co\/en\/documentacion-legal\/#breadcrumb","itemListElement":[{"@type":"ListItem","position":1,"name":"Portada","item":"https:\/\/prod.fundacionexe.org.co\/en\/"},{"@type":"ListItem","position":2,"name":"Documentaci\u00f3n"}]},{"@type":"WebSite","@id":"https:\/\/cajadeherramientas.fundacionexe.org.co\/en\/#website","url":"https:\/\/cajadeherramientas.fundacionexe.org.co\/en\/","name":"Fundaci\u00f3n Empresarios por la Educaci\u00f3n FExE","description":"Red de conocimiento independiente. Sumamos con informaci\u00f3n y evidencia para que Colombia d\u00e9 un salto en educaci\u00f3n de calidad.","potentialAction":[{"@type":"SearchAction","target":{"@type":"EntryPoint","urlTemplate":"https:\/\/cajadeherramientas.fundacionexe.org.co\/en\/?s={search_term_string}"},"query-input":{"@type":"PropertyValueSpecification","valueRequired":true,"valueName":"search_term_string"}}],"inLanguage":"en-US"}]}},"_links":{"self":[{"href":"https:\/\/fundacionexe.org.co\/en\/wp-json\/wp\/v2\/pages\/220812","targetHints":{"allow":["GET"]}}],"collection":[{"href":"https:\/\/fundacionexe.org.co\/en\/wp-json\/wp\/v2\/pages"}],"about":[{"href":"https:\/\/fundacionexe.org.co\/en\/wp-json\/wp\/v2\/types\/page"}],"author":[{"embeddable":true,"href":"https:\/\/fundacionexe.org.co\/en\/wp-json\/wp\/v2\/users\/884"}],"replies":[{"embeddable":true,"href":"https:\/\/fundacionexe.org.co\/en\/wp-json\/wp\/v2\/comments?post=220812"}],"version-history":[{"count":19,"href":"https:\/\/fundacionexe.org.co\/en\/wp-json\/wp\/v2\/pages\/220812\/revisions"}],"predecessor-version":[{"id":225016,"href":"https:\/\/fundacionexe.org.co\/en\/wp-json\/wp\/v2\/pages\/220812\/revisions\/225016"}],"wp:attachment":[{"href":"https:\/\/fundacionexe.org.co\/en\/wp-json\/wp\/v2\/media?parent=220812"}],"curies":[{"name":"wp","href":"https:\/\/api.w.org\/{rel}","templated":true}]}}