{"id":221889,"date":"2024-06-04T23:35:41","date_gmt":"2024-06-05T04:35:41","guid":{"rendered":"https:\/\/fundacionexe.org.co\/who-we-are\/team\/"},"modified":"2025-01-27T20:41:38","modified_gmt":"2025-01-27T19:41:38","slug":"team","status":"publish","type":"page","link":"https:\/\/fundacionexe.org.co\/en\/who-we-are\/team\/","title":{"rendered":"Team"},"content":{"rendered":"<div class=\"wpb-content-wrapper\"><p>[vc_section full_width=&#8221;stretch_row&#8221; pix_over_visibility=&#8221;&#8221; css=&#8221;.vc_custom_1708027675446{margin-top: -30px !important;}&#8221;][vc_row full_width=&#8221;stretch_row&#8221; content_placement=&#8221;middle&#8221; pix_particles_check=&#8221;&#8221; css=&#8221;.vc_custom_1721229297351{padding-top: 1px !important;padding-bottom: 1px !important;background-position: 0 0 !important;background-repeat: no-repeat !important;}&#8221;][vc_column css=&#8221;.vc_custom_1589595508057{padding-top: 20px !important;padding-bottom: 20px !important;}&#8221;]<div id=\"el1706058749145-86a926e6-fb5f\" class=\"mb-3 text-left  vc_custom_1721229362132\"><h2 class=\"mb-32 pix-sliding-headline-2 animate-in font-weight-bold secondary-font \" data-anim-type=\"pix-sliding-text\" data-class=\"secondary-font text-primary\" style=\"\"><span class=\"slide-in-container \"><span class=\"pix-sliding-item secondary-font text-primary\" style=\"transition-delay: 0ms;\">Team&#32;<\/span><\/span> <span class=\"slide-in-container \"><span class=\"pix-sliding-item secondary-font text-primary\" style=\"transition-delay: 150ms;\">ExE&#32;<\/span><\/span> <\/h2><\/div>[vc_text_separator title=&#8221;&#8221; title_align=&#8221;separator_align_left&#8221; align=&#8221;align_left&#8221; color=&#8221;custom&#8221; border_width=&#8221;2&#8243; el_width=&#8221;60&#8243; css=&#8221;&#8221; accent_color=&#8221;#15354e&#8221;][\/vc_column][\/vc_row][\/vc_section][vc_section full_width=&#8221;stretch_row&#8221; full_height=&#8221;yes&#8221; fade_in_opacity=&#8221;pix-opacity-3&#8243; pix_scale_in=&#8221;pix-scale-in-sm&#8221; pix_over_visibility=&#8221;&#8221; bottom_divider_select=&#8221;7&#8243; top_divider_select=&#8221;7&#8243; pix_overlay_color=&#8221;primary&#8221; fade_in_intro=&#8221;220529&#8243; css=&#8221;.vc_custom_1721229425775{padding-top: 10px !important;padding-bottom: 10px !important;}&#8221;][vc_row pix_particles_check=&#8221;&#8221; css=&#8221;.vc_custom_1721229450645{margin-bottom: 30px !important;}&#8221;][vc_column]<div class=\"pix-circles-elem d-flex flex-column flex-sm-row w-100 justify-content-center justify-content-sm-center   vc_custom_1738005962832\"><div class=\"pix-circles pix-lg-circles d-inline-flex align-items-center align-middle justify-content-center justify-content-sm-center\"><span class=\"align-middle circle-item pix-mr-5  animate-in shadow-lg shadow-hover-lg \" data-anim-type=\"fade-in\" data-anim-delay=\"0\" data-toggle=\"tooltip\" data-html=\"true\" data-placement=\"bottom\" title=\"Andrea Escobar Vil\u00e1 - CEO \"><img loading=\"lazy\" decoding=\"async\" src=\"https:\/\/fundacionexe.org.co\/wp-content\/uploads\/2024\/03\/Directora_Funfacion_EXe-1.jpg\" srcset=\"https:\/\/fundacionexe.org.co\/wp-content\/uploads\/2024\/03\/Directora_Funfacion_EXe-1-300x280.jpg 300w, https:\/\/fundacionexe.org.co\/wp-content\/uploads\/2024\/03\/Directora_Funfacion_EXe-1.jpg 450w\" sizes=\"auto, (max-width: 450px) 100vw, 450px\" width=\"60\" height=\"60\" class=\"rounded-circle bg-white\" alt=\"Andrea Escobar Villa -Directora Fundaci\u00f3n Exe\" \/><\/span><span class=\"align-middle circle-item pix-mr-5  animate-in shadow-lg shadow-hover-lg \" data-anim-type=\"fade-in\" data-anim-delay=\"100\" data-toggle=\"tooltip\" data-html=\"true\" data-placement=\"bottom\" title=\"Diego S\u00e1nchez - General Coordinator\"><img loading=\"lazy\" decoding=\"async\" src=\"https:\/\/fundacionexe.org.co\/wp-content\/uploads\/2024\/02\/Diego_Sanchez.jpg\" srcset=\"https:\/\/fundacionexe.org.co\/wp-content\/uploads\/2024\/02\/Diego_Sanchez-300x280.jpg 300w, https:\/\/fundacionexe.org.co\/wp-content\/uploads\/2024\/02\/Diego_Sanchez.jpg 450w\" sizes=\"auto, (max-width: 450px) 100vw, 450px\" width=\"60\" height=\"60\" class=\"rounded-circle bg-white\" alt=\"Diego Sanchez - Coordinador General\" \/><\/span><span class=\"align-middle circle-item pix-mr-5  animate-in shadow-lg shadow-hover-lg \" data-anim-type=\"fade-in\" data-anim-delay=\"200\" data-toggle=\"tooltip\" data-html=\"true\" data-placement=\"bottom\" title=\"Hernan Osorio - Financial and Administrative Coordinator\"><img loading=\"lazy\" decoding=\"async\" src=\"https:\/\/fundacionexe.org.co\/wp-content\/uploads\/2024\/02\/Hernan_Coordinador.jpg\" srcset=\"https:\/\/fundacionexe.org.co\/wp-content\/uploads\/2024\/02\/Hernan_Coordinador-300x280.jpg 300w, https:\/\/fundacionexe.org.co\/wp-content\/uploads\/2024\/02\/Hernan_Coordinador.jpg 450w\" sizes=\"auto, (max-width: 450px) 100vw, 450px\" width=\"60\" height=\"60\" class=\"rounded-circle bg-white\" alt=\"\" \/><\/span><span class=\"align-middle circle-item pix-mr-5  animate-in shadow-lg shadow-hover-lg \" data-anim-type=\"fade-in\" data-anim-delay=\"300\" data-toggle=\"tooltip\" data-html=\"true\" data-placement=\"bottom\" title=\"Alexandra Bernal - Public and Private Affairs Leader\"><img loading=\"lazy\" decoding=\"async\" src=\"https:\/\/fundacionexe.org.co\/wp-content\/uploads\/2024\/02\/Alexandra-Bernal-.jpg\" srcset=\"https:\/\/fundacionexe.org.co\/wp-content\/uploads\/2024\/02\/Alexandra-Bernal--300x280.jpg 300w, https:\/\/fundacionexe.org.co\/wp-content\/uploads\/2024\/02\/Alexandra-Bernal-.jpg 450w\" sizes=\"auto, (max-width: 450px) 100vw, 450px\" width=\"60\" height=\"60\" class=\"rounded-circle bg-white\" alt=\"Alexandra Bernal\" \/><\/span><span class=\"align-middle circle-item pix-mr-5  animate-in shadow-lg shadow-hover-lg \" data-anim-type=\"fade-in\" data-anim-delay=\"400\" data-toggle=\"tooltip\" data-html=\"true\" data-placement=\"bottom\" title=\"Tatiana Garc\u00eda - Manager Colombia Evidencia Potencial en Educaci\u00f3n\"><img loading=\"lazy\" decoding=\"async\" src=\"https:\/\/fundacionexe.org.co\/wp-content\/uploads\/2024\/10\/Mesa-de-trabajo-1-460x460.jpg\" srcset=\"https:\/\/fundacionexe.org.co\/wp-content\/uploads\/2024\/10\/Mesa-de-trabajo-1-300x300.jpg 300w, https:\/\/fundacionexe.org.co\/wp-content\/uploads\/2024\/10\/Mesa-de-trabajo-1-150x150.jpg 150w, https:\/\/fundacionexe.org.co\/wp-content\/uploads\/2024\/10\/Mesa-de-trabajo-1-768x768.jpg 768w, https:\/\/fundacionexe.org.co\/wp-content\/uploads\/2024\/10\/Mesa-de-trabajo-1-400x400.jpg 400w, https:\/\/fundacionexe.org.co\/wp-content\/uploads\/2024\/10\/Mesa-de-trabajo-1-75x75.jpg 75w, https:\/\/fundacionexe.org.co\/wp-content\/uploads\/2024\/10\/Mesa-de-trabajo-1-460x460.jpg 460w, https:\/\/fundacionexe.org.co\/wp-content\/uploads\/2024\/10\/Mesa-de-trabajo-1.jpg 1000w\" sizes=\"auto, (max-width: 1000px) 100vw, 1000px\" width=\"60\" height=\"60\" class=\"rounded-circle bg-white\" alt=\"\" \/><\/span><span class=\"align-middle circle-item pix-mr-5  animate-in shadow-lg shadow-hover-lg \" data-anim-type=\"fade-in\" data-anim-delay=\"500\" data-toggle=\"tooltip\" data-html=\"true\" data-placement=\"bottom\" title=\"Paola Caro - Data and Evidence Utilization Leader\"><img loading=\"lazy\" decoding=\"async\" src=\"https:\/\/fundacionexe.org.co\/wp-content\/uploads\/2024\/02\/Paola-Caro-.jpg\" srcset=\"https:\/\/fundacionexe.org.co\/wp-content\/uploads\/2024\/02\/Paola-Caro--300x280.jpg 300w, https:\/\/fundacionexe.org.co\/wp-content\/uploads\/2024\/02\/Paola-Caro-.jpg 450w\" sizes=\"auto, (max-width: 450px) 100vw, 450px\" width=\"60\" height=\"60\" class=\"rounded-circle bg-white\" alt=\"Paola Caro\" \/><\/span><\/div><\/div>[vc_empty_space height=&#8221;52px&#8221;][\/vc_column][\/vc_row][vc_row pix_particles_check=&#8221;&#8221;][vc_column]<div class=\"pix-circles-elem d-flex flex-column flex-sm-row w-100 justify-content-center justify-content-sm-center   vc_custom_1738006891045\"><div class=\"pix-circles pix-lg-circles d-inline-flex align-items-center align-middle justify-content-center justify-content-sm-center\"><span class=\"align-middle circle-item pix-mr-5  animate-in shadow-lg shadow-hover-lg \" data-anim-type=\"fade-in\" data-anim-delay=\"0\" data-toggle=\"tooltip\" data-html=\"true\" data-placement=\"bottom\" title=\"Diego Morris - Advisor Colombia Evidencia Potencial en Educaci\u00f3n\"><img loading=\"lazy\" decoding=\"async\" src=\"https:\/\/fundacionexe.org.co\/wp-content\/uploads\/2024\/10\/1524161484587.jpeg\" srcset=\"https:\/\/fundacionexe.org.co\/wp-content\/uploads\/2024\/10\/1524161484587.jpeg 200w, https:\/\/fundacionexe.org.co\/wp-content\/uploads\/2024\/10\/1524161484587-150x150.jpeg 150w, https:\/\/fundacionexe.org.co\/wp-content\/uploads\/2024\/10\/1524161484587-75x75.jpeg 75w\" sizes=\"auto, (max-width: 200px) 100vw, 200px\" width=\"60\" height=\"60\" class=\"rounded-circle bg-white\" alt=\"\" \/><\/span><span class=\"align-middle circle-item pix-mr-5  animate-in shadow-lg shadow-hover-lg \" data-anim-type=\"fade-in\" data-anim-delay=\"100\" data-toggle=\"tooltip\" data-html=\"true\" data-placement=\"bottom\" title=\"Luisa Blanco - Content Creator Professional\"><img loading=\"lazy\" decoding=\"async\" src=\"https:\/\/fundacionexe.org.co\/wp-content\/uploads\/2024\/02\/Luisa-Blanco.jpg\" srcset=\"https:\/\/fundacionexe.org.co\/wp-content\/uploads\/2024\/02\/Luisa-Blanco-300x280.jpg 300w, https:\/\/fundacionexe.org.co\/wp-content\/uploads\/2024\/02\/Luisa-Blanco.jpg 450w\" sizes=\"auto, (max-width: 450px) 100vw, 450px\" width=\"60\" height=\"60\" class=\"rounded-circle bg-white\" alt=\"Luisa Blanco\" \/><\/span><span class=\"align-middle circle-item pix-mr-5  animate-in shadow-lg shadow-hover-lg \" data-anim-type=\"fade-in\" data-anim-delay=\"200\" data-toggle=\"tooltip\" data-html=\"true\" data-placement=\"bottom\" title=\"Diana Bonilla - Relationship Professional \"><img loading=\"lazy\" decoding=\"async\" src=\"https:\/\/fundacionexe.org.co\/wp-content\/uploads\/2024\/02\/Diana-Bonilla.jpg\" srcset=\"https:\/\/fundacionexe.org.co\/wp-content\/uploads\/2024\/02\/Diana-Bonilla-300x280.jpg 300w, https:\/\/fundacionexe.org.co\/wp-content\/uploads\/2024\/02\/Diana-Bonilla.jpg 450w\" sizes=\"auto, (max-width: 450px) 100vw, 450px\" width=\"60\" height=\"60\" class=\"rounded-circle bg-white\" alt=\"Diana Bonilla\" \/><\/span><span class=\"align-middle circle-item pix-mr-5  animate-in shadow-lg shadow-hover-lg \" data-anim-type=\"fade-in\" data-anim-delay=\"300\" data-toggle=\"tooltip\" data-html=\"true\" data-placement=\"bottom\" title=\"Laura Rodr\u00edguez - Evidence Utilization Professional\"><img loading=\"lazy\" decoding=\"async\" src=\"https:\/\/fundacionexe.org.co\/wp-content\/uploads\/2024\/02\/Laura-Rodriguez.jpg\" srcset=\"https:\/\/fundacionexe.org.co\/wp-content\/uploads\/2024\/02\/Laura-Rodriguez-300x280.jpg 300w, https:\/\/fundacionexe.org.co\/wp-content\/uploads\/2024\/02\/Laura-Rodriguez.jpg 450w\" sizes=\"auto, (max-width: 450px) 100vw, 450px\" width=\"60\" height=\"60\" class=\"rounded-circle bg-white\" alt=\"Laura Rodr\u00edguez\" \/><\/span><span class=\"align-middle circle-item pix-mr-5  animate-in shadow-lg shadow-hover-lg \" data-anim-type=\"fade-in\" data-anim-delay=\"400\" data-toggle=\"tooltip\" data-html=\"true\" data-placement=\"bottom\" title=\"Carlos Ladino - Evidence Utilization Professional\"><img loading=\"lazy\" decoding=\"async\" src=\"https:\/\/fundacionexe.org.co\/wp-content\/uploads\/2025\/01\/gerg-8-460x460.jpg\" srcset=\"https:\/\/fundacionexe.org.co\/wp-content\/uploads\/2025\/01\/gerg-8-225x300.jpg 225w, https:\/\/fundacionexe.org.co\/wp-content\/uploads\/2025\/01\/gerg-8-768x1024.jpg 768w, https:\/\/fundacionexe.org.co\/wp-content\/uploads\/2025\/01\/gerg-8.jpg 943w\" sizes=\"auto, (max-width: 943px) 100vw, 943px\" width=\"60\" height=\"60\" class=\"rounded-circle bg-white\" alt=\"\" \/><\/span><span class=\"align-middle circle-item pix-mr-5  animate-in shadow-lg shadow-hover-lg \" data-anim-type=\"fade-in\" data-anim-delay=\"500\" data-toggle=\"tooltip\" data-html=\"true\" data-placement=\"bottom\" title=\"Ricardo Bravo - Purchasing Professional\"><img loading=\"lazy\" decoding=\"async\" src=\"https:\/\/fundacionexe.org.co\/wp-content\/uploads\/2024\/02\/Ricardo-Bravo-.jpg\" srcset=\"https:\/\/fundacionexe.org.co\/wp-content\/uploads\/2024\/02\/Ricardo-Bravo--300x280.jpg 300w, https:\/\/fundacionexe.org.co\/wp-content\/uploads\/2024\/02\/Ricardo-Bravo-.jpg 450w\" sizes=\"auto, (max-width: 450px) 100vw, 450px\" width=\"60\" height=\"60\" class=\"rounded-circle bg-white\" alt=\"Ricardo Bravo\" \/><\/span><span class=\"align-middle circle-item pix-mr-5  animate-in shadow-lg shadow-hover-lg \" data-anim-type=\"fade-in\" data-anim-delay=\"600\" data-toggle=\"tooltip\" data-html=\"true\" data-placement=\"bottom\" title=\"Diana Parra - Accouting Assistant\"><img loading=\"lazy\" decoding=\"async\" src=\"https:\/\/fundacionexe.org.co\/wp-content\/uploads\/2024\/02\/Diana-Parra.jpg\" srcset=\"https:\/\/fundacionexe.org.co\/wp-content\/uploads\/2024\/02\/Diana-Parra-300x280.jpg 300w, https:\/\/fundacionexe.org.co\/wp-content\/uploads\/2024\/02\/Diana-Parra.jpg 450w\" sizes=\"auto, (max-width: 450px) 100vw, 450px\" width=\"60\" height=\"60\" class=\"rounded-circle bg-white\" alt=\"Diana Parra\" \/><\/span><\/div><\/div>[\/vc_column][\/vc_row][\/vc_section]<\/p>\n<\/div>","protected":false},"excerpt":{"rendered":"[vc_section full_width=&#8221;stretch_row&#8221; pix_over_visibility=&#8221;&#8221; css=&#8221;.vc_custom_1708027675446{margin-top: -30px !important;}&#8221;][vc_row full_width=&#8221;stretch_row&#8221; content_placement=&#8221;middle&#8221; pix_particles_check=&#8221;&#8221; css=&#8221;.vc_custom_1721229297351{padding-top: 1px !important;padding-bottom: 1px !important;background-position: 0 0 !important;background-repeat: no-repeat !important;}&#8221;][vc_column css=&#8221;.vc_custom_1589595508057{padding-top: 20px !important;padding-bottom: 20px !important;}&#8221;][vc_text_separator title=&#8221;&#8221; title_align=&#8221;separator_align_left&#8221; align=&#8221;align_left&#8221; color=&#8221;custom&#8221; border_width=&#8221;2&#8243; el_width=&#8221;60&#8243; css=&#8221;&#8221; accent_color=&#8221;#15354e&#8221;][\/vc_column][\/vc_row][\/vc_section][vc_section full_width=&#8221;stretch_row&#8221; full_height=&#8221;yes&#8221; fade_in_opacity=&#8221;pix-opacity-3&#8243; pix_scale_in=&#8221;pix-scale-in-sm&#8221; pix_over_visibility=&#8221;&#8221; bottom_divider_select=&#8221;7&#8243; top_divider_select=&#8221;7&#8243; pix_overlay_color=&#8221;primary&#8221;&#8230;","protected":false},"author":884,"featured_media":0,"parent":214996,"menu_order":0,"comment_status":"closed","ping_status":"closed","template":"","meta":{"footnotes":""},"class_list":["post-221889","page","type-page","status-publish","hentry"],"yoast_head":"<!-- This site is optimized with the Yoast SEO plugin v27.3 - https:\/\/yoast.com\/product\/yoast-seo-wordpress\/ -->\n<title>Team - Fundaci\u00f3n Empresarios por la Educaci\u00f3n FExE<\/title>\n<meta name=\"robots\" content=\"index, follow, max-snippet:-1, max-image-preview:large, max-video-preview:-1\" \/>\n<link rel=\"canonical\" href=\"https:\/\/fundacionexe.org.co\/en\/who-we-are\/team\/\" \/>\n<meta property=\"og:locale\" content=\"en_US\" \/>\n<meta property=\"og:type\" content=\"article\" \/>\n<meta property=\"og:title\" content=\"Team - Fundaci\u00f3n Empresarios por la Educaci\u00f3n FExE\" \/>\n<meta property=\"og:description\" content=\"[vc_section full_width=&#8221;stretch_row&#8221; pix_over_visibility=&#8221;&#8221; css=&#8221;.vc_custom_1708027675446{margin-top: -30px !important;}&#8221;][vc_row full_width=&#8221;stretch_row&#8221; content_placement=&#8221;middle&#8221; pix_particles_check=&#8221;&#8221; css=&#8221;.vc_custom_1721229297351{padding-top: 1px !important;padding-bottom: 1px !important;background-position: 0 0 !important;background-repeat: no-repeat !important;}&#8221;][vc_column css=&#8221;.vc_custom_1589595508057{padding-top: 20px !important;padding-bottom: 20px !important;}&#8221;][vc_text_separator title=&#8221;&#8221; title_align=&#8221;separator_align_left&#8221; align=&#8221;align_left&#8221; color=&#8221;custom&#8221; border_width=&#8221;2&#8243; el_width=&#8221;60&#8243; css=&#8221;&#8221; accent_color=&#8221;#15354e&#8221;][\/vc_column][\/vc_row][\/vc_section][vc_section full_width=&#8221;stretch_row&#8221; full_height=&#8221;yes&#8221; fade_in_opacity=&#8221;pix-opacity-3&#8243; pix_scale_in=&#8221;pix-scale-in-sm&#8221; pix_over_visibility=&#8221;&#8221; bottom_divider_select=&#8221;7&#8243; top_divider_select=&#8221;7&#8243; pix_overlay_color=&#8221;primary&#8221;...\" \/>\n<meta property=\"og:url\" content=\"https:\/\/fundacionexe.org.co\/en\/who-we-are\/team\/\" \/>\n<meta property=\"og:site_name\" content=\"Fundaci\u00f3n Empresarios por la Educaci\u00f3n FExE\" \/>\n<meta property=\"article:modified_time\" content=\"2025-01-27T19:41:38+00:00\" \/>\n<meta name=\"twitter:card\" content=\"summary_large_image\" \/>\n<meta name=\"twitter:label1\" content=\"Est. reading time\" \/>\n\t<meta name=\"twitter:data1\" content=\"2 minutes\" \/>\n<script type=\"application\/ld+json\" class=\"yoast-schema-graph\">{\"@context\":\"https:\\\/\\\/schema.org\",\"@graph\":[{\"@type\":\"WebPage\",\"@id\":\"https:\\\/\\\/fundacionexe.org.co\\\/en\\\/who-we-are\\\/team\\\/\",\"url\":\"https:\\\/\\\/fundacionexe.org.co\\\/en\\\/who-we-are\\\/team\\\/\",\"name\":\"Team - Fundaci\u00f3n Empresarios por la Educaci\u00f3n FExE\",\"isPartOf\":{\"@id\":\"https:\\\/\\\/fundacionexe.org.co\\\/en\\\/#website\"},\"datePublished\":\"2024-06-05T04:35:41+00:00\",\"dateModified\":\"2025-01-27T19:41:38+00:00\",\"breadcrumb\":{\"@id\":\"https:\\\/\\\/fundacionexe.org.co\\\/en\\\/who-we-are\\\/team\\\/#breadcrumb\"},\"inLanguage\":\"en-US\",\"potentialAction\":[{\"@type\":\"ReadAction\",\"target\":[\"https:\\\/\\\/fundacionexe.org.co\\\/en\\\/who-we-are\\\/team\\\/\"]}]},{\"@type\":\"BreadcrumbList\",\"@id\":\"https:\\\/\\\/fundacionexe.org.co\\\/en\\\/who-we-are\\\/team\\\/#breadcrumb\",\"itemListElement\":[{\"@type\":\"ListItem\",\"position\":1,\"name\":\"Portada\",\"item\":\"https:\\\/\\\/prod.fundacionexe.org.co\\\/en\\\/\"},{\"@type\":\"ListItem\",\"position\":2,\"name\":\"Who we are\",\"item\":\"https:\\\/\\\/prod.fundacionexe.org.co\\\/en\\\/who-we-are\\\/\"},{\"@type\":\"ListItem\",\"position\":3,\"name\":\"Team\"}]},{\"@type\":\"WebSite\",\"@id\":\"https:\\\/\\\/fundacionexe.org.co\\\/en\\\/#website\",\"url\":\"https:\\\/\\\/fundacionexe.org.co\\\/en\\\/\",\"name\":\"Fundaci\u00f3n Empresarios por la Educaci\u00f3n FExE\",\"description\":\"Red de conocimiento independiente. Sumamos con informaci\u00f3n y evidencia para que Colombia d\u00e9 un salto en educaci\u00f3n de calidad.\",\"potentialAction\":[{\"@type\":\"SearchAction\",\"target\":{\"@type\":\"EntryPoint\",\"urlTemplate\":\"https:\\\/\\\/fundacionexe.org.co\\\/en\\\/?s={search_term_string}\"},\"query-input\":{\"@type\":\"PropertyValueSpecification\",\"valueRequired\":true,\"valueName\":\"search_term_string\"}}],\"inLanguage\":\"en-US\"}]}<\/script>\n<!-- \/ Yoast SEO plugin. -->","yoast_head_json":{"title":"Team - Fundaci\u00f3n Empresarios por la Educaci\u00f3n FExE","robots":{"index":"index","follow":"follow","max-snippet":"max-snippet:-1","max-image-preview":"max-image-preview:large","max-video-preview":"max-video-preview:-1"},"canonical":"https:\/\/fundacionexe.org.co\/en\/who-we-are\/team\/","og_locale":"en_US","og_type":"article","og_title":"Team - Fundaci\u00f3n Empresarios por la Educaci\u00f3n FExE","og_description":"[vc_section full_width=&#8221;stretch_row&#8221; pix_over_visibility=&#8221;&#8221; css=&#8221;.vc_custom_1708027675446{margin-top: -30px !important;}&#8221;][vc_row full_width=&#8221;stretch_row&#8221; content_placement=&#8221;middle&#8221; pix_particles_check=&#8221;&#8221; css=&#8221;.vc_custom_1721229297351{padding-top: 1px !important;padding-bottom: 1px !important;background-position: 0 0 !important;background-repeat: no-repeat !important;}&#8221;][vc_column css=&#8221;.vc_custom_1589595508057{padding-top: 20px !important;padding-bottom: 20px !important;}&#8221;][vc_text_separator title=&#8221;&#8221; title_align=&#8221;separator_align_left&#8221; align=&#8221;align_left&#8221; color=&#8221;custom&#8221; border_width=&#8221;2&#8243; el_width=&#8221;60&#8243; css=&#8221;&#8221; accent_color=&#8221;#15354e&#8221;][\/vc_column][\/vc_row][\/vc_section][vc_section full_width=&#8221;stretch_row&#8221; full_height=&#8221;yes&#8221; fade_in_opacity=&#8221;pix-opacity-3&#8243; pix_scale_in=&#8221;pix-scale-in-sm&#8221; pix_over_visibility=&#8221;&#8221; bottom_divider_select=&#8221;7&#8243; top_divider_select=&#8221;7&#8243; pix_overlay_color=&#8221;primary&#8221;...","og_url":"https:\/\/fundacionexe.org.co\/en\/who-we-are\/team\/","og_site_name":"Fundaci\u00f3n Empresarios por la Educaci\u00f3n FExE","article_modified_time":"2025-01-27T19:41:38+00:00","twitter_card":"summary_large_image","twitter_misc":{"Est. reading time":"2 minutes"},"schema":{"@context":"https:\/\/schema.org","@graph":[{"@type":"WebPage","@id":"https:\/\/fundacionexe.org.co\/en\/who-we-are\/team\/","url":"https:\/\/fundacionexe.org.co\/en\/who-we-are\/team\/","name":"Team - Fundaci\u00f3n Empresarios por la Educaci\u00f3n FExE","isPartOf":{"@id":"https:\/\/fundacionexe.org.co\/en\/#website"},"datePublished":"2024-06-05T04:35:41+00:00","dateModified":"2025-01-27T19:41:38+00:00","breadcrumb":{"@id":"https:\/\/fundacionexe.org.co\/en\/who-we-are\/team\/#breadcrumb"},"inLanguage":"en-US","potentialAction":[{"@type":"ReadAction","target":["https:\/\/fundacionexe.org.co\/en\/who-we-are\/team\/"]}]},{"@type":"BreadcrumbList","@id":"https:\/\/fundacionexe.org.co\/en\/who-we-are\/team\/#breadcrumb","itemListElement":[{"@type":"ListItem","position":1,"name":"Portada","item":"https:\/\/prod.fundacionexe.org.co\/en\/"},{"@type":"ListItem","position":2,"name":"Who we are","item":"https:\/\/prod.fundacionexe.org.co\/en\/who-we-are\/"},{"@type":"ListItem","position":3,"name":"Team"}]},{"@type":"WebSite","@id":"https:\/\/fundacionexe.org.co\/en\/#website","url":"https:\/\/fundacionexe.org.co\/en\/","name":"Fundaci\u00f3n Empresarios por la Educaci\u00f3n FExE","description":"Red de conocimiento independiente. Sumamos con informaci\u00f3n y evidencia para que Colombia d\u00e9 un salto en educaci\u00f3n de calidad.","potentialAction":[{"@type":"SearchAction","target":{"@type":"EntryPoint","urlTemplate":"https:\/\/fundacionexe.org.co\/en\/?s={search_term_string}"},"query-input":{"@type":"PropertyValueSpecification","valueRequired":true,"valueName":"search_term_string"}}],"inLanguage":"en-US"}]}},"_links":{"self":[{"href":"https:\/\/fundacionexe.org.co\/en\/wp-json\/wp\/v2\/pages\/221889","targetHints":{"allow":["GET"]}}],"collection":[{"href":"https:\/\/fundacionexe.org.co\/en\/wp-json\/wp\/v2\/pages"}],"about":[{"href":"https:\/\/fundacionexe.org.co\/en\/wp-json\/wp\/v2\/types\/page"}],"author":[{"embeddable":true,"href":"https:\/\/fundacionexe.org.co\/en\/wp-json\/wp\/v2\/users\/884"}],"replies":[{"embeddable":true,"href":"https:\/\/fundacionexe.org.co\/en\/wp-json\/wp\/v2\/comments?post=221889"}],"version-history":[{"count":5,"href":"https:\/\/fundacionexe.org.co\/en\/wp-json\/wp\/v2\/pages\/221889\/revisions"}],"predecessor-version":[{"id":223905,"href":"https:\/\/fundacionexe.org.co\/en\/wp-json\/wp\/v2\/pages\/221889\/revisions\/223905"}],"up":[{"embeddable":true,"href":"https:\/\/fundacionexe.org.co\/en\/wp-json\/wp\/v2\/pages\/214996"}],"wp:attachment":[{"href":"https:\/\/fundacionexe.org.co\/en\/wp-json\/wp\/v2\/media?parent=221889"}],"curies":[{"name":"wp","href":"https:\/\/api.w.org\/{rel}","templated":true}]}}