{"id":222340,"date":"2024-10-21T14:20:55","date_gmt":"2024-10-21T12:20:55","guid":{"rendered":"https:\/\/www.proyectosaa.com\/rle\/?page_id=222340"},"modified":"2025-03-03T20:12:58","modified_gmt":"2025-03-03T19:12:58","slug":"caja-de-herramientas-material-guiado","status":"publish","type":"page","link":"https:\/\/fundacionexe.org.co\/en\/caja-de-herramientas-material-guiado\/","title":{"rendered":"Caja de Herramientas  &#8211; material guiado"},"content":{"rendered":"<div class=\"wpb-content-wrapper\"><p>[vc_section full_width=&#8221;stretch_row&#8221; pix_over_visibility=&#8221;&#8221; css=&#8221;.vc_custom_1729519559581{margin-top: -50px !important;background-color: #ffffff !important;}&#8221; b_custom_height=&#8221;300px&#8221;][vc_row full_width=&#8221;stretch_row&#8221; content_placement=&#8221;middle&#8221; pix_particles_check=&#8221;&#8221; css=&#8221;.vc_custom_1728420016981{margin-top: -30px !important;}&#8221;][vc_column]<div class=\"pix-circles-elem d-flex flex-column flex-sm-row w-100 justify-content-center justify-content-sm-end  \"><div class=\"pix-circles pix-sm-circles d-inline-flex align-items-center align-middle justify-content-center justify-content-sm-end\"><a class=\"align-middle circle-item pix-mr-5  animate-in shadow-sm \" data-anim-type=\"fade-in-left\" data-anim-delay=\"0\"  href=\"https:\/\/fundacionexe.org.co\/inicio-caja-de-herramientas\/\"   data-toggle=\"tooltip\" data-html=\"true\" data-placement=\"bottom\" title=\"Inicio\" aria-label=\"Inicio\"><img loading=\"lazy\" decoding=\"async\" src=\"https:\/\/fundacionexe.org.co\/wp-content\/uploads\/2024\/10\/logo-inicio.png\" srcset=\"https:\/\/fundacionexe.org.co\/wp-content\/uploads\/2024\/10\/logo-inicio.png 164w, https:\/\/fundacionexe.org.co\/wp-content\/uploads\/2024\/10\/logo-inicio-75x75.png 75w\" sizes=\"auto, (max-width: 164px) 100vw, 164px\" width=\"60\" height=\"60\" class=\"rounded-circle bg-white\"  alt=\"\" \/><\/a><a class=\"align-middle circle-item pix-mr-5  animate-in shadow-sm \" data-anim-type=\"fade-in-left\" data-anim-delay=\"100\"  href=\"https:\/\/fundacionexe.org.co\/caja-de-herramientas-encuesta-principal\/\"   data-toggle=\"tooltip\" data-html=\"true\" data-placement=\"bottom\" title=\"Encuesta de Autoevaluaci\u00f3n\" aria-label=\"Encuesta de Autoevaluaci\u00f3n\"><img loading=\"lazy\" decoding=\"async\" src=\"https:\/\/fundacionexe.org.co\/wp-content\/uploads\/2024\/10\/auto.png\" srcset=\"https:\/\/fundacionexe.org.co\/wp-content\/uploads\/2024\/10\/auto-300x300.png 300w, https:\/\/fundacionexe.org.co\/wp-content\/uploads\/2024\/10\/auto-150x150.png 150w, https:\/\/fundacionexe.org.co\/wp-content\/uploads\/2024\/10\/auto-75x75.png 75w, https:\/\/fundacionexe.org.co\/wp-content\/uploads\/2024\/10\/auto.png 350w\" sizes=\"auto, (max-width: 350px) 100vw, 350px\" width=\"60\" height=\"60\" class=\"rounded-circle bg-white\"  alt=\"\" \/><\/a><a class=\"align-middle circle-item pix-mr-5  animate-in shadow-sm \" data-anim-type=\"fade-in-left\" data-anim-delay=\"200\"  href=\"https:\/\/fundacionexe.org.co\/caja-de-herramientas-material-guiado\/\"   data-toggle=\"tooltip\" data-html=\"true\" data-placement=\"bottom\" title=\"Material Guiado\" aria-label=\"Material Guiado\"><img loading=\"lazy\" decoding=\"async\" src=\"https:\/\/fundacionexe.org.co\/wp-content\/uploads\/2024\/10\/materi-460x460.png\" srcset=\"https:\/\/fundacionexe.org.co\/wp-content\/uploads\/2024\/10\/materi-300x300.png 300w, https:\/\/fundacionexe.org.co\/wp-content\/uploads\/2024\/10\/materi-150x150.png 150w, https:\/\/fundacionexe.org.co\/wp-content\/uploads\/2024\/10\/materi-400x400.png 400w, https:\/\/fundacionexe.org.co\/wp-content\/uploads\/2024\/10\/materi-75x75.png 75w, https:\/\/fundacionexe.org.co\/wp-content\/uploads\/2024\/10\/materi-460x460.png 460w, https:\/\/fundacionexe.org.co\/wp-content\/uploads\/2024\/10\/materi.png 512w\" sizes=\"auto, (max-width: 512px) 100vw, 512px\" width=\"60\" height=\"60\" class=\"rounded-circle bg-white\"  alt=\"\" \/><\/a><\/div><div class=\"pix-ml-5 align-items-center align-items-center d-flex pt-md-0 pt-3 justify-content-center justify-content-sm-end\"><div class=\"d-block w-100 text-right\"><span  class=\"btn mb-0      btn-primary d-inline-flex align-items-center     btn-rounded animate-in pix-btn-div btn-md\"   data-anim-type=\"fade-in-left\" data-anim-delay=\"300\" ><svg class=\"pixfort-icon font-weight-bold   mr-2\" width=\"24\" height=\"24\"  data-name=\"Line\/pixfort-icon-arrow-left-circle-1\" viewBox=\"2 2 20 20\"><path fill=\"none\" stroke=\"var(--pf-icon-color)\" stroke-linecap=\"round\" stroke-linejoin=\"round\" stroke-width=\"var(--pf-icon-stroke-width)\" d=\"M12,21 C16.9705627,21 21,16.9705627 21,12 C21,7.02943725 16.9705627,3 12,3 C7.02943725,3 3,7.02943725 3,12 C3,16.9705627 7.02943725,21 12,21 Z M8,12 L17,12 M12,17 L7,12 L12,7\"\/><\/svg><span class=\"font-weight-bold \" >Seleccione<\/span><\/span><\/div><\/div><\/div>[\/vc_column][\/vc_row][\/vc_section][vc_row full_width=&#8221;stretch_row&#8221; pix_particles_check=&#8221;&#8221; css=&#8221;.vc_custom_1729545918857{margin-top: 15px !important;padding-top: 40px !important;padding-bottom: 40px !important;background-color: #14354e !important;}&#8221;][vc_column]<div id=\"el1728919624455-a39b627d-7938\" class=\"mb-3 text-center  vc_custom_1729513309381\"><div class=\"d-inline-block\" style=\"max-width:600px;\"><h4 class=\"mb-32 pix-sliding-headline-2 animate-in font-weight-bold secondary-font \" data-anim-type=\"pix-sliding-text\" data-class=\"secondary-font text-white\" style=\"\"><span class=\"slide-in-container \"><span class=\"pix-sliding-item secondary-font text-white\" style=\"transition-delay: 0ms;\">MATERIAL&#32;<\/span><\/span> <span class=\"slide-in-container \"><span class=\"pix-sliding-item secondary-font text-white\" style=\"transition-delay: 150ms;\">GUIADO&#32;<\/span><\/span> <\/h4><\/div><\/div>[\/vc_column][\/vc_row][vc_section pix_over_visibility=&#8221;&#8221; css=&#8221;.vc_custom_1589729689084{padding-top: 40px !important;padding-bottom: 40px !important;}&#8221;][vc_row content_placement=&#8221;middle&#8221; pix_particles_check=&#8221;&#8221; css=&#8221;.vc_custom_1589595518450{padding-top: 60px !important;padding-bottom: 60px !important;}&#8221;][vc_column width=&#8221;5\/12&#8243; css=&#8221;.vc_custom_1589595508057{padding-top: 20px !important;padding-bottom: 20px !important;}&#8221;]<div class=\"pix-content-box card      vc_custom_1728951404616 custom-3df6cf53aceaa39d968fa665ca44d25e   rounded-10 shadow-sm shadow-hover-sm fly-sm animate-in bg- w-100  \"  data-anim-type=\"pix-3d-down-in\" data-anim-delay=\"0\" ><div class=\"\" style=\"z-index:30;position:relative;\"><div class=\"pix-el-text w-100   vc_custom_1729514753520\" ><p class=\"text-24  text-body-default  font-weight-bold\" ><span class=\"text-body-default animate-in d-inline-block\" data-anim-delay=\"1200\" data-anim-type=\"fade-in-up\">El conjunto de contenidos de este material sirve de orientaci\u00f3n para fortalecer un programa educativo de cara a realizar una evaluaci\u00f3n del mismo.<\/span><\/p><\/div><\/div><\/div>[\/vc_column][vc_column width=&#8221;7\/12&#8243; pix_particles_check=&#8221;1&#8243; pix_particles=&#8221;%5B%7B%22image%22%3A%22https%3A%2F%2Fessentials.pixfort.com%2Fstartup%2Fwp-content%2Fuploads%2Fsites%2F5%2F2019%2F05%2Fintro-blob.png%22%2C%22h_position%22%3A%22left%22%2C%22horizontal%22%3A%2213%25%22%2C%22v_position%22%3A%22top%22%2C%22vertical%22%3A%22-60px%22%2C%22depth%22%3A%220.2%22%2C%22xaxis%22%3A%2210%22%2C%22yaxis%22%3A%220%22%2C%22rotation_speed%22%3A%22300%22%2C%22pix_inverse_rotation%22%3A%22scroll_inverse%22%2C%22img_width%22%3A%2275%25%22%2C%22animation%22%3A%22fade-in-up%22%2C%22delay%22%3A%22600%22%2C%22pix_infinite_animation%22%3A%22pix-rotating%22%2C%22pix_infinite_speed%22%3A%22pix-duration-fast%22%7D%5D&#8221;]<div id=\"img-87592915a7bec0bb6e8c32fd489e7a54\" class=\"pix-img-element d-inline-block \"  ><div class=\"animate-in d-inline-block\" data-anim-type=\"fade-in-up\" data-anim-delay=\"200\"><div class=\"pix-img-el  vc_custom_1729514233359    text-center d-inline-block  w-100 rounded-0\"  ><img loading=\"lazy\" decoding=\"async\" width=\"1145\" height=\"812\" src=\"https:\/\/fundacionexe.org.co\/wp-content\/uploads\/2024\/10\/material-guiado-chart.png\" class=\"pix-img-elem rounded-0\" alt=\"Image link\" srcset=\"https:\/\/fundacionexe.org.co\/wp-content\/uploads\/2024\/10\/material-guiado-chart.png 1145w, https:\/\/fundacionexe.org.co\/wp-content\/uploads\/2024\/10\/material-guiado-chart-300x213.png 300w, https:\/\/fundacionexe.org.co\/wp-content\/uploads\/2024\/10\/material-guiado-chart-1024x726.png 1024w, https:\/\/fundacionexe.org.co\/wp-content\/uploads\/2024\/10\/material-guiado-chart-768x545.png 768w\" sizes=\"auto, (max-width: 1145px) 100vw, 1145px\" \/><\/div><\/div><\/div>[\/vc_column][\/vc_row][\/vc_section][vc_row full_width=&#8221;stretch_row_content&#8221; pix_particles_check=&#8221;&#8221;][vc_column]<div class=\"pix-element-div w-100 text-center\"><span class=\"pix-badge-element h5 d-inline-flex mr-1 \"  ><span class=\"badge font-weight-bold  bg-primary  vc_custom_1729514045877  \" style=\" \"><span class=\"text-white\" style=\"\">Ciclo de vida de un programa educativo<\/span><\/span><\/span><\/div><div class=\"row pix-levels mb-3 mb-sm-0 mx-0  vc_custom_1741029173947\" style=\"border-bottom:0;\"><div class=\"col-xs-12 col-md pix-levels-step d-flex flex-column complete px-0\">\n\t\t\t  <div class=\"pix-levels-title text-center font-weight-bold text-heading-default pb-3 d-flex flex-column align-items-center justify-content-center\" style=\"font-size:18px;\">Diagn\u00f3stico<\/div>\n\t\t\t  <div class=\"position-relative w-100 text-center mb-3\">\n\t\t\t\t  <div class=\"progress bg-gray-2\" ><div class=\"progress-bar bg-primary\" ><\/div><\/div>\n\t\t\t\t  <div class=\"pix-leveles-dot-div\"><a href=\"https:\/\/fundacionexe.org.co\/caja-de-herramientas-diagnostico\/\" target=\"\" class=\"pix-levels-dot bg-primary\" >\n\t\t\t\t  \t\t\t\t\t\t  <span class=\"pix-levels-dot-inner bg-dark-opacity-3\"><\/span>\n\t\t\t\t  \t\t\t\t\t  <\/a><\/div>\n\t\t\t  <\/div><p class=\"text-center pix-p-10 text-body-default\" ><a href=https:\/\/fundacionexe.org.co\/caja-de-herramientas-diagnostico\/>Ver m\u00e1s<\/a><\/p><\/div><div class=\"col-xs-12 col-md pix-levels-step d-flex flex-column complete px-0\">\n\t\t\t  <div class=\"pix-levels-title text-center font-weight-bold text-heading-default pb-3 d-flex flex-column align-items-center justify-content-center\" style=\"font-size:18px;\">Dise\u00f1o<\/div>\n\t\t\t  <div class=\"position-relative w-100 text-center mb-3\">\n\t\t\t\t  <div class=\"progress bg-gray-2\" ><div class=\"progress-bar bg-primary\" ><\/div><\/div>\n\t\t\t\t  <div class=\"pix-leveles-dot-div\"><a href=\"https:\/\/fundacionexe.org.co\/caja-de-herramientas-diseno\/\" target=\"\" class=\"pix-levels-dot bg-primary\" >\n\t\t\t\t  \t\t\t\t\t\t  <span class=\"pix-levels-dot-inner bg-dark-opacity-3\"><\/span>\n\t\t\t\t  \t\t\t\t\t  <\/a><\/div>\n\t\t\t  <\/div><p class=\"text-center pix-p-10 text-body-default\" ><a href=https:\/\/fundacionexe.org.co\/caja-de-herramientas-diseno>Ver m\u00e1s<\/a><\/p><\/div><div class=\"col-xs-12 col-md pix-levels-step d-flex flex-column complete px-0\">\n\t\t\t  <div class=\"pix-levels-title text-center font-weight-bold text-heading-default pb-3 d-flex flex-column align-items-center justify-content-center\" style=\"font-size:18px;\">Seguimiento y monitoreo<\/div>\n\t\t\t  <div class=\"position-relative w-100 text-center mb-3\">\n\t\t\t\t  <div class=\"progress bg-gray-2\" ><div class=\"progress-bar bg-primary\" ><\/div><\/div>\n\t\t\t\t  <div class=\"pix-leveles-dot-div\"><a href=\"https:\/\/fundacionexe.org.co\/seguimiento-y-monitoreo\/\" target=\"\" class=\"pix-levels-dot bg-primary\" >\n\t\t\t\t  \t\t\t\t\t\t  <span class=\"pix-levels-dot-inner bg-dark-opacity-3\"><\/span>\n\t\t\t\t  \t\t\t\t\t  <\/a><\/div>\n\t\t\t  <\/div><p class=\"text-center pix-p-10 text-body-default\" ><a href=https:\/\/fundacionexe.org.co\/seguimiento-y-monitoreo\/>Ver m\u00e1s<\/a><\/p><\/div><div class=\"col-xs-12 col-md pix-levels-step d-flex flex-column complete px-0\">\n\t\t\t  <div class=\"pix-levels-title text-center font-weight-bold text-heading-default pb-3 d-flex flex-column align-items-center justify-content-center\" style=\"font-size:18px;\">Implementaci\u00f3n<\/div>\n\t\t\t  <div class=\"position-relative w-100 text-center mb-3\">\n\t\t\t\t  <div class=\"progress bg-gray-2\" ><div class=\"progress-bar bg-primary\" ><\/div><\/div>\n\t\t\t\t  <div class=\"pix-leveles-dot-div\"><a href=\"https:\/\/fundacionexe.org.co\/caja-de-herramientas-material-guiado-implementacion\/\" target=\"\" class=\"pix-levels-dot bg-primary\" >\n\t\t\t\t  \t\t\t\t\t\t  <span class=\"pix-levels-dot-inner bg-dark-opacity-3\"><\/span>\n\t\t\t\t  \t\t\t\t\t  <\/a><\/div>\n\t\t\t  <\/div><p class=\"text-center pix-p-10 text-body-default\" ><a href=https:\/\/fundacionexe.org.co\/caja-de-herramientas-material-guiado-implementacion>Ver m\u00e1s<\/a><\/p><\/div><div class=\"col-xs-12 col-md pix-levels-step d-flex flex-column complete px-0\">\n\t\t\t  <div class=\"pix-levels-title text-center font-weight-bold text-heading-default pb-3 d-flex flex-column align-items-center justify-content-center\" style=\"font-size:18px;\">Evaluaci\u00f3n<\/div>\n\t\t\t  <div class=\"position-relative w-100 text-center mb-3\">\n\t\t\t\t  <div class=\"progress bg-gray-2\" ><div class=\"progress-bar bg-primary\" ><\/div><\/div>\n\t\t\t\t  <div class=\"pix-leveles-dot-div\"><a href=\"https:\/\/fundacionexe.org.co\/caja-de-herramientas-material-guiado-evaluacion\/\" target=\"\" class=\"pix-levels-dot bg-primary\" >\n\t\t\t\t  \t\t\t\t\t\t  <span class=\"pix-levels-dot-inner bg-dark-opacity-3\"><\/span>\n\t\t\t\t  \t\t\t\t\t  <\/a><\/div>\n\t\t\t  <\/div><p class=\"text-center pix-p-10 text-body-default\" ><a href=https:\/\/fundacionexe.org.co\/caja-de-herramientas-material-guiado-evaluacion\/>Ver m\u00e1s<\/a><\/p><\/div><\/div>[\/vc_column][\/vc_row][vc_section pix_over_visibility=&#8221;&#8221; css=&#8221;.vc_custom_1730144862850{margin-top: 20px !important;}&#8221;][\/vc_section][vc_section pix_over_visibility=&#8221;&#8221; css=&#8221;.vc_custom_1730143509426{margin-top: 20px !important;}&#8221;][vc_row pix_particles_check=&#8221;&#8221;][vc_column][vc_separator color=&#8221;custom&#8221; css=&#8221;.vc_custom_1730144880595{margin-top: 30px !important;}&#8221; accent_color=&#8221;#12344d&#8221;][\/vc_column][\/vc_row][vc_row pix_particles_check=&#8221;&#8221; css=&#8221;.vc_custom_1730143170366{margin-top: 20px !important;}&#8221;][vc_column width=&#8221;1\/2&#8243;]<div id=\"img-4526c13a0e1f471274f2c68a9536fb38\" class=\"pix-img-element pix-img-div  text-center \"><a href=\"https:\/\/fundacionexe.org.co\/\" target=\"_blank\" class=\"pix-img-el     text-center d-inline-block  rounded-0\"  aria-label=\"Image link\"><img loading=\"lazy\" decoding=\"async\" width=\"668\" height=\"207\" src=\"https:\/\/fundacionexe.org.co\/wp-content\/uploads\/2024\/10\/Logo-ExE-1-oscuro.png\" class=\"pix-img-elem rounded-0\" alt=\"Image link\" srcset=\"https:\/\/fundacionexe.org.co\/wp-content\/uploads\/2024\/10\/Logo-ExE-1-oscuro.png 668w, https:\/\/fundacionexe.org.co\/wp-content\/uploads\/2024\/10\/Logo-ExE-1-oscuro-300x93.png 300w\" sizes=\"auto, (max-width: 668px) 100vw, 668px\" \/><\/a><\/div>[\/vc_column][vc_column width=&#8221;1\/2&#8243;]<div id=\"img-fad9a640c5eecb179c0c7130b7aaad72\" class=\"pix-img-element pix-img-div  text-center \"><a href=\"https:\/\/www.bancomundial.org\/es\/home\" target=\"_blank\" class=\"pix-img-el     text-center d-inline-block  rounded-0\"  aria-label=\"Image link\"><img loading=\"lazy\" decoding=\"async\" width=\"333\" height=\"56\" src=\"https:\/\/fundacionexe.org.co\/wp-content\/uploads\/2024\/10\/wb-logo.png\" class=\"pix-img-elem rounded-0\" alt=\"Image link\" srcset=\"https:\/\/fundacionexe.org.co\/wp-content\/uploads\/2024\/10\/wb-logo.png 333w, https:\/\/fundacionexe.org.co\/wp-content\/uploads\/2024\/10\/wb-logo-300x50.png 300w\" sizes=\"auto, (max-width: 333px) 100vw, 333px\" \/><\/a><\/div>[\/vc_column][\/vc_row][\/vc_section]<\/p>\n<\/div>","protected":false},"excerpt":{"rendered":"[vc_section full_width=&#8221;stretch_row&#8221; pix_over_visibility=&#8221;&#8221; css=&#8221;.vc_custom_1729519559581{margin-top: -50px !important;background-color: #ffffff !important;}&#8221; b_custom_height=&#8221;300px&#8221;][vc_row full_width=&#8221;stretch_row&#8221; content_placement=&#8221;middle&#8221; pix_particles_check=&#8221;&#8221; css=&#8221;.vc_custom_1728420016981{margin-top: -30px !important;}&#8221;][vc_column][\/vc_column][\/vc_row][\/vc_section][vc_row full_width=&#8221;stretch_row&#8221; pix_particles_check=&#8221;&#8221; css=&#8221;.vc_custom_1729545918857{margin-top: 15px !important;padding-top: 40px !important;padding-bottom: 40px !important;background-color: #14354e !important;}&#8221;][vc_column][\/vc_column][\/vc_row][vc_section pix_over_visibility=&#8221;&#8221; css=&#8221;.vc_custom_1589729689084{padding-top: 40px !important;padding-bottom: 40px !important;}&#8221;][vc_row content_placement=&#8221;middle&#8221; pix_particles_check=&#8221;&#8221; css=&#8221;.vc_custom_1589595518450{padding-top: 60px !important;padding-bottom: 60px !important;}&#8221;][vc_column width=&#8221;5\/12&#8243;&#8230;","protected":false},"author":1,"featured_media":0,"parent":0,"menu_order":0,"comment_status":"closed","ping_status":"closed","template":"","meta":{"footnotes":""},"class_list":["post-222340","page","type-page","status-publish","hentry"],"yoast_head":"<!-- This site is optimized with the Yoast SEO plugin v27.3 - https:\/\/yoast.com\/product\/yoast-seo-wordpress\/ -->\n<title>Caja de Herramientas - material guiado - Fundaci\u00f3n Empresarios por la Educaci\u00f3n FExE<\/title>\n<meta name=\"robots\" content=\"index, follow, max-snippet:-1, max-image-preview:large, max-video-preview:-1\" \/>\n<link rel=\"canonical\" href=\"https:\/\/fundacionexe.org.co\/en\/caja-de-herramientas-material-guiado\/\" \/>\n<meta property=\"og:locale\" content=\"en_US\" \/>\n<meta property=\"og:type\" content=\"article\" \/>\n<meta property=\"og:title\" content=\"Caja de Herramientas - material guiado - Fundaci\u00f3n Empresarios por la Educaci\u00f3n FExE\" \/>\n<meta property=\"og:description\" content=\"[vc_section full_width=&#8221;stretch_row&#8221; pix_over_visibility=&#8221;&#8221; css=&#8221;.vc_custom_1729519559581{margin-top: -50px !important;background-color: #ffffff !important;}&#8221; b_custom_height=&#8221;300px&#8221;][vc_row full_width=&#8221;stretch_row&#8221; content_placement=&#8221;middle&#8221; pix_particles_check=&#8221;&#8221; css=&#8221;.vc_custom_1728420016981{margin-top: -30px !important;}&#8221;][vc_column][\/vc_column][\/vc_row][\/vc_section][vc_row full_width=&#8221;stretch_row&#8221; pix_particles_check=&#8221;&#8221; css=&#8221;.vc_custom_1729545918857{margin-top: 15px !important;padding-top: 40px !important;padding-bottom: 40px !important;background-color: #14354e !important;}&#8221;][vc_column][\/vc_column][\/vc_row][vc_section pix_over_visibility=&#8221;&#8221; css=&#8221;.vc_custom_1589729689084{padding-top: 40px !important;padding-bottom: 40px !important;}&#8221;][vc_row content_placement=&#8221;middle&#8221; pix_particles_check=&#8221;&#8221; css=&#8221;.vc_custom_1589595518450{padding-top: 60px !important;padding-bottom: 60px !important;}&#8221;][vc_column width=&#8221;5\/12&#8243;...\" \/>\n<meta property=\"og:url\" content=\"https:\/\/fundacionexe.org.co\/en\/caja-de-herramientas-material-guiado\/\" \/>\n<meta property=\"og:site_name\" content=\"Fundaci\u00f3n Empresarios por la Educaci\u00f3n FExE\" \/>\n<meta property=\"article:modified_time\" content=\"2025-03-03T19:12:58+00:00\" \/>\n<meta name=\"twitter:card\" content=\"summary_large_image\" \/>\n<meta name=\"twitter:label1\" content=\"Est. reading time\" \/>\n\t<meta name=\"twitter:data1\" content=\"1 minute\" \/>\n<script type=\"application\/ld+json\" class=\"yoast-schema-graph\">{\"@context\":\"https:\\\/\\\/schema.org\",\"@graph\":[{\"@type\":\"WebPage\",\"@id\":\"https:\\\/\\\/fundacionexe.org.co\\\/en\\\/caja-de-herramientas-material-guiado\\\/\",\"url\":\"https:\\\/\\\/fundacionexe.org.co\\\/en\\\/caja-de-herramientas-material-guiado\\\/\",\"name\":\"Caja de Herramientas - material guiado - Fundaci\u00f3n Empresarios por la Educaci\u00f3n FExE\",\"isPartOf\":{\"@id\":\"https:\\\/\\\/fundacionexe.org.co\\\/en\\\/#website\"},\"datePublished\":\"2024-10-21T12:20:55+00:00\",\"dateModified\":\"2025-03-03T19:12:58+00:00\",\"breadcrumb\":{\"@id\":\"https:\\\/\\\/fundacionexe.org.co\\\/en\\\/caja-de-herramientas-material-guiado\\\/#breadcrumb\"},\"inLanguage\":\"en-US\",\"potentialAction\":[{\"@type\":\"ReadAction\",\"target\":[\"https:\\\/\\\/fundacionexe.org.co\\\/en\\\/caja-de-herramientas-material-guiado\\\/\"]}]},{\"@type\":\"BreadcrumbList\",\"@id\":\"https:\\\/\\\/fundacionexe.org.co\\\/en\\\/caja-de-herramientas-material-guiado\\\/#breadcrumb\",\"itemListElement\":[{\"@type\":\"ListItem\",\"position\":1,\"name\":\"Portada\",\"item\":\"https:\\\/\\\/www.fundacionexe.org.co\\\/en\\\/\"},{\"@type\":\"ListItem\",\"position\":2,\"name\":\"Caja de Herramientas &#8211; material guiado\"}]},{\"@type\":\"WebSite\",\"@id\":\"https:\\\/\\\/fundacionexe.org.co\\\/en\\\/#website\",\"url\":\"https:\\\/\\\/fundacionexe.org.co\\\/en\\\/\",\"name\":\"Fundaci\u00f3n Empresarios por la Educaci\u00f3n FExE\",\"description\":\"Red de conocimiento independiente. Sumamos con informaci\u00f3n y evidencia para que Colombia d\u00e9 un salto en educaci\u00f3n de calidad.\",\"potentialAction\":[{\"@type\":\"SearchAction\",\"target\":{\"@type\":\"EntryPoint\",\"urlTemplate\":\"https:\\\/\\\/fundacionexe.org.co\\\/en\\\/?s={search_term_string}\"},\"query-input\":{\"@type\":\"PropertyValueSpecification\",\"valueRequired\":true,\"valueName\":\"search_term_string\"}}],\"inLanguage\":\"en-US\"}]}<\/script>\n<!-- \/ Yoast SEO plugin. -->","yoast_head_json":{"title":"Caja de Herramientas - material guiado - Fundaci\u00f3n Empresarios por la Educaci\u00f3n FExE","robots":{"index":"index","follow":"follow","max-snippet":"max-snippet:-1","max-image-preview":"max-image-preview:large","max-video-preview":"max-video-preview:-1"},"canonical":"https:\/\/fundacionexe.org.co\/en\/caja-de-herramientas-material-guiado\/","og_locale":"en_US","og_type":"article","og_title":"Caja de Herramientas - material guiado - Fundaci\u00f3n Empresarios por la Educaci\u00f3n FExE","og_description":"[vc_section full_width=&#8221;stretch_row&#8221; pix_over_visibility=&#8221;&#8221; css=&#8221;.vc_custom_1729519559581{margin-top: -50px !important;background-color: #ffffff !important;}&#8221; b_custom_height=&#8221;300px&#8221;][vc_row full_width=&#8221;stretch_row&#8221; content_placement=&#8221;middle&#8221; pix_particles_check=&#8221;&#8221; css=&#8221;.vc_custom_1728420016981{margin-top: -30px !important;}&#8221;][vc_column][\/vc_column][\/vc_row][\/vc_section][vc_row full_width=&#8221;stretch_row&#8221; pix_particles_check=&#8221;&#8221; css=&#8221;.vc_custom_1729545918857{margin-top: 15px !important;padding-top: 40px !important;padding-bottom: 40px !important;background-color: #14354e !important;}&#8221;][vc_column][\/vc_column][\/vc_row][vc_section pix_over_visibility=&#8221;&#8221; css=&#8221;.vc_custom_1589729689084{padding-top: 40px !important;padding-bottom: 40px !important;}&#8221;][vc_row content_placement=&#8221;middle&#8221; pix_particles_check=&#8221;&#8221; css=&#8221;.vc_custom_1589595518450{padding-top: 60px !important;padding-bottom: 60px !important;}&#8221;][vc_column width=&#8221;5\/12&#8243;...","og_url":"https:\/\/fundacionexe.org.co\/en\/caja-de-herramientas-material-guiado\/","og_site_name":"Fundaci\u00f3n Empresarios por la Educaci\u00f3n FExE","article_modified_time":"2025-03-03T19:12:58+00:00","twitter_card":"summary_large_image","twitter_misc":{"Est. reading time":"1 minute"},"schema":{"@context":"https:\/\/schema.org","@graph":[{"@type":"WebPage","@id":"https:\/\/fundacionexe.org.co\/en\/caja-de-herramientas-material-guiado\/","url":"https:\/\/fundacionexe.org.co\/en\/caja-de-herramientas-material-guiado\/","name":"Caja de Herramientas - material guiado - Fundaci\u00f3n Empresarios por la Educaci\u00f3n FExE","isPartOf":{"@id":"https:\/\/fundacionexe.org.co\/en\/#website"},"datePublished":"2024-10-21T12:20:55+00:00","dateModified":"2025-03-03T19:12:58+00:00","breadcrumb":{"@id":"https:\/\/fundacionexe.org.co\/en\/caja-de-herramientas-material-guiado\/#breadcrumb"},"inLanguage":"en-US","potentialAction":[{"@type":"ReadAction","target":["https:\/\/fundacionexe.org.co\/en\/caja-de-herramientas-material-guiado\/"]}]},{"@type":"BreadcrumbList","@id":"https:\/\/fundacionexe.org.co\/en\/caja-de-herramientas-material-guiado\/#breadcrumb","itemListElement":[{"@type":"ListItem","position":1,"name":"Portada","item":"https:\/\/www.fundacionexe.org.co\/en\/"},{"@type":"ListItem","position":2,"name":"Caja de Herramientas &#8211; material guiado"}]},{"@type":"WebSite","@id":"https:\/\/fundacionexe.org.co\/en\/#website","url":"https:\/\/fundacionexe.org.co\/en\/","name":"Fundaci\u00f3n Empresarios por la Educaci\u00f3n FExE","description":"Red de conocimiento independiente. Sumamos con informaci\u00f3n y evidencia para que Colombia d\u00e9 un salto en educaci\u00f3n de calidad.","potentialAction":[{"@type":"SearchAction","target":{"@type":"EntryPoint","urlTemplate":"https:\/\/fundacionexe.org.co\/en\/?s={search_term_string}"},"query-input":{"@type":"PropertyValueSpecification","valueRequired":true,"valueName":"search_term_string"}}],"inLanguage":"en-US"}]}},"_links":{"self":[{"href":"https:\/\/fundacionexe.org.co\/en\/wp-json\/wp\/v2\/pages\/222340","targetHints":{"allow":["GET"]}}],"collection":[{"href":"https:\/\/fundacionexe.org.co\/en\/wp-json\/wp\/v2\/pages"}],"about":[{"href":"https:\/\/fundacionexe.org.co\/en\/wp-json\/wp\/v2\/types\/page"}],"author":[{"embeddable":true,"href":"https:\/\/fundacionexe.org.co\/en\/wp-json\/wp\/v2\/users\/1"}],"replies":[{"embeddable":true,"href":"https:\/\/fundacionexe.org.co\/en\/wp-json\/wp\/v2\/comments?post=222340"}],"version-history":[{"count":3,"href":"https:\/\/fundacionexe.org.co\/en\/wp-json\/wp\/v2\/pages\/222340\/revisions"}],"predecessor-version":[{"id":224435,"href":"https:\/\/fundacionexe.org.co\/en\/wp-json\/wp\/v2\/pages\/222340\/revisions\/224435"}],"wp:attachment":[{"href":"https:\/\/fundacionexe.org.co\/en\/wp-json\/wp\/v2\/media?parent=222340"}],"curies":[{"name":"wp","href":"https:\/\/api.w.org\/{rel}","templated":true}]}}