{"id":222506,"date":"2024-10-28T17:04:50","date_gmt":"2024-10-28T16:04:50","guid":{"rendered":"https:\/\/qa.fundacionexe.org.co\/?page_id=222506"},"modified":"2025-01-21T22:37:09","modified_gmt":"2025-01-21T21:37:09","slug":"caja-de-herramientas-no-he-disenado-un-programa-aun","status":"publish","type":"page","link":"https:\/\/fundacionexe.org.co\/en\/caja-de-herramientas-no-he-disenado-un-programa-aun\/","title":{"rendered":"Caja de Herramientas  &#8211; No he dise\u00f1ado un programa a\u00fan"},"content":{"rendered":"<div class=\"wpb-content-wrapper\"><p>[vc_section full_width=&#8221;stretch_row&#8221; pix_over_visibility=&#8221;&#8221; css=&#8221;.vc_custom_1729519559581{margin-top: -50px !important;background-color: #ffffff !important;}&#8221; b_custom_height=&#8221;300px&#8221;][vc_row full_width=&#8221;stretch_row&#8221; content_placement=&#8221;middle&#8221; pix_particles_check=&#8221;&#8221; css=&#8221;.vc_custom_1728420016981{margin-top: -30px !important;}&#8221;][vc_column]<div class=\"pix-circles-elem d-flex flex-column flex-sm-row w-100 justify-content-center justify-content-sm-end  \"><div class=\"pix-circles pix-sm-circles d-inline-flex align-items-center align-middle justify-content-center justify-content-sm-end\"><a class=\"align-middle circle-item pix-mr-5  animate-in shadow-sm \" data-anim-type=\"fade-in-left\" data-anim-delay=\"0\"  href=\"https:\/\/fundacionexe.org.co\/inicio-caja-de-herramientas\/\"   data-toggle=\"tooltip\" data-html=\"true\" data-placement=\"bottom\" title=\"Inicio\" aria-label=\"Inicio\"><img loading=\"lazy\" decoding=\"async\" src=\"https:\/\/fundacionexe.org.co\/wp-content\/uploads\/2024\/10\/logo-inicio.png\" srcset=\"https:\/\/fundacionexe.org.co\/wp-content\/uploads\/2024\/10\/logo-inicio.png 164w, https:\/\/fundacionexe.org.co\/wp-content\/uploads\/2024\/10\/logo-inicio-75x75.png 75w\" sizes=\"auto, (max-width: 164px) 100vw, 164px\" width=\"60\" height=\"60\" class=\"rounded-circle bg-white\"  alt=\"\" \/><\/a><a class=\"align-middle circle-item pix-mr-5  animate-in shadow-sm \" data-anim-type=\"fade-in-left\" data-anim-delay=\"100\"  href=\"https:\/\/fundacionexe.org.co\/caja-de-herramientas-encuesta-principal\/\"   data-toggle=\"tooltip\" data-html=\"true\" data-placement=\"bottom\" title=\"Encuesta de Autoevaluaci\u00f3n\" aria-label=\"Encuesta de Autoevaluaci\u00f3n\"><img loading=\"lazy\" decoding=\"async\" src=\"https:\/\/fundacionexe.org.co\/wp-content\/uploads\/2024\/10\/auto.png\" srcset=\"https:\/\/fundacionexe.org.co\/wp-content\/uploads\/2024\/10\/auto-300x300.png 300w, https:\/\/fundacionexe.org.co\/wp-content\/uploads\/2024\/10\/auto-150x150.png 150w, https:\/\/fundacionexe.org.co\/wp-content\/uploads\/2024\/10\/auto-75x75.png 75w, https:\/\/fundacionexe.org.co\/wp-content\/uploads\/2024\/10\/auto.png 350w\" sizes=\"auto, (max-width: 350px) 100vw, 350px\" width=\"60\" height=\"60\" class=\"rounded-circle bg-white\"  alt=\"\" \/><\/a><a class=\"align-middle circle-item pix-mr-5  animate-in shadow-sm \" data-anim-type=\"fade-in-left\" data-anim-delay=\"200\"  href=\"https:\/\/fundacionexe.org.co\/caja-de-herramientas-material-guiado\/\"   data-toggle=\"tooltip\" data-html=\"true\" data-placement=\"bottom\" title=\"Material Guiado\" aria-label=\"Material Guiado\"><img loading=\"lazy\" decoding=\"async\" src=\"https:\/\/fundacionexe.org.co\/wp-content\/uploads\/2024\/10\/materi-460x460.png\" srcset=\"https:\/\/fundacionexe.org.co\/wp-content\/uploads\/2024\/10\/materi-300x300.png 300w, https:\/\/fundacionexe.org.co\/wp-content\/uploads\/2024\/10\/materi-150x150.png 150w, https:\/\/fundacionexe.org.co\/wp-content\/uploads\/2024\/10\/materi-400x400.png 400w, https:\/\/fundacionexe.org.co\/wp-content\/uploads\/2024\/10\/materi-75x75.png 75w, https:\/\/fundacionexe.org.co\/wp-content\/uploads\/2024\/10\/materi-460x460.png 460w, https:\/\/fundacionexe.org.co\/wp-content\/uploads\/2024\/10\/materi.png 512w\" sizes=\"auto, (max-width: 512px) 100vw, 512px\" width=\"60\" height=\"60\" class=\"rounded-circle bg-white\"  alt=\"\" \/><\/a><\/div><div class=\"pix-ml-5 align-items-center align-items-center d-flex pt-md-0 pt-3 justify-content-center justify-content-sm-end\"><div class=\"d-block w-100 text-right\"><span  class=\"btn mb-0      btn-primary d-inline-flex align-items-center     btn-rounded animate-in pix-btn-div btn-md\"   data-anim-type=\"fade-in-left\" data-anim-delay=\"300\" ><svg class=\"pixfort-icon font-weight-bold   mr-2\" width=\"24\" height=\"24\"  data-name=\"Line\/pixfort-icon-arrow-left-circle-1\" viewBox=\"2 2 20 20\"><path fill=\"none\" stroke=\"var(--pf-icon-color)\" stroke-linecap=\"round\" stroke-linejoin=\"round\" stroke-width=\"var(--pf-icon-stroke-width)\" d=\"M12,21 C16.9705627,21 21,16.9705627 21,12 C21,7.02943725 16.9705627,3 12,3 C7.02943725,3 3,7.02943725 3,12 C3,16.9705627 7.02943725,21 12,21 Z M8,12 L17,12 M12,17 L7,12 L12,7\"\/><\/svg><span class=\"font-weight-bold \" >Seleccione<\/span><\/span><\/div><\/div><\/div>[\/vc_column][\/vc_row][\/vc_section][vc_row full_width=&#8221;stretch_row&#8221; pix_particles_check=&#8221;&#8221; css=&#8221;.vc_custom_1729555482361{margin-top: 15px !important;padding-top: 40px !important;padding-bottom: 40px !important;background-color: #14354e !important;}&#8221;][vc_column]<div id=\"el1728919624455-a39b627d-7938\" class=\"mb-3 text-center  vc_custom_1729555491113\"><div class=\"d-inline-block\" style=\"max-width:600px;\"><h4 class=\"mb-32 pix-sliding-headline-2 animate-in font-weight-bold secondary-font \" data-anim-type=\"pix-sliding-text\" data-class=\"secondary-font text-white\" style=\"\"><span class=\"slide-in-container \"><span class=\"pix-sliding-item secondary-font text-white\" style=\"transition-delay: 0ms;\">ENCUESTA&#32;<\/span><\/span> <span class=\"slide-in-container \"><span class=\"pix-sliding-item secondary-font text-white\" style=\"transition-delay: 150ms;\">DE&#32;<\/span><\/span> <span class=\"slide-in-container \"><span class=\"pix-sliding-item secondary-font text-white\" style=\"transition-delay: 300ms;\">AUTOEVALUACI\u00d3N&#32;<\/span><\/span> <\/h4><\/div><\/div>[\/vc_column][\/vc_row][vc_section pix_over_visibility=&#8221;&#8221; css=&#8221;.vc_custom_1730146312002{margin-top: 40px !important;background-color: #ecf2f6 !important;}&#8221;][vc_row content_placement=&#8221;middle&#8221; pix_particles_check=&#8221;&#8221;][vc_column css=&#8221;.vc_custom_1729557048348{margin-top: -30px !important;padding-top: 20px !important;padding-bottom: 20px !important;}&#8221;][vc_column_text css=&#8221;&#8221;]<\/p>\r\n<p style=\"text-align: center;\">Usted a\u00fan\u00a0<strong>no ha comenzado el dise\u00f1o<\/strong>\u00a0de su programa o proyecto. En el ciclo de vida de un proyecto este se realiza en la etapa de dise\u00f1o. Lo invitamos a revisar y fortalecer los elementos de su proyecto o programa en\u00a0<strong>etapas previas al dise\u00f1o<\/strong>\u00a0para que pueda realizarlo con \u00e9xito. El siguiente v\u00ednculo le permitir\u00e1 acceder a material con el que podr\u00e1 profundizar en la\u00a0<strong>etapa de diagn\u00f3stico<\/strong>.<\/p>\r\n<p>[\/vc_column_text][\/vc_column][\/vc_row][vc_row content_placement=&#8221;middle&#8221; pix_particles_check=&#8221;&#8221; css=&#8221;.vc_custom_1730135660663{margin-top: -20px !important;}&#8221;][vc_column width=&#8221;1\/3&#8243; css=&#8221;.vc_custom_1605062666068{padding-top: 40px !important;padding-right: 20px !important;padding-bottom: 40px !important;padding-left: 20px !important;}&#8221;][\/vc_column][vc_column width=&#8221;1\/3&#8243;]<div class=\"pix-content-box card      vc_custom_1730143654845    rounded-lg  bg- w-100  \"    ><div class=\"\" style=\"z-index:30;position:relative;\">[vc_column_text css=&#8221;&#8221;]<center><img loading=\"lazy\" decoding=\"async\" class=\"alignnone size-full wp-image-222509\" src=\"https:\/\/fundacionexe.org.co\/wp-content\/uploads\/2024\/10\/phase-1-diagnostics-1.png\" alt=\"\" width=\"83\" height=\"81\" \/><\/p>\r\n<h6 style=\"text-align: center;\">Diagn\u00f3stico<\/h6>\r\n<p>[\/vc_column_text]<div class=\"d-block w-100 text-center\"><a  href=\"https:\/\/fundacionexe.org.co\/caja-de-herramientas-diagnostico\/\" class=\"btn mb-2      btn-yellow d-inline-flex align-items-center     btn-rounded pix-btn-div btn-md\"     ><span class=\"font-weight-bold \" >Ver m\u00e1s<\/span><\/a><\/div><\/div><\/div>[\/vc_column][vc_column width=&#8221;1\/3&#8243;][\/vc_column][\/vc_row][\/vc_section][vc_section pix_over_visibility=&#8221;&#8221;][vc_row pix_particles_check=&#8221;&#8221;][vc_column][\/vc_column][\/vc_row][vc_row pix_particles_check=&#8221;&#8221; css=&#8221;.vc_custom_1730143170366{margin-top: 20px !important;}&#8221;][vc_column width=&#8221;1\/2&#8243;]<div id=\"img-4526c13a0e1f471274f2c68a9536fb38\" class=\"pix-img-element pix-img-div  text-center \"><a href=\"https:\/\/fundacionexe.org.co\/\" target=\"_blank\" class=\"pix-img-el     text-center d-inline-block  rounded-0\"  aria-label=\"Image link\"><img loading=\"lazy\" decoding=\"async\" width=\"668\" height=\"207\" src=\"https:\/\/fundacionexe.org.co\/wp-content\/uploads\/2024\/10\/Logo-ExE-1-oscuro.png\" class=\"pix-img-elem rounded-0\" alt=\"Image link\" srcset=\"https:\/\/fundacionexe.org.co\/wp-content\/uploads\/2024\/10\/Logo-ExE-1-oscuro.png 668w, https:\/\/fundacionexe.org.co\/wp-content\/uploads\/2024\/10\/Logo-ExE-1-oscuro-300x93.png 300w\" sizes=\"auto, (max-width: 668px) 100vw, 668px\" \/><\/a><\/div>[\/vc_column][vc_column width=&#8221;1\/2&#8243;]<div id=\"img-fad9a640c5eecb179c0c7130b7aaad72\" class=\"pix-img-element pix-img-div  text-center \"><a href=\"https:\/\/www.bancomundial.org\/es\/home\" target=\"_blank\" class=\"pix-img-el     text-center d-inline-block  rounded-0\"  aria-label=\"Image link\"><img loading=\"lazy\" decoding=\"async\" width=\"333\" height=\"56\" src=\"https:\/\/fundacionexe.org.co\/wp-content\/uploads\/2024\/10\/wb-logo.png\" class=\"pix-img-elem rounded-0\" alt=\"Image link\" srcset=\"https:\/\/fundacionexe.org.co\/wp-content\/uploads\/2024\/10\/wb-logo.png 333w, https:\/\/fundacionexe.org.co\/wp-content\/uploads\/2024\/10\/wb-logo-300x50.png 300w\" sizes=\"auto, (max-width: 333px) 100vw, 333px\" \/><\/a><\/div>[\/vc_column][\/vc_row][\/vc_section]<\/p>\r\n<\/div>","protected":false},"excerpt":{"rendered":"[vc_section full_width=&#8221;stretch_row&#8221; pix_over_visibility=&#8221;&#8221; css=&#8221;.vc_custom_1729519559581{margin-top: -50px !important;background-color: #ffffff !important;}&#8221; b_custom_height=&#8221;300px&#8221;][vc_row full_width=&#8221;stretch_row&#8221; content_placement=&#8221;middle&#8221; pix_particles_check=&#8221;&#8221; css=&#8221;.vc_custom_1728420016981{margin-top: -30px !important;}&#8221;][vc_column][\/vc_column][\/vc_row][\/vc_section][vc_row full_width=&#8221;stretch_row&#8221; pix_particles_check=&#8221;&#8221; css=&#8221;.vc_custom_1729555482361{margin-top: 15px !important;padding-top: 40px !important;padding-bottom: 40px !important;background-color: #14354e !important;}&#8221;][vc_column][\/vc_column][\/vc_row][vc_section pix_over_visibility=&#8221;&#8221; css=&#8221;.vc_custom_1730146312002{margin-top: 40px !important;background-color: #ecf2f6 !important;}&#8221;][vc_row content_placement=&#8221;middle&#8221; pix_particles_check=&#8221;&#8221;][vc_column css=&#8221;.vc_custom_1729557048348{margin-top: -30px !important;padding-top: 20px !important;padding-bottom: 20px&#8230;","protected":false},"author":1,"featured_media":0,"parent":0,"menu_order":0,"comment_status":"closed","ping_status":"closed","template":"","meta":{"footnotes":""},"class_list":["post-222506","page","type-page","status-publish","hentry"],"yoast_head":"<!-- This site is optimized with the Yoast SEO plugin v27.4 - https:\/\/yoast.com\/product\/yoast-seo-wordpress\/ -->\n<title>Caja de Herramientas - No he dise\u00f1ado un programa a\u00fan - Fundaci\u00f3n Empresarios por la Educaci\u00f3n FExE<\/title>\n<meta name=\"robots\" content=\"index, follow, max-snippet:-1, max-image-preview:large, max-video-preview:-1\" \/>\n<link rel=\"canonical\" href=\"https:\/\/fundacionexe.org.co\/en\/caja-de-herramientas-no-he-disenado-un-programa-aun\/\" \/>\n<meta property=\"og:locale\" content=\"en_US\" \/>\n<meta property=\"og:type\" content=\"article\" \/>\n<meta property=\"og:title\" content=\"Caja de Herramientas - No he dise\u00f1ado un programa a\u00fan - Fundaci\u00f3n Empresarios por la Educaci\u00f3n FExE\" \/>\n<meta property=\"og:description\" content=\"[vc_section full_width=&#8221;stretch_row&#8221; pix_over_visibility=&#8221;&#8221; css=&#8221;.vc_custom_1729519559581{margin-top: -50px !important;background-color: #ffffff !important;}&#8221; b_custom_height=&#8221;300px&#8221;][vc_row full_width=&#8221;stretch_row&#8221; content_placement=&#8221;middle&#8221; pix_particles_check=&#8221;&#8221; css=&#8221;.vc_custom_1728420016981{margin-top: -30px !important;}&#8221;][vc_column][\/vc_column][\/vc_row][\/vc_section][vc_row full_width=&#8221;stretch_row&#8221; pix_particles_check=&#8221;&#8221; css=&#8221;.vc_custom_1729555482361{margin-top: 15px !important;padding-top: 40px !important;padding-bottom: 40px !important;background-color: #14354e !important;}&#8221;][vc_column][\/vc_column][\/vc_row][vc_section pix_over_visibility=&#8221;&#8221; css=&#8221;.vc_custom_1730146312002{margin-top: 40px !important;background-color: #ecf2f6 !important;}&#8221;][vc_row content_placement=&#8221;middle&#8221; pix_particles_check=&#8221;&#8221;][vc_column css=&#8221;.vc_custom_1729557048348{margin-top: -30px !important;padding-top: 20px !important;padding-bottom: 20px...\" \/>\n<meta property=\"og:url\" content=\"https:\/\/fundacionexe.org.co\/en\/caja-de-herramientas-no-he-disenado-un-programa-aun\/\" \/>\n<meta property=\"og:site_name\" content=\"Fundaci\u00f3n Empresarios por la Educaci\u00f3n FExE\" \/>\n<meta property=\"article:modified_time\" content=\"2025-01-21T21:37:09+00:00\" \/>\n<meta property=\"og:image\" content=\"https:\/\/fundacionexe.org.co\/wp-content\/uploads\/2024\/10\/phase-1-diagnostics-1.png\" \/>\n<meta name=\"twitter:card\" content=\"summary_large_image\" \/>\n<meta name=\"twitter:label1\" content=\"Est. reading time\" \/>\n\t<meta name=\"twitter:data1\" content=\"2 minutes\" \/>\n<script type=\"application\/ld+json\" class=\"yoast-schema-graph\">{\"@context\":\"https:\\\/\\\/schema.org\",\"@graph\":[{\"@type\":\"WebPage\",\"@id\":\"https:\\\/\\\/fundacionexe.org.co\\\/en\\\/caja-de-herramientas-no-he-disenado-un-programa-aun\\\/\",\"url\":\"https:\\\/\\\/fundacionexe.org.co\\\/en\\\/caja-de-herramientas-no-he-disenado-un-programa-aun\\\/\",\"name\":\"Caja de Herramientas - No he dise\u00f1ado un programa a\u00fan - Fundaci\u00f3n Empresarios por la Educaci\u00f3n FExE\",\"isPartOf\":{\"@id\":\"https:\\\/\\\/cajadeherramientas.fundacionexe.org.co\\\/en\\\/#website\"},\"primaryImageOfPage\":{\"@id\":\"https:\\\/\\\/fundacionexe.org.co\\\/en\\\/caja-de-herramientas-no-he-disenado-un-programa-aun\\\/#primaryimage\"},\"image\":{\"@id\":\"https:\\\/\\\/fundacionexe.org.co\\\/en\\\/caja-de-herramientas-no-he-disenado-un-programa-aun\\\/#primaryimage\"},\"thumbnailUrl\":\"https:\\\/\\\/fundacionexe.org.co\\\/wp-content\\\/uploads\\\/2024\\\/10\\\/phase-1-diagnostics-1.png\",\"datePublished\":\"2024-10-28T16:04:50+00:00\",\"dateModified\":\"2025-01-21T21:37:09+00:00\",\"breadcrumb\":{\"@id\":\"https:\\\/\\\/fundacionexe.org.co\\\/en\\\/caja-de-herramientas-no-he-disenado-un-programa-aun\\\/#breadcrumb\"},\"inLanguage\":\"en-US\",\"potentialAction\":[{\"@type\":\"ReadAction\",\"target\":[\"https:\\\/\\\/fundacionexe.org.co\\\/en\\\/caja-de-herramientas-no-he-disenado-un-programa-aun\\\/\"]}]},{\"@type\":\"ImageObject\",\"inLanguage\":\"en-US\",\"@id\":\"https:\\\/\\\/fundacionexe.org.co\\\/en\\\/caja-de-herramientas-no-he-disenado-un-programa-aun\\\/#primaryimage\",\"url\":\"https:\\\/\\\/fundacionexe.org.co\\\/wp-content\\\/uploads\\\/2024\\\/10\\\/phase-1-diagnostics-1.png\",\"contentUrl\":\"https:\\\/\\\/fundacionexe.org.co\\\/wp-content\\\/uploads\\\/2024\\\/10\\\/phase-1-diagnostics-1.png\"},{\"@type\":\"BreadcrumbList\",\"@id\":\"https:\\\/\\\/fundacionexe.org.co\\\/en\\\/caja-de-herramientas-no-he-disenado-un-programa-aun\\\/#breadcrumb\",\"itemListElement\":[{\"@type\":\"ListItem\",\"position\":1,\"name\":\"Portada\",\"item\":\"https:\\\/\\\/prod.fundacionexe.org.co\\\/en\\\/\"},{\"@type\":\"ListItem\",\"position\":2,\"name\":\"Caja de Herramientas &#8211; No he dise\u00f1ado un programa a\u00fan\"}]},{\"@type\":\"WebSite\",\"@id\":\"https:\\\/\\\/cajadeherramientas.fundacionexe.org.co\\\/en\\\/#website\",\"url\":\"https:\\\/\\\/cajadeherramientas.fundacionexe.org.co\\\/en\\\/\",\"name\":\"Fundaci\u00f3n Empresarios por la Educaci\u00f3n FExE\",\"description\":\"Red de conocimiento independiente. Sumamos con informaci\u00f3n y evidencia para que Colombia d\u00e9 un salto en educaci\u00f3n de calidad.\",\"potentialAction\":[{\"@type\":\"SearchAction\",\"target\":{\"@type\":\"EntryPoint\",\"urlTemplate\":\"https:\\\/\\\/cajadeherramientas.fundacionexe.org.co\\\/en\\\/?s={search_term_string}\"},\"query-input\":{\"@type\":\"PropertyValueSpecification\",\"valueRequired\":true,\"valueName\":\"search_term_string\"}}],\"inLanguage\":\"en-US\"}]}<\/script>\n<!-- \/ Yoast SEO plugin. -->","yoast_head_json":{"title":"Caja de Herramientas - No he dise\u00f1ado un programa a\u00fan - Fundaci\u00f3n Empresarios por la Educaci\u00f3n FExE","robots":{"index":"index","follow":"follow","max-snippet":"max-snippet:-1","max-image-preview":"max-image-preview:large","max-video-preview":"max-video-preview:-1"},"canonical":"https:\/\/fundacionexe.org.co\/en\/caja-de-herramientas-no-he-disenado-un-programa-aun\/","og_locale":"en_US","og_type":"article","og_title":"Caja de Herramientas - No he dise\u00f1ado un programa a\u00fan - Fundaci\u00f3n Empresarios por la Educaci\u00f3n FExE","og_description":"[vc_section full_width=&#8221;stretch_row&#8221; pix_over_visibility=&#8221;&#8221; css=&#8221;.vc_custom_1729519559581{margin-top: -50px !important;background-color: #ffffff !important;}&#8221; b_custom_height=&#8221;300px&#8221;][vc_row full_width=&#8221;stretch_row&#8221; content_placement=&#8221;middle&#8221; pix_particles_check=&#8221;&#8221; css=&#8221;.vc_custom_1728420016981{margin-top: -30px !important;}&#8221;][vc_column][\/vc_column][\/vc_row][\/vc_section][vc_row full_width=&#8221;stretch_row&#8221; pix_particles_check=&#8221;&#8221; css=&#8221;.vc_custom_1729555482361{margin-top: 15px !important;padding-top: 40px !important;padding-bottom: 40px !important;background-color: #14354e !important;}&#8221;][vc_column][\/vc_column][\/vc_row][vc_section pix_over_visibility=&#8221;&#8221; css=&#8221;.vc_custom_1730146312002{margin-top: 40px !important;background-color: #ecf2f6 !important;}&#8221;][vc_row content_placement=&#8221;middle&#8221; pix_particles_check=&#8221;&#8221;][vc_column css=&#8221;.vc_custom_1729557048348{margin-top: -30px !important;padding-top: 20px !important;padding-bottom: 20px...","og_url":"https:\/\/fundacionexe.org.co\/en\/caja-de-herramientas-no-he-disenado-un-programa-aun\/","og_site_name":"Fundaci\u00f3n Empresarios por la Educaci\u00f3n FExE","article_modified_time":"2025-01-21T21:37:09+00:00","og_image":[{"url":"https:\/\/fundacionexe.org.co\/wp-content\/uploads\/2024\/10\/phase-1-diagnostics-1.png","type":"","width":"","height":""}],"twitter_card":"summary_large_image","twitter_misc":{"Est. reading time":"2 minutes"},"schema":{"@context":"https:\/\/schema.org","@graph":[{"@type":"WebPage","@id":"https:\/\/fundacionexe.org.co\/en\/caja-de-herramientas-no-he-disenado-un-programa-aun\/","url":"https:\/\/fundacionexe.org.co\/en\/caja-de-herramientas-no-he-disenado-un-programa-aun\/","name":"Caja de Herramientas - No he dise\u00f1ado un programa a\u00fan - Fundaci\u00f3n Empresarios por la Educaci\u00f3n FExE","isPartOf":{"@id":"https:\/\/cajadeherramientas.fundacionexe.org.co\/en\/#website"},"primaryImageOfPage":{"@id":"https:\/\/fundacionexe.org.co\/en\/caja-de-herramientas-no-he-disenado-un-programa-aun\/#primaryimage"},"image":{"@id":"https:\/\/fundacionexe.org.co\/en\/caja-de-herramientas-no-he-disenado-un-programa-aun\/#primaryimage"},"thumbnailUrl":"https:\/\/fundacionexe.org.co\/wp-content\/uploads\/2024\/10\/phase-1-diagnostics-1.png","datePublished":"2024-10-28T16:04:50+00:00","dateModified":"2025-01-21T21:37:09+00:00","breadcrumb":{"@id":"https:\/\/fundacionexe.org.co\/en\/caja-de-herramientas-no-he-disenado-un-programa-aun\/#breadcrumb"},"inLanguage":"en-US","potentialAction":[{"@type":"ReadAction","target":["https:\/\/fundacionexe.org.co\/en\/caja-de-herramientas-no-he-disenado-un-programa-aun\/"]}]},{"@type":"ImageObject","inLanguage":"en-US","@id":"https:\/\/fundacionexe.org.co\/en\/caja-de-herramientas-no-he-disenado-un-programa-aun\/#primaryimage","url":"https:\/\/fundacionexe.org.co\/wp-content\/uploads\/2024\/10\/phase-1-diagnostics-1.png","contentUrl":"https:\/\/fundacionexe.org.co\/wp-content\/uploads\/2024\/10\/phase-1-diagnostics-1.png"},{"@type":"BreadcrumbList","@id":"https:\/\/fundacionexe.org.co\/en\/caja-de-herramientas-no-he-disenado-un-programa-aun\/#breadcrumb","itemListElement":[{"@type":"ListItem","position":1,"name":"Portada","item":"https:\/\/prod.fundacionexe.org.co\/en\/"},{"@type":"ListItem","position":2,"name":"Caja de Herramientas &#8211; No he dise\u00f1ado un programa a\u00fan"}]},{"@type":"WebSite","@id":"https:\/\/cajadeherramientas.fundacionexe.org.co\/en\/#website","url":"https:\/\/cajadeherramientas.fundacionexe.org.co\/en\/","name":"Fundaci\u00f3n Empresarios por la Educaci\u00f3n FExE","description":"Red de conocimiento independiente. Sumamos con informaci\u00f3n y evidencia para que Colombia d\u00e9 un salto en educaci\u00f3n de calidad.","potentialAction":[{"@type":"SearchAction","target":{"@type":"EntryPoint","urlTemplate":"https:\/\/cajadeherramientas.fundacionexe.org.co\/en\/?s={search_term_string}"},"query-input":{"@type":"PropertyValueSpecification","valueRequired":true,"valueName":"search_term_string"}}],"inLanguage":"en-US"}]}},"_links":{"self":[{"href":"https:\/\/fundacionexe.org.co\/en\/wp-json\/wp\/v2\/pages\/222506","targetHints":{"allow":["GET"]}}],"collection":[{"href":"https:\/\/fundacionexe.org.co\/en\/wp-json\/wp\/v2\/pages"}],"about":[{"href":"https:\/\/fundacionexe.org.co\/en\/wp-json\/wp\/v2\/types\/page"}],"author":[{"embeddable":true,"href":"https:\/\/fundacionexe.org.co\/en\/wp-json\/wp\/v2\/users\/1"}],"replies":[{"embeddable":true,"href":"https:\/\/fundacionexe.org.co\/en\/wp-json\/wp\/v2\/comments?post=222506"}],"version-history":[{"count":2,"href":"https:\/\/fundacionexe.org.co\/en\/wp-json\/wp\/v2\/pages\/222506\/revisions"}],"predecessor-version":[{"id":222588,"href":"https:\/\/fundacionexe.org.co\/en\/wp-json\/wp\/v2\/pages\/222506\/revisions\/222588"}],"wp:attachment":[{"href":"https:\/\/fundacionexe.org.co\/en\/wp-json\/wp\/v2\/media?parent=222506"}],"curies":[{"name":"wp","href":"https:\/\/api.w.org\/{rel}","templated":true}]}}