{"id":223759,"date":"2024-10-21T21:53:44","date_gmt":"2024-10-21T19:53:44","guid":{"rendered":"https:\/\/fundacionexe.org.co\/toolkit-principal-survey\/"},"modified":"2025-02-03T20:12:45","modified_gmt":"2025-02-03T19:12:45","slug":"toolkit-principal-survey","status":"publish","type":"page","link":"https:\/\/fundacionexe.org.co\/en\/toolkit-principal-survey\/","title":{"rendered":"ToolKit &#8211; Principal survey"},"content":{"rendered":"<div class=\"wpb-content-wrapper\"><p>[vc_section full_width=&#8221;stretch_row&#8221; pix_over_visibility=&#8221;&#8221; css=&#8221;.vc_custom_1729519559581{margin-top: -50px !important;background-color: #ffffff !important;}&#8221; b_custom_height=&#8221;300px&#8221;][vc_row full_width=&#8221;stretch_row&#8221; content_placement=&#8221;middle&#8221; pix_particles_check=&#8221;&#8221; css=&#8221;.vc_custom_1728420016981{margin-top: -30px !important;}&#8221;][vc_column]<div class=\"pix-circles-elem d-flex flex-column flex-sm-row w-100 justify-content-center justify-content-sm-end  \"><div class=\"pix-circles pix-sm-circles d-inline-flex align-items-center align-middle justify-content-center justify-content-sm-end\"><a class=\"align-middle circle-item pix-mr-5  animate-in shadow-sm \" data-anim-type=\"fade-in-left\" data-anim-delay=\"0\"  href=\"https:\/\/fundacionexe.org.co\/inicio-caja-de-herramientas\/\"   data-toggle=\"tooltip\" data-html=\"true\" data-placement=\"bottom\" title=\"Home\" aria-label=\"Home\"><img loading=\"lazy\" decoding=\"async\" src=\"https:\/\/fundacionexe.org.co\/wp-content\/uploads\/2024\/10\/logo-inicio.png\" srcset=\"https:\/\/fundacionexe.org.co\/wp-content\/uploads\/2024\/10\/logo-inicio.png 164w, https:\/\/fundacionexe.org.co\/wp-content\/uploads\/2024\/10\/logo-inicio-75x75.png 75w\" sizes=\"auto, (max-width: 164px) 100vw, 164px\" width=\"60\" height=\"60\" class=\"rounded-circle bg-white\"  alt=\"\" \/><\/a><a class=\"align-middle circle-item pix-mr-5  animate-in shadow-sm \" data-anim-type=\"fade-in-left\" data-anim-delay=\"100\"  href=\"https:\/\/fundacionexe.org.co\/caja-de-herramientas-encuesta-principal\/\"   data-toggle=\"tooltip\" data-html=\"true\" data-placement=\"bottom\" title=\"Self-evaluation survey\" aria-label=\"Self-evaluation survey\"><img loading=\"lazy\" decoding=\"async\" src=\"https:\/\/fundacionexe.org.co\/wp-content\/uploads\/2024\/10\/auto.png\" srcset=\"https:\/\/fundacionexe.org.co\/wp-content\/uploads\/2024\/10\/auto-300x300.png 300w, https:\/\/fundacionexe.org.co\/wp-content\/uploads\/2024\/10\/auto-150x150.png 150w, https:\/\/fundacionexe.org.co\/wp-content\/uploads\/2024\/10\/auto-75x75.png 75w, https:\/\/fundacionexe.org.co\/wp-content\/uploads\/2024\/10\/auto.png 350w\" sizes=\"auto, (max-width: 350px) 100vw, 350px\" width=\"60\" height=\"60\" class=\"rounded-circle bg-white\"  alt=\"\" \/><\/a><a class=\"align-middle circle-item pix-mr-5  animate-in shadow-sm \" data-anim-type=\"fade-in-left\" data-anim-delay=\"200\"  href=\"https:\/\/fundacionexe.org.co\/caja-de-herramientas-material-guiado\/\"   data-toggle=\"tooltip\" data-html=\"true\" data-placement=\"bottom\" title=\"Guided material\" aria-label=\"Guided material\"><img loading=\"lazy\" decoding=\"async\" src=\"https:\/\/fundacionexe.org.co\/wp-content\/uploads\/2024\/10\/materi-460x460.png\" srcset=\"https:\/\/fundacionexe.org.co\/wp-content\/uploads\/2024\/10\/materi-300x300.png 300w, https:\/\/fundacionexe.org.co\/wp-content\/uploads\/2024\/10\/materi-150x150.png 150w, https:\/\/fundacionexe.org.co\/wp-content\/uploads\/2024\/10\/materi-400x400.png 400w, https:\/\/fundacionexe.org.co\/wp-content\/uploads\/2024\/10\/materi-75x75.png 75w, https:\/\/fundacionexe.org.co\/wp-content\/uploads\/2024\/10\/materi-460x460.png 460w, https:\/\/fundacionexe.org.co\/wp-content\/uploads\/2024\/10\/materi.png 512w\" sizes=\"auto, (max-width: 512px) 100vw, 512px\" width=\"60\" height=\"60\" class=\"rounded-circle bg-white\"  alt=\"\" \/><\/a><\/div><div class=\"pix-ml-5 align-items-center align-items-center d-flex pt-md-0 pt-3 justify-content-center justify-content-sm-end\"><div class=\"d-block w-100 text-right\"><span  class=\"btn mb-0      btn-primary d-inline-flex align-items-center     btn-rounded animate-in pix-btn-div btn-md\"   data-anim-type=\"fade-in-left\" data-anim-delay=\"300\" ><svg class=\"pixfort-icon font-weight-bold   mr-2\" width=\"24\" height=\"24\"  data-name=\"Line\/pixfort-icon-arrow-left-circle-1\" viewBox=\"2 2 20 20\"><path fill=\"none\" stroke=\"var(--pf-icon-color)\" stroke-linecap=\"round\" stroke-linejoin=\"round\" stroke-width=\"var(--pf-icon-stroke-width)\" d=\"M12,21 C16.9705627,21 21,16.9705627 21,12 C21,7.02943725 16.9705627,3 12,3 C7.02943725,3 3,7.02943725 3,12 C3,16.9705627 7.02943725,21 12,21 Z M8,12 L17,12 M12,17 L7,12 L12,7\"\/><\/svg><span class=\"font-weight-bold \" >Select<\/span><\/span><\/div><\/div><\/div>[\/vc_column][\/vc_row][\/vc_section][vc_row full_width=&#8221;stretch_row&#8221; pix_particles_check=&#8221;&#8221; css=&#8221;.vc_custom_1729555482361{margin-top: 15px !important;padding-top: 40px !important;padding-bottom: 40px !important;background-color: #14354e !important;}&#8221;][vc_column]<div id=\"el1728919624455-a39b627d-7938\" class=\"mb-3 text-center  vc_custom_1729555491113\"><div class=\"d-inline-block\" style=\"max-width:600px;\"><h4 class=\"mb-32 pix-sliding-headline-2 animate-in font-weight-bold secondary-font \" data-anim-type=\"pix-sliding-text\" data-class=\"secondary-font text-white\" style=\"\"><span class=\"slide-in-container \"><span class=\"pix-sliding-item secondary-font text-white\" style=\"transition-delay: 0ms;\">SELF-EVALUATION&#32;<\/span><\/span> <span class=\"slide-in-container \"><span class=\"pix-sliding-item secondary-font text-white\" style=\"transition-delay: 150ms;\">SURVEY&#32;<\/span><\/span> <\/h4><\/div><\/div>[\/vc_column][\/vc_row][vc_section pix_over_visibility=&#8221;&#8221; css=&#8221;.vc_custom_1589729689084{padding-top: 40px !important;padding-bottom: 40px !important;}&#8221;][vc_row content_placement=&#8221;middle&#8221; pix_particles_check=&#8221;&#8221; css=&#8221;.vc_custom_1589595518450{padding-top: 60px !important;padding-bottom: 60px !important;}&#8221;][vc_column width=&#8221;5\/12&#8243; css=&#8221;.vc_custom_1729557048348{margin-top: -30px !important;padding-top: 20px !important;padding-bottom: 20px !important;}&#8221;]<div class=\"pix-content-box card      vc_custom_1728951404616 custom-3df6cf53aceaa39d968fa665ca44d25e   rounded-10 shadow-sm shadow-hover-sm fly-sm animate-in bg- w-100  \"  data-anim-type=\"pix-3d-down-in\" data-anim-delay=\"0\" ><div class=\"\" style=\"z-index:30;position:relative;\"><span class=\"pix-badge-element h5 d-inline-flex mr-1 \"  ><span class=\"badge font-weight-bold secondary-font  bg-primary  vc_custom_1729557040835  \" style=\" \"><span class=\"text-white\" style=\"\">Are you ready to evaluate your program?<\/span><\/span><\/span><div class=\"pix-el-text w-100   vc_custom_1729556927725\" ><p class=\"text-18  text-body-default  \" ><span class=\"text-body-default animate-in d-inline-block\" data-anim-delay=\"1200\" data-anim-type=\"fade-in-up\">Adequately evaluating the results and impacts of a program starts with the correct design and implementation of your initiative.<\/span><\/p><\/div><div class=\"pix-el-text w-100   vc_custom_1729556956223\" ><p class=\"text-18  text-body-default  \" ><span class=\"text-body-default animate-in d-inline-block\" data-anim-delay=\"1200\" data-anim-type=\"fade-in-up\">By using this tool, you will be able to determine if your program has completed the stages required to undertake the evaluation process.<\/span><\/p><\/div><div class=\"pix-el-text w-100   vc_custom_1729556972290\" ><p class=\"text-18  text-body-default  \" ><span class=\"text-body-default animate-in d-inline-block\" data-anim-delay=\"1200\" data-anim-type=\"fade-in-up\">The set of contents of this material serves as a guide to strengthen and evaluate an education program.<\/span><\/p><\/div><\/div><\/div>[\/vc_column][vc_column width=&#8221;7\/12&#8243; pix_particles_check=&#8221;1&#8243; pix_particles=&#8221;%5B%7B%22image%22%3A%22https%3A%2F%2Fessentials.pixfort.com%2Fstartup%2Fwp-content%2Fuploads%2Fsites%2F5%2F2019%2F05%2Fintro-blob.png%22%2C%22h_position%22%3A%22left%22%2C%22horizontal%22%3A%2213%25%22%2C%22v_position%22%3A%22top%22%2C%22vertical%22%3A%22-60px%22%2C%22depth%22%3A%220.2%22%2C%22xaxis%22%3A%2210%22%2C%22yaxis%22%3A%220%22%2C%22rotation_speed%22%3A%22300%22%2C%22pix_inverse_rotation%22%3A%22scroll_inverse%22%2C%22img_width%22%3A%2275%25%22%2C%22animation%22%3A%22fade-in-up%22%2C%22delay%22%3A%22600%22%2C%22pix_infinite_animation%22%3A%22pix-rotating%22%2C%22pix_infinite_speed%22%3A%22pix-duration-fast%22%7D%5D&#8221;]<div id=\"img-6b8888c1a4daeb460ac4aac1926c9a69\" class=\"pix-img-element d-inline-block \"  ><div class=\"animate-in d-inline-block\" data-anim-type=\"fade-in-up\" data-anim-delay=\"200\"><div class=\"pix-img-el  vc_custom_1738609961383    text-center d-inline-block  w-100 rounded-0\"  ><img loading=\"lazy\" decoding=\"async\" width=\"2290\" height=\"1444\" src=\"https:\/\/fundacionexe.org.co\/wp-content\/uploads\/2025\/02\/Recurso-6-8.png\" class=\"pix-img-elem rounded-0\" alt=\"Image link\" srcset=\"https:\/\/fundacionexe.org.co\/wp-content\/uploads\/2025\/02\/Recurso-6-8.png 2290w, https:\/\/fundacionexe.org.co\/wp-content\/uploads\/2025\/02\/Recurso-6-8-300x189.png 300w, https:\/\/fundacionexe.org.co\/wp-content\/uploads\/2025\/02\/Recurso-6-8-1024x646.png 1024w, https:\/\/fundacionexe.org.co\/wp-content\/uploads\/2025\/02\/Recurso-6-8-768x484.png 768w, https:\/\/fundacionexe.org.co\/wp-content\/uploads\/2025\/02\/Recurso-6-8-1536x969.png 1536w, https:\/\/fundacionexe.org.co\/wp-content\/uploads\/2025\/02\/Recurso-6-8-2048x1291.png 2048w\" sizes=\"auto, (max-width: 2290px) 100vw, 2290px\" \/><\/div><\/div><\/div>[\/vc_column][\/vc_row][vc_row content_placement=&#8221;middle&#8221; pix_particles_check=&#8221;&#8221;][vc_column width=&#8221;1\/2&#8243; css=&#8221;.vc_custom_1605062666068{padding-top: 40px !important;padding-right: 20px !important;padding-bottom: 40px !important;padding-left: 20px !important;}&#8221;]<div class=\"pix-element-div w-100 text-center\"><span class=\"pix-badge-element h5 d-inline-flex mr-1 \"  ><span class=\"badge font-weight-bold  bg-primary  vc_custom_1729555711732  \" style=\" \"><span class=\"text-white\" style=\"\">Let&apos;s start!<\/span><\/span><\/span><\/div>[vc_column_text css=&#8221;&#8221;]<\/p>\n<h3 style=\"text-align: center;\"><strong>What is the status of your program?<\/strong><\/h3>\n<p>[\/vc_column_text][\/vc_column][vc_column width=&#8221;1\/2&#8243; content_align=&#8221;text-center&#8221; responsive_css=&#8221;{&#8220;pix_res_sm_pr&#8220;:&#8220;10&#8220;,&#8220;pix_res_sm_pl&#8220;:&#8220;10&#8220;,&#8220;pix_res_md_pr&#8220;:&#8220;20&#8220;,&#8220;pix_res_md_pl&#8220;:&#8220;20&#8220;}&#8221; css=&#8221;.vc_custom_1604715079418{padding-right: 40px !important;padding-left: 40px !important;}&#8221; offset=&#8221;vc_col-xs-12&#8243;]<div class=\"d-block w-100 text-center\"><a  href=\"https:\/\/fundacionexe.org.co\/caja-de-herramientas-no-he-disenado-un-programa-aun\/\" class=\"btn mb-2      text-white btn-primary d-flex w-100  justify-content-center  align-items-center     btn-rounded pix-btn-div btn-lg\"     ><svg class=\"pixfort-icon font-weight-bold   mr-2\" width=\"24\" height=\"24\"  data-name=\"Line\/pixfort-icon-search-left-1\" viewBox=\"2 2 20 20\"><path fill=\"none\" stroke=\"var(--pf-icon-color)\" stroke-linecap=\"round\" stroke-linejoin=\"round\" stroke-width=\"var(--pf-icon-stroke-width)\" d=\"M10,17 C13.8659932,17 17,13.8659932 17,10 C17,6.13400675 13.8659932,3 10,3 C6.13400675,3 3,6.13400675 3,10 C3,13.8659932 6.13400675,17 10,17 Z M15,15 L21,21\"\/><\/svg><span class=\"font-weight-bold \" >I have not designed a program yet<\/span><\/a><\/div><div class=\"d-block w-100 text-center\"><a  href=\"https:\/\/fundacionexe.org.co\/pasos-encuesta-de-autoevaluacion\/\" class=\"btn mb-2      text-white btn-primary d-flex w-100  justify-content-center  align-items-center     btn-rounded pix-btn-div btn-lg\"     ><svg class=\"pixfort-icon font-weight-bold   mr-2\" width=\"24\" height=\"24\"  data-name=\"Line\/pixfort-icon-search-left-1\" viewBox=\"2 2 20 20\"><path fill=\"none\" stroke=\"var(--pf-icon-color)\" stroke-linecap=\"round\" stroke-linejoin=\"round\" stroke-width=\"var(--pf-icon-stroke-width)\" d=\"M10,17 C13.8659932,17 17,13.8659932 17,10 C17,6.13400675 13.8659932,3 10,3 C6.13400675,3 3,6.13400675 3,10 C3,13.8659932 6.13400675,17 10,17 Z M15,15 L21,21\"\/><\/svg><span class=\"font-weight-bold \" >I am:<\/span><\/a><\/div><div id=\"accordion-06e62c1591e1a4befd1533e78d585158\" class=\"w-100  \" ><div class=\"py-2 \"  ><div class=\"pix-feature-list text-18  font-weight-bold     py-2 d-flex align-items-center\" ><span class=\"text-primary\">a)+Designing<\/span><\/div><div class=\"pix-feature-list text-18  font-weight-bold     py-2 d-flex align-items-center\" ><span class=\"text-primary\">b)+Implementing<\/span><\/div><div class=\"pix-feature-list text-18  font-weight-bold     py-2 d-flex align-items-center\" ><span class=\"text-primary\">c)+My+program+has+finalized+and+i+want+to+evaluate+it<\/span><\/div><\/div><\/div>[\/vc_column][\/vc_row][\/vc_section][vc_section pix_over_visibility=&#8221;&#8221;][vc_row pix_particles_check=&#8221;&#8221;][vc_column][vc_text_separator title=&#8221;&#8221; color=&#8221;custom&#8221; css=&#8221;&#8221; accent_color=&#8221;#12344d&#8221;][\/vc_column][\/vc_row][\/vc_section][vc_section pix_over_visibility=&#8221;&#8221;][vc_row pix_particles_check=&#8221;&#8221; css=&#8221;.vc_custom_1730143170366{margin-top: 20px !important;}&#8221;][vc_column width=&#8221;1\/2&#8243;]<div id=\"img-4526c13a0e1f471274f2c68a9536fb38\" class=\"pix-img-element pix-img-div  text-center \"><a href=\"https:\/\/fundacionexe.org.co\/\" target=\"_blank\" class=\"pix-img-el     text-center d-inline-block  rounded-0\"  aria-label=\"Image link\"><img loading=\"lazy\" decoding=\"async\" width=\"668\" height=\"207\" src=\"https:\/\/fundacionexe.org.co\/wp-content\/uploads\/2024\/10\/Logo-ExE-1-oscuro.png\" class=\"pix-img-elem rounded-0\" alt=\"Image link\" srcset=\"https:\/\/fundacionexe.org.co\/wp-content\/uploads\/2024\/10\/Logo-ExE-1-oscuro.png 668w, https:\/\/fundacionexe.org.co\/wp-content\/uploads\/2024\/10\/Logo-ExE-1-oscuro-300x93.png 300w\" sizes=\"auto, (max-width: 668px) 100vw, 668px\" \/><\/a><\/div>[\/vc_column][vc_column width=&#8221;1\/2&#8243;]<div id=\"img-fad9a640c5eecb179c0c7130b7aaad72\" class=\"pix-img-element pix-img-div  text-center \"><a href=\"https:\/\/www.bancomundial.org\/es\/home\" target=\"_blank\" class=\"pix-img-el     text-center d-inline-block  rounded-0\"  aria-label=\"Image link\"><img loading=\"lazy\" decoding=\"async\" width=\"333\" height=\"56\" src=\"https:\/\/fundacionexe.org.co\/wp-content\/uploads\/2024\/10\/wb-logo.png\" class=\"pix-img-elem rounded-0\" alt=\"Image link\" srcset=\"https:\/\/fundacionexe.org.co\/wp-content\/uploads\/2024\/10\/wb-logo.png 333w, https:\/\/fundacionexe.org.co\/wp-content\/uploads\/2024\/10\/wb-logo-300x50.png 300w\" sizes=\"auto, (max-width: 333px) 100vw, 333px\" \/><\/a><\/div>[\/vc_column][\/vc_row][\/vc_section][vc_row pix_particles_check=&#8221;&#8221;][vc_column][\/vc_column][\/vc_row]<\/p>\n<\/div>","protected":false},"excerpt":{"rendered":"[vc_section full_width=&#8221;stretch_row&#8221; pix_over_visibility=&#8221;&#8221; css=&#8221;.vc_custom_1729519559581{margin-top: -50px !important;background-color: #ffffff !important;}&#8221; b_custom_height=&#8221;300px&#8221;][vc_row full_width=&#8221;stretch_row&#8221; content_placement=&#8221;middle&#8221; pix_particles_check=&#8221;&#8221; css=&#8221;.vc_custom_1728420016981{margin-top: -30px !important;}&#8221;][vc_column][\/vc_column][\/vc_row][\/vc_section][vc_row full_width=&#8221;stretch_row&#8221; pix_particles_check=&#8221;&#8221; css=&#8221;.vc_custom_1729555482361{margin-top: 15px !important;padding-top: 40px !important;padding-bottom: 40px !important;background-color: #14354e !important;}&#8221;][vc_column][\/vc_column][\/vc_row][vc_section pix_over_visibility=&#8221;&#8221; css=&#8221;.vc_custom_1589729689084{padding-top: 40px !important;padding-bottom: 40px !important;}&#8221;][vc_row content_placement=&#8221;middle&#8221; pix_particles_check=&#8221;&#8221; css=&#8221;.vc_custom_1589595518450{padding-top: 60px !important;padding-bottom: 60px !important;}&#8221;][vc_column width=&#8221;5\/12&#8243;&#8230;","protected":false},"author":1,"featured_media":0,"parent":0,"menu_order":0,"comment_status":"closed","ping_status":"closed","template":"","meta":{"footnotes":""},"class_list":["post-223759","page","type-page","status-publish","hentry"],"yoast_head":"<!-- This site is optimized with the Yoast SEO plugin v27.4 - https:\/\/yoast.com\/product\/yoast-seo-wordpress\/ -->\n<title>ToolKit - Principal survey - Fundaci\u00f3n Empresarios por la Educaci\u00f3n FExE<\/title>\n<meta name=\"robots\" content=\"index, follow, max-snippet:-1, max-image-preview:large, max-video-preview:-1\" \/>\n<link rel=\"canonical\" href=\"https:\/\/fundacionexe.org.co\/en\/toolkit-principal-survey\/\" \/>\n<meta property=\"og:locale\" content=\"en_US\" \/>\n<meta property=\"og:type\" content=\"article\" \/>\n<meta property=\"og:title\" content=\"ToolKit - Principal survey - Fundaci\u00f3n Empresarios por la Educaci\u00f3n FExE\" \/>\n<meta property=\"og:description\" content=\"[vc_section full_width=&#8221;stretch_row&#8221; pix_over_visibility=&#8221;&#8221; css=&#8221;.vc_custom_1729519559581{margin-top: -50px !important;background-color: #ffffff !important;}&#8221; b_custom_height=&#8221;300px&#8221;][vc_row full_width=&#8221;stretch_row&#8221; content_placement=&#8221;middle&#8221; pix_particles_check=&#8221;&#8221; css=&#8221;.vc_custom_1728420016981{margin-top: -30px !important;}&#8221;][vc_column][\/vc_column][\/vc_row][\/vc_section][vc_row full_width=&#8221;stretch_row&#8221; pix_particles_check=&#8221;&#8221; css=&#8221;.vc_custom_1729555482361{margin-top: 15px !important;padding-top: 40px !important;padding-bottom: 40px !important;background-color: #14354e !important;}&#8221;][vc_column][\/vc_column][\/vc_row][vc_section pix_over_visibility=&#8221;&#8221; css=&#8221;.vc_custom_1589729689084{padding-top: 40px !important;padding-bottom: 40px !important;}&#8221;][vc_row content_placement=&#8221;middle&#8221; pix_particles_check=&#8221;&#8221; css=&#8221;.vc_custom_1589595518450{padding-top: 60px !important;padding-bottom: 60px !important;}&#8221;][vc_column width=&#8221;5\/12&#8243;...\" \/>\n<meta property=\"og:url\" content=\"https:\/\/fundacionexe.org.co\/en\/toolkit-principal-survey\/\" \/>\n<meta property=\"og:site_name\" content=\"Fundaci\u00f3n Empresarios por la Educaci\u00f3n FExE\" \/>\n<meta property=\"article:modified_time\" content=\"2025-02-03T19:12:45+00:00\" \/>\n<meta name=\"twitter:card\" content=\"summary_large_image\" \/>\n<meta name=\"twitter:label1\" content=\"Est. reading time\" \/>\n\t<meta name=\"twitter:data1\" content=\"5 minutes\" \/>\n<script type=\"application\/ld+json\" class=\"yoast-schema-graph\">{\"@context\":\"https:\\\/\\\/schema.org\",\"@graph\":[{\"@type\":\"WebPage\",\"@id\":\"https:\\\/\\\/fundacionexe.org.co\\\/en\\\/toolkit-principal-survey\\\/\",\"url\":\"https:\\\/\\\/fundacionexe.org.co\\\/en\\\/toolkit-principal-survey\\\/\",\"name\":\"ToolKit - Principal survey - Fundaci\u00f3n Empresarios por la Educaci\u00f3n FExE\",\"isPartOf\":{\"@id\":\"https:\\\/\\\/cajadeherramientas.fundacionexe.org.co\\\/en\\\/#website\"},\"datePublished\":\"2024-10-21T19:53:44+00:00\",\"dateModified\":\"2025-02-03T19:12:45+00:00\",\"breadcrumb\":{\"@id\":\"https:\\\/\\\/fundacionexe.org.co\\\/en\\\/toolkit-principal-survey\\\/#breadcrumb\"},\"inLanguage\":\"en-US\",\"potentialAction\":[{\"@type\":\"ReadAction\",\"target\":[\"https:\\\/\\\/fundacionexe.org.co\\\/en\\\/toolkit-principal-survey\\\/\"]}]},{\"@type\":\"BreadcrumbList\",\"@id\":\"https:\\\/\\\/fundacionexe.org.co\\\/en\\\/toolkit-principal-survey\\\/#breadcrumb\",\"itemListElement\":[{\"@type\":\"ListItem\",\"position\":1,\"name\":\"Portada\",\"item\":\"https:\\\/\\\/prod.fundacionexe.org.co\\\/en\\\/\"},{\"@type\":\"ListItem\",\"position\":2,\"name\":\"ToolKit &#8211; Principal survey\"}]},{\"@type\":\"WebSite\",\"@id\":\"https:\\\/\\\/cajadeherramientas.fundacionexe.org.co\\\/en\\\/#website\",\"url\":\"https:\\\/\\\/cajadeherramientas.fundacionexe.org.co\\\/en\\\/\",\"name\":\"Fundaci\u00f3n Empresarios por la Educaci\u00f3n FExE\",\"description\":\"Red de conocimiento independiente. Sumamos con informaci\u00f3n y evidencia para que Colombia d\u00e9 un salto en educaci\u00f3n de calidad.\",\"potentialAction\":[{\"@type\":\"SearchAction\",\"target\":{\"@type\":\"EntryPoint\",\"urlTemplate\":\"https:\\\/\\\/cajadeherramientas.fundacionexe.org.co\\\/en\\\/?s={search_term_string}\"},\"query-input\":{\"@type\":\"PropertyValueSpecification\",\"valueRequired\":true,\"valueName\":\"search_term_string\"}}],\"inLanguage\":\"en-US\"}]}<\/script>\n<!-- \/ Yoast SEO plugin. -->","yoast_head_json":{"title":"ToolKit - Principal survey - Fundaci\u00f3n Empresarios por la Educaci\u00f3n FExE","robots":{"index":"index","follow":"follow","max-snippet":"max-snippet:-1","max-image-preview":"max-image-preview:large","max-video-preview":"max-video-preview:-1"},"canonical":"https:\/\/fundacionexe.org.co\/en\/toolkit-principal-survey\/","og_locale":"en_US","og_type":"article","og_title":"ToolKit - Principal survey - Fundaci\u00f3n Empresarios por la Educaci\u00f3n FExE","og_description":"[vc_section full_width=&#8221;stretch_row&#8221; pix_over_visibility=&#8221;&#8221; css=&#8221;.vc_custom_1729519559581{margin-top: -50px !important;background-color: #ffffff !important;}&#8221; b_custom_height=&#8221;300px&#8221;][vc_row full_width=&#8221;stretch_row&#8221; content_placement=&#8221;middle&#8221; pix_particles_check=&#8221;&#8221; css=&#8221;.vc_custom_1728420016981{margin-top: -30px !important;}&#8221;][vc_column][\/vc_column][\/vc_row][\/vc_section][vc_row full_width=&#8221;stretch_row&#8221; pix_particles_check=&#8221;&#8221; css=&#8221;.vc_custom_1729555482361{margin-top: 15px !important;padding-top: 40px !important;padding-bottom: 40px !important;background-color: #14354e !important;}&#8221;][vc_column][\/vc_column][\/vc_row][vc_section pix_over_visibility=&#8221;&#8221; css=&#8221;.vc_custom_1589729689084{padding-top: 40px !important;padding-bottom: 40px !important;}&#8221;][vc_row content_placement=&#8221;middle&#8221; pix_particles_check=&#8221;&#8221; css=&#8221;.vc_custom_1589595518450{padding-top: 60px !important;padding-bottom: 60px !important;}&#8221;][vc_column width=&#8221;5\/12&#8243;...","og_url":"https:\/\/fundacionexe.org.co\/en\/toolkit-principal-survey\/","og_site_name":"Fundaci\u00f3n Empresarios por la Educaci\u00f3n FExE","article_modified_time":"2025-02-03T19:12:45+00:00","twitter_card":"summary_large_image","twitter_misc":{"Est. reading time":"5 minutes"},"schema":{"@context":"https:\/\/schema.org","@graph":[{"@type":"WebPage","@id":"https:\/\/fundacionexe.org.co\/en\/toolkit-principal-survey\/","url":"https:\/\/fundacionexe.org.co\/en\/toolkit-principal-survey\/","name":"ToolKit - Principal survey - Fundaci\u00f3n Empresarios por la Educaci\u00f3n FExE","isPartOf":{"@id":"https:\/\/cajadeherramientas.fundacionexe.org.co\/en\/#website"},"datePublished":"2024-10-21T19:53:44+00:00","dateModified":"2025-02-03T19:12:45+00:00","breadcrumb":{"@id":"https:\/\/fundacionexe.org.co\/en\/toolkit-principal-survey\/#breadcrumb"},"inLanguage":"en-US","potentialAction":[{"@type":"ReadAction","target":["https:\/\/fundacionexe.org.co\/en\/toolkit-principal-survey\/"]}]},{"@type":"BreadcrumbList","@id":"https:\/\/fundacionexe.org.co\/en\/toolkit-principal-survey\/#breadcrumb","itemListElement":[{"@type":"ListItem","position":1,"name":"Portada","item":"https:\/\/prod.fundacionexe.org.co\/en\/"},{"@type":"ListItem","position":2,"name":"ToolKit &#8211; Principal survey"}]},{"@type":"WebSite","@id":"https:\/\/cajadeherramientas.fundacionexe.org.co\/en\/#website","url":"https:\/\/cajadeherramientas.fundacionexe.org.co\/en\/","name":"Fundaci\u00f3n Empresarios por la Educaci\u00f3n FExE","description":"Red de conocimiento independiente. Sumamos con informaci\u00f3n y evidencia para que Colombia d\u00e9 un salto en educaci\u00f3n de calidad.","potentialAction":[{"@type":"SearchAction","target":{"@type":"EntryPoint","urlTemplate":"https:\/\/cajadeherramientas.fundacionexe.org.co\/en\/?s={search_term_string}"},"query-input":{"@type":"PropertyValueSpecification","valueRequired":true,"valueName":"search_term_string"}}],"inLanguage":"en-US"}]}},"_links":{"self":[{"href":"https:\/\/fundacionexe.org.co\/en\/wp-json\/wp\/v2\/pages\/223759","targetHints":{"allow":["GET"]}}],"collection":[{"href":"https:\/\/fundacionexe.org.co\/en\/wp-json\/wp\/v2\/pages"}],"about":[{"href":"https:\/\/fundacionexe.org.co\/en\/wp-json\/wp\/v2\/types\/page"}],"author":[{"embeddable":true,"href":"https:\/\/fundacionexe.org.co\/en\/wp-json\/wp\/v2\/users\/1"}],"replies":[{"embeddable":true,"href":"https:\/\/fundacionexe.org.co\/en\/wp-json\/wp\/v2\/comments?post=223759"}],"version-history":[{"count":4,"href":"https:\/\/fundacionexe.org.co\/en\/wp-json\/wp\/v2\/pages\/223759\/revisions"}],"predecessor-version":[{"id":223959,"href":"https:\/\/fundacionexe.org.co\/en\/wp-json\/wp\/v2\/pages\/223759\/revisions\/223959"}],"wp:attachment":[{"href":"https:\/\/fundacionexe.org.co\/en\/wp-json\/wp\/v2\/media?parent=223759"}],"curies":[{"name":"wp","href":"https:\/\/api.w.org\/{rel}","templated":true}]}}