{"id":224954,"date":"2024-11-12T21:57:21","date_gmt":"2024-11-13T02:57:21","guid":{"rendered":"https:\/\/fundacionexe.org.co\/toolkit-for-education-leaders\/"},"modified":"2025-10-16T13:39:49","modified_gmt":"2025-10-16T18:39:49","slug":"toolkit-for-education-leaders","status":"publish","type":"page","link":"https:\/\/fundacionexe.org.co\/en\/toolkit-for-education-leaders\/","title":{"rendered":"Toolkit for Education Leaders"},"content":{"rendered":"<div class=\"wpb-content-wrapper\"><p>[vc_section full_width=&#8221;stretch_row&#8221; content_placement=&#8221;middle&#8221; fade_in_opacity=&#8221;pix-opacity-1&#8243; pix_over_visibility=&#8221;&#8221; bottom_divider_select=&#8221;7&#8243; pix_overlay_color=&#8221;custom&#8221; pix_overlay_custom_color=&#8221;#15354e&#8221; responsive_css=&#8221;{&#8220;pix_res_sm_pb&#8220;:&#8220;0px&#8220;,&#8220;pix_res_sm_mb&#8220;:&#8220;0px&#8220;,&#8220;pix_res_md_pb&#8220;:&#8220;0px&#8220;,&#8220;pix_res_md_mb&#8220;:&#8220;0px&#8220;}&#8221; css=&#8221;.vc_custom_1724624431213{margin-top: -70px !important;margin-bottom: -100px !important;border-top-width: -30px !important;padding-bottom: 100px !important;background-color: #15354e !important;}&#8221; fade_in_intro=&#8221;221435&#8243; pix_overlay_opacity=&#8221;0.9&#8243;][vc_row full_width=&#8221;stretch_row_content&#8221; content_placement=&#8221;middle&#8221; pix_particles_check=&#8221;&#8221; responsive_css=&#8221;{&#8220;pix_res_sm_pb&#8220;:&#8220;-30px&#8220;,&#8220;pix_res_md_pb&#8220;:&#8220;-30px&#8220;}&#8221; css=&#8221;.vc_custom_1724257901908{padding-top: -30px !important;background-position: center !important;background-repeat: no-repeat !important;background-size: contain !important;}&#8221;][vc_column content_align=&#8221;text-center&#8221; css=&#8221;.vc_custom_1590278076706{padding-top: 20px !important;padding-bottom: 20px !important;}&#8221;]<div id=\"img-59cd367d3c3dbfb95b4b8ff854427975\" class=\"pix-img-element d-inline-block \"  ><div class=\"pix-img-el  vc_custom_1724460099150    text-left d-inline-block   rounded-0\"  ><img loading=\"lazy\" decoding=\"async\" width=\"900\" height=\"400\" src=\"https:\/\/fundacionexe.org.co\/wp-content\/uploads\/2024\/08\/Horizontal-blanco-8-1.png\" class=\"pix-img-elem rounded-0\" alt=\"Image link\" srcset=\"https:\/\/fundacionexe.org.co\/wp-content\/uploads\/2024\/08\/Horizontal-blanco-8-1.png 900w, https:\/\/fundacionexe.org.co\/wp-content\/uploads\/2024\/08\/Horizontal-blanco-8-1-300x133.png 300w, https:\/\/fundacionexe.org.co\/wp-content\/uploads\/2024\/08\/Horizontal-blanco-8-1-768x341.png 768w\" sizes=\"auto, (max-width: 900px) 100vw, 900px\" \/><\/div><\/div>[\/vc_column][\/vc_row][\/vc_section][vc_section full_width=&#8221;stretch_row&#8221; content_placement=&#8221;middle&#8221; pix_over_visibility=&#8221;&#8221; b_custom_height=&#8221;200px&#8221; css=&#8221;.vc_custom_1721684864789{padding-top: 20px !important;padding-bottom: 10px !important;background-position: 0 0 !important;background-repeat: no-repeat !important;}&#8221;][vc_row pix_particles_check=&#8221;&#8221; responsive_css=&#8221;{&#8220;pix_res_sm_mt&#8220;:&#8220;-40px&#8220;,&#8220;pix_res_sm_mr&#8220;:&#8220;10px&#8220;,&#8220;pix_res_sm_ml&#8220;:&#8220;40px&#8220;,&#8220;pix_res_md_mt&#8220;:&#8220;-40px&#8220;,&#8220;pix_res_md_mr&#8220;:&#8220;10px&#8220;,&#8220;pix_res_md_ml&#8220;:&#8220;40px&#8220;}&#8221;][vc_column][vc_empty_space height=&#8221;60px&#8221;]<div id=\"el1721685888050-c345d3b9-a6a7\" class=\"mb-3 text-center  vc_custom_1724258369381\"><h2 class=\"mb-32 pix-sliding-headline-2 animate-in font-weight-bold secondary-font \" data-anim-type=\"pix-sliding-text\" data-class=\"secondary-font text-heading-default\" style=\"\"><span class=\"slide-in-container \"><span class=\"pix-sliding-item secondary-font text-heading-default\" style=\"transition-delay: 0ms;\">Toolkit&#32;<\/span><\/span> <span class=\"slide-in-container \"><span class=\"pix-sliding-item secondary-font text-heading-default\" style=\"transition-delay: 150ms;\">for&#32;<\/span><\/span> <span class=\"slide-in-container \"><span class=\"pix-sliding-item secondary-font text-heading-default\" style=\"transition-delay: 300ms;\">Education&#32;<\/span><\/span> <span class=\"slide-in-container \"><span class=\"pix-sliding-item secondary-font text-heading-default\" style=\"transition-delay: 450ms;\">Leaders&#32;<\/span><\/span> <\/h2><\/div>[vc_text_separator title=&#8221;&#8221; title_align=&#8221;separator_align_left&#8221; align=&#8221;align_left&#8221; color=&#8221;custom&#8221; border_width=&#8221;2&#8243; el_width=&#8221;80&#8243; css=&#8221;.vc_custom_1721921638940{margin-left: -50px !important;}&#8221; accent_color=&#8221;#14354e&#8221;][vc_empty_space height=&#8221;30px&#8221;]<div id=\"el1721686044694-41ae4a28-0639\" class=\"pix-el-text   w-100  \" ><p class=\"\"><p style=\"text-align: center;\">This toolkit is based on Fundaci\u00f3n Empresarios por la Educaci\u00f3n\u2019s extensive experience in<strong> training education sector leaders in Colombia<\/strong> for over 10 years. Based on our knowledge management and experience implementing multiple projects, we created a <strong>repository to facilitate access to practical activities and resources<\/strong>. The toolkit offers materials designed to strengthen the role of educational leaders and support their pedagogical, administrative, and community management skills. <\/p>\n<\/p><\/div>[vc_empty_space height=&#8221;30px&#8221;][\/vc_column][\/vc_row][vc_row pix_particles_check=&#8221;&#8221; responsive_css=&#8221;{&#8220;pix_res_sm_mr&#8220;:&#8220;2px&#8220;,&#8220;pix_res_sm_ml&#8220;:&#8220;2px&#8220;,&#8220;pix_res_md_mr&#8220;:&#8220;2px&#8220;,&#8220;pix_res_md_ml&#8220;:&#8220;2px&#8220;}&#8221; css=&#8221;.vc_custom_1724257607049{margin-top: 20px !important;margin-right: -30px !important;margin-left: -30px !important;}&#8221;][vc_column width=&#8221;1\/3&#8243;]<div class=\"d-block w-100 text-center\"><span  class=\"btn mb-2    vc_custom_1727109073273   btn-primary btn-flat d-flex w-100  justify-content-center  align-items-center     btn-rounded pix-popup-link pix-btn-div btn-md\"     data-popup-id=\"221555\"><span class=\"font-weight-bold \" >What is the purpose of a Toolkit for Education Leaders?<\/span><\/span><\/div>[\/vc_column][vc_column width=&#8221;1\/3&#8243;]<div class=\"d-block w-100 text-center\"><span  class=\"btn mb-2      btn-primary btn-flat d-flex w-100  justify-content-center  align-items-center     btn-rounded pix-popup-link pix-btn-div btn-md\"     data-popup-id=\"221557\"><span class=\"font-weight-bold \" >Who is the Toolkit for Education Leaders for?<\/span><\/span><\/div>[\/vc_column][vc_column width=&#8221;1\/3&#8243;]<div class=\"d-block w-100 text-center\"><span  class=\"btn mb-2      btn-primary btn-flat d-flex w-100  justify-content-center  align-items-center     btn-rounded pix-popup-link pix-btn-div btn-md\"     data-popup-id=\"221558\"><span class=\"font-weight-bold \" >What will you find in the Toolkit for Education Leaders?<\/span><\/span><\/div>[\/vc_column][\/vc_row][\/vc_section][vc_section full_width=&#8221;stretch_row&#8221; pix_over_visibility=&#8221;&#8221;][vc_row pix_particles_check=&#8221;&#8221; responsive_css=&#8221;{&#8220;pix_res_sm_mr&#8220;:&#8220;20px&#8220;,&#8220;pix_res_sm_ml&#8220;:&#8220;-40px&#8220;,&#8220;pix_res_md_mr&#8220;:&#8220;20px&#8220;,&#8220;pix_res_md_ml&#8220;:&#8220;-40px&#8220;}&#8221;][vc_column][vc_empty_space height=&#8221;30px&#8221;]<div id=\"el1721686281316-afbaf88b-df4c\" class=\"pix-el-text   w-100   vc_custom_1727109148902\" ><p class=\"\"><p style=\"text-align: center;\">The courses offered by Fundaci\u00f3n Empresarios por la Educaci\u00f3n teach the effective use of these tools and<strong> provide a clear path for professional development in educational leadership.<\/strong><\/p>\n<\/p><\/div>[vc_empty_space height=&#8221;30px&#8221;][\/vc_column][\/vc_row][vc_row full_width=&#8221;stretch_row_content&#8221; pix_particles_check=&#8221;&#8221;][vc_column content_align=&#8221;text-center&#8221; offset=&#8221;vc_col-lg-offset-2 vc_col-lg-8&#8243;]<div id=\"el1721686327651-88942080-585e\" class=\"mb-3 text-center \"><h4 class=\"mb-32 pix-sliding-headline-2 animate-in font-weight-bold secondary-font \" data-anim-type=\"pix-sliding-text\" data-class=\"secondary-font text-heading-default\" style=\"\"><span class=\"slide-in-container \"><span class=\"pix-sliding-item secondary-font text-heading-default\" style=\"transition-delay: 0ms;\">Select&#32;<\/span><\/span> <span class=\"slide-in-container \"><span class=\"pix-sliding-item secondary-font text-heading-default\" style=\"transition-delay: 150ms;\">the&#32;<\/span><\/span> <span class=\"slide-in-container \"><span class=\"pix-sliding-item secondary-font text-heading-default\" style=\"transition-delay: 300ms;\">category&#32;<\/span><\/span> <span class=\"slide-in-container \"><span class=\"pix-sliding-item secondary-font text-heading-default\" style=\"transition-delay: 450ms;\">you&#32;<\/span><\/span> <span class=\"slide-in-container \"><span class=\"pix-sliding-item secondary-font text-heading-default\" style=\"transition-delay: 600ms;\">are&#32;<\/span><\/span> <span class=\"slide-in-container \"><span class=\"pix-sliding-item secondary-font text-heading-default\" style=\"transition-delay: 750ms;\">interested&#32;<\/span><\/span> <span class=\"slide-in-container \"><span class=\"pix-sliding-item secondary-font text-heading-default\" style=\"transition-delay: 900ms;\">in&#32;<\/span><\/span> <\/h4><\/div>[vc_empty_space height=&#8221;60px&#8221;][\/vc_column][\/vc_row][\/vc_section][vc_row pix_particles_check=&#8221;&#8221; responsive_css=&#8221;{&#8220;pix_res_sm_mr&#8220;:&#8220;1px&#8220;,&#8220;pix_res_sm_ml&#8220;:&#8220;1px&#8220;,&#8220;pix_res_md_mr&#8220;:&#8220;1px&#8220;,&#8220;pix_res_md_ml&#8220;:&#8220;1px&#8220;}&#8221; css=&#8221;.vc_custom_1724258258953{margin-right: -70px !important;margin-left: -70px !important;}&#8221;][vc_column width=&#8221;1\/3&#8243;]<div class=\" mb-3 mb-md-0 \"  ><div class=\"card w-100 h-100 bg-black  vc_custom_1731527301683  pix-hover-item rounded-0 position-relative text-white tilt fancy_card\" ><img loading=\"lazy\" decoding=\"async\" width=\"640\" height=\"436\" src=\"https:\/\/fundacionexe.org.co\/wp-content\/uploads\/2024\/08\/IMG_1970-1024x698.jpg\" class=\"card-img pix-bg-image rounded-0 h-100 pix-opacity-2 pix-hover-opacity-4\" alt=\"Gesti\u00f3n Personal\" srcset=\"https:\/\/fundacionexe.org.co\/wp-content\/uploads\/2024\/08\/IMG_1970-1024x698.jpg 1024w, https:\/\/fundacionexe.org.co\/wp-content\/uploads\/2024\/08\/IMG_1970-300x205.jpg 300w, https:\/\/fundacionexe.org.co\/wp-content\/uploads\/2024\/08\/IMG_1970-768x524.jpg 768w, https:\/\/fundacionexe.org.co\/wp-content\/uploads\/2024\/08\/IMG_1970.jpg 1200w\" sizes=\"auto, (max-width: 640px) 100vw, 640px\" \/><div class=\"card-img-overlay overflow-visible d-inline-block w-100 pix-img-overlay pix-p-30 d-flex align-items-end text-left\"><div class=\"w-100 \"><h3 class=\"card-title  text-white font-weight-bold mb-0 animate-in\" style=\"\">Personal Management<\/h3><p class=\"card-text pix-pt-10 text-white \" style=\"\">This area focuses on the educational leaders&apos; self-knowledge to help them identify their strengths and weaknesses, and the beliefs that can influence their development. It also explores how these perceptions affect their management and interpersonal relationships.<\/p><div class=\"card-btn-div mt-4 d-inline-block w-100\"><a  href=\"https:\/\/fundacionexe.org.co\/caja-de-herramientas-rle-gestion-personal\/#pix-tab-1592408911598-95158e76-29a6\" class=\"btn mb-2      text-white btn-line-secondary d-inline-flex align-items-center      btn-md\"     ><span class=\"font-weight-bold \" >See Categories<\/span><\/a><\/div><\/div><\/div><\/div><\/div>[\/vc_column][vc_column width=&#8221;1\/3&#8243;]<div class=\" mb-3 mb-md-0 \"  ><div class=\"card w-100 h-100 bg-white  vc_custom_1731527311277  pix-hover-item rounded-0 position-relative text-white tilt fancy_card\" ><img loading=\"lazy\" decoding=\"async\" width=\"640\" height=\"428\" src=\"https:\/\/fundacionexe.org.co\/wp-content\/uploads\/2024\/08\/IMG_2022-1024x684.jpg\" class=\"card-img pix-bg-image rounded-0 h-100 pix-opacity-1 pix-hover-opacity-2\" alt=\"Gesti\u00f3n Pedag\u00f3gica\" srcset=\"https:\/\/fundacionexe.org.co\/wp-content\/uploads\/2024\/08\/IMG_2022-1024x684.jpg 1024w, https:\/\/fundacionexe.org.co\/wp-content\/uploads\/2024\/08\/IMG_2022-300x200.jpg 300w, https:\/\/fundacionexe.org.co\/wp-content\/uploads\/2024\/08\/IMG_2022-768x513.jpg 768w, https:\/\/fundacionexe.org.co\/wp-content\/uploads\/2024\/08\/IMG_2022.jpg 1200w\" sizes=\"auto, (max-width: 640px) 100vw, 640px\" \/><div class=\"card-img-overlay overflow-visible d-inline-block w-100 pix-img-overlay pix-p-30 d-flex align-items-end text-left\"><div class=\"w-100 \"><h3 class=\"card-title  text-primary font-weight-bold mb-0 animate-in\" style=\"\">Pedagogical Management<\/h3><p class=\"card-text pix-pt-10 text-primary \" style=\"\">Oriented to the design, adaptation, implementation, and contextualization of the curricular framework, this category seeks to develop the educational leaders\u2019 skills in the pedagogical arena and enhancing these along with their professional abilities to improve the teaching and learning process. <\/p><div class=\"card-btn-div mt-4 d-inline-block w-100\"><a  href=\"https:\/\/fundacionexe.org.co\/caja-de-herramientas-rle-gestion-pedagogica\/#pix-tab-1715013551967-16a150cc-9b6d\" class=\"btn mb-2      text-primary btn-line-secondary d-inline-flex align-items-center      btn-md\"     ><span class=\"font-weight-bold \" >See Categories<\/span><\/a><\/div><\/div><\/div><\/div><\/div>[\/vc_column][vc_column width=&#8221;1\/3&#8243;]<div class=\" mb-3 mb-md-0 \"  ><div class=\"card w-100 h-100 bg-black   pix-hover-item rounded-0 position-relative text-white tilt fancy_card\" ><img loading=\"lazy\" decoding=\"async\" width=\"640\" height=\"427\" src=\"https:\/\/fundacionexe.org.co\/wp-content\/uploads\/2024\/08\/IMG_2001-1024x683.jpg\" class=\"card-img pix-bg-image rounded-0 h-100 pix-opacity-2 pix-hover-opacity-4\" alt=\"Gesti\u00f3n Administrativa y Comunitaria\" srcset=\"https:\/\/fundacionexe.org.co\/wp-content\/uploads\/2024\/08\/IMG_2001-1024x683.jpg 1024w, https:\/\/fundacionexe.org.co\/wp-content\/uploads\/2024\/08\/IMG_2001-300x200.jpg 300w, https:\/\/fundacionexe.org.co\/wp-content\/uploads\/2024\/08\/IMG_2001-768x512.jpg 768w, https:\/\/fundacionexe.org.co\/wp-content\/uploads\/2024\/08\/IMG_2001.jpg 1200w\" sizes=\"auto, (max-width: 640px) 100vw, 640px\" \/><div class=\"card-img-overlay overflow-visible d-inline-block w-100 pix-img-overlay pix-p-30 d-flex align-items-end text-left\"><div class=\"w-100 \"><h3 class=\"card-title  text-white font-weight-bold mb-0 animate-in\" style=\"\">Administrative and Community Management<\/h3><p class=\"card-text pix-pt-10 text-white \" style=\"\">Focused on the effective management of physical, technological, financial and human resources, this category contributes to ensure quality and inclusive education. It promotes management based on a shared vision and collaboration with the educational community to achieve sustainable results. <\/p><div class=\"card-btn-div mt-4 d-inline-block w-100\"><a  href=\"https:\/\/qa.fundacionexe.org.co\/caja-de-herramientas-rle-gestion-administrativa-y-comunitaria\/#pix-tab-1720038587491-0555904d-2bac\" class=\"btn mb-2      text-white btn-line-secondary d-inline-flex align-items-center      btn-md\"     ><span class=\"font-weight-bold \" >See Categories<\/span><\/a><\/div><\/div><\/div><\/div><\/div>[\/vc_column][\/vc_row]<\/p>\n<\/div>","protected":false},"excerpt":{"rendered":"[vc_section full_width=&#8221;stretch_row&#8221; content_placement=&#8221;middle&#8221; fade_in_opacity=&#8221;pix-opacity-1&#8243; pix_over_visibility=&#8221;&#8221; bottom_divider_select=&#8221;7&#8243; pix_overlay_color=&#8221;custom&#8221; pix_overlay_custom_color=&#8221;#15354e&#8221; responsive_css=&#8221;{&#8220;pix_res_sm_pb&#8220;:&#8220;0px&#8220;,&#8220;pix_res_sm_mb&#8220;:&#8220;0px&#8220;,&#8220;pix_res_md_pb&#8220;:&#8220;0px&#8220;,&#8220;pix_res_md_mb&#8220;:&#8220;0px&#8220;}&#8221; css=&#8221;.vc_custom_1724624431213{margin-top: -70px !important;margin-bottom: -100px !important;border-top-width: -30px !important;padding-bottom: 100px !important;background-color: #15354e !important;}&#8221; fade_in_intro=&#8221;221435&#8243; pix_overlay_opacity=&#8221;0.9&#8243;][vc_row full_width=&#8221;stretch_row_content&#8221; content_placement=&#8221;middle&#8221; pix_particles_check=&#8221;&#8221; responsive_css=&#8221;{&#8220;pix_res_sm_pb&#8220;:&#8220;-30px&#8220;,&#8220;pix_res_md_pb&#8220;:&#8220;-30px&#8220;}&#8221; css=&#8221;.vc_custom_1724257901908{padding-top: -30px !important;background-position: center !important;background-repeat: no-repeat !important;background-size: contain !important;}&#8221;][vc_column content_align=&#8221;text-center&#8221; css=&#8221;.vc_custom_1590278076706{padding-top: 20px !important;padding-bottom: 20px&#8230;","protected":false},"author":1,"featured_media":0,"parent":0,"menu_order":0,"comment_status":"closed","ping_status":"closed","template":"","meta":{"footnotes":""},"class_list":["post-224954","page","type-page","status-publish","hentry"],"yoast_head":"<!-- This site is optimized with the Yoast SEO plugin v27.4 - https:\/\/yoast.com\/product\/yoast-seo-wordpress\/ -->\n<title>Toolkit for Education Leaders - Fundaci\u00f3n Empresarios por la Educaci\u00f3n FExE<\/title>\n<meta name=\"robots\" content=\"index, follow, max-snippet:-1, max-image-preview:large, max-video-preview:-1\" \/>\n<link rel=\"canonical\" href=\"https:\/\/fundacionexe.org.co\/en\/toolkit-for-education-leaders\/\" \/>\n<meta property=\"og:locale\" content=\"en_US\" \/>\n<meta property=\"og:type\" content=\"article\" \/>\n<meta property=\"og:title\" content=\"Toolkit for Education Leaders - Fundaci\u00f3n Empresarios por la Educaci\u00f3n FExE\" \/>\n<meta property=\"og:description\" content=\"[vc_section full_width=&#8221;stretch_row&#8221; content_placement=&#8221;middle&#8221; fade_in_opacity=&#8221;pix-opacity-1&#8243; pix_over_visibility=&#8221;&#8221; bottom_divider_select=&#8221;7&#8243; pix_overlay_color=&#8221;custom&#8221; pix_overlay_custom_color=&#8221;#15354e&#8221; responsive_css=&#8221;{&#8220;pix_res_sm_pb&#8220;:&#8220;0px&#8220;,&#8220;pix_res_sm_mb&#8220;:&#8220;0px&#8220;,&#8220;pix_res_md_pb&#8220;:&#8220;0px&#8220;,&#8220;pix_res_md_mb&#8220;:&#8220;0px&#8220;}&#8221; css=&#8221;.vc_custom_1724624431213{margin-top: -70px !important;margin-bottom: -100px !important;border-top-width: -30px !important;padding-bottom: 100px !important;background-color: #15354e !important;}&#8221; fade_in_intro=&#8221;221435&#8243; pix_overlay_opacity=&#8221;0.9&#8243;][vc_row full_width=&#8221;stretch_row_content&#8221; content_placement=&#8221;middle&#8221; pix_particles_check=&#8221;&#8221; responsive_css=&#8221;{&#8220;pix_res_sm_pb&#8220;:&#8220;-30px&#8220;,&#8220;pix_res_md_pb&#8220;:&#8220;-30px&#8220;}&#8221; css=&#8221;.vc_custom_1724257901908{padding-top: -30px !important;background-position: center !important;background-repeat: no-repeat !important;background-size: contain !important;}&#8221;][vc_column content_align=&#8221;text-center&#8221; css=&#8221;.vc_custom_1590278076706{padding-top: 20px !important;padding-bottom: 20px...\" \/>\n<meta property=\"og:url\" content=\"https:\/\/fundacionexe.org.co\/en\/toolkit-for-education-leaders\/\" \/>\n<meta property=\"og:site_name\" content=\"Fundaci\u00f3n Empresarios por la Educaci\u00f3n FExE\" \/>\n<meta property=\"article:modified_time\" content=\"2025-10-16T18:39:49+00:00\" \/>\n<meta name=\"twitter:card\" content=\"summary_large_image\" \/>\n<meta name=\"twitter:label1\" content=\"Est. reading time\" \/>\n\t<meta name=\"twitter:data1\" content=\"6 minutes\" \/>\n<script type=\"application\/ld+json\" class=\"yoast-schema-graph\">{\"@context\":\"https:\\\/\\\/schema.org\",\"@graph\":[{\"@type\":\"WebPage\",\"@id\":\"https:\\\/\\\/fundacionexe.org.co\\\/en\\\/toolkit-for-education-leaders\\\/\",\"url\":\"https:\\\/\\\/fundacionexe.org.co\\\/en\\\/toolkit-for-education-leaders\\\/\",\"name\":\"Toolkit for Education Leaders - Fundaci\u00f3n Empresarios por la Educaci\u00f3n FExE\",\"isPartOf\":{\"@id\":\"https:\\\/\\\/cajadeherramientas.fundacionexe.org.co\\\/en\\\/#website\"},\"datePublished\":\"2024-11-13T02:57:21+00:00\",\"dateModified\":\"2025-10-16T18:39:49+00:00\",\"breadcrumb\":{\"@id\":\"https:\\\/\\\/fundacionexe.org.co\\\/en\\\/toolkit-for-education-leaders\\\/#breadcrumb\"},\"inLanguage\":\"en-US\",\"potentialAction\":[{\"@type\":\"ReadAction\",\"target\":[\"https:\\\/\\\/fundacionexe.org.co\\\/en\\\/toolkit-for-education-leaders\\\/\"]}]},{\"@type\":\"BreadcrumbList\",\"@id\":\"https:\\\/\\\/fundacionexe.org.co\\\/en\\\/toolkit-for-education-leaders\\\/#breadcrumb\",\"itemListElement\":[{\"@type\":\"ListItem\",\"position\":1,\"name\":\"Portada\",\"item\":\"https:\\\/\\\/prod.fundacionexe.org.co\\\/en\\\/\"},{\"@type\":\"ListItem\",\"position\":2,\"name\":\"Toolkit for Education Leaders\"}]},{\"@type\":\"WebSite\",\"@id\":\"https:\\\/\\\/cajadeherramientas.fundacionexe.org.co\\\/en\\\/#website\",\"url\":\"https:\\\/\\\/cajadeherramientas.fundacionexe.org.co\\\/en\\\/\",\"name\":\"Fundaci\u00f3n Empresarios por la Educaci\u00f3n FExE\",\"description\":\"Red de conocimiento independiente. Sumamos con informaci\u00f3n y evidencia para que Colombia d\u00e9 un salto en educaci\u00f3n de calidad.\",\"potentialAction\":[{\"@type\":\"SearchAction\",\"target\":{\"@type\":\"EntryPoint\",\"urlTemplate\":\"https:\\\/\\\/cajadeherramientas.fundacionexe.org.co\\\/en\\\/?s={search_term_string}\"},\"query-input\":{\"@type\":\"PropertyValueSpecification\",\"valueRequired\":true,\"valueName\":\"search_term_string\"}}],\"inLanguage\":\"en-US\"}]}<\/script>\n<!-- \/ Yoast SEO plugin. -->","yoast_head_json":{"title":"Toolkit for Education Leaders - Fundaci\u00f3n Empresarios por la Educaci\u00f3n FExE","robots":{"index":"index","follow":"follow","max-snippet":"max-snippet:-1","max-image-preview":"max-image-preview:large","max-video-preview":"max-video-preview:-1"},"canonical":"https:\/\/fundacionexe.org.co\/en\/toolkit-for-education-leaders\/","og_locale":"en_US","og_type":"article","og_title":"Toolkit for Education Leaders - Fundaci\u00f3n Empresarios por la Educaci\u00f3n FExE","og_description":"[vc_section full_width=&#8221;stretch_row&#8221; content_placement=&#8221;middle&#8221; fade_in_opacity=&#8221;pix-opacity-1&#8243; pix_over_visibility=&#8221;&#8221; bottom_divider_select=&#8221;7&#8243; pix_overlay_color=&#8221;custom&#8221; pix_overlay_custom_color=&#8221;#15354e&#8221; responsive_css=&#8221;{&#8220;pix_res_sm_pb&#8220;:&#8220;0px&#8220;,&#8220;pix_res_sm_mb&#8220;:&#8220;0px&#8220;,&#8220;pix_res_md_pb&#8220;:&#8220;0px&#8220;,&#8220;pix_res_md_mb&#8220;:&#8220;0px&#8220;}&#8221; css=&#8221;.vc_custom_1724624431213{margin-top: -70px !important;margin-bottom: -100px !important;border-top-width: -30px !important;padding-bottom: 100px !important;background-color: #15354e !important;}&#8221; fade_in_intro=&#8221;221435&#8243; pix_overlay_opacity=&#8221;0.9&#8243;][vc_row full_width=&#8221;stretch_row_content&#8221; content_placement=&#8221;middle&#8221; pix_particles_check=&#8221;&#8221; responsive_css=&#8221;{&#8220;pix_res_sm_pb&#8220;:&#8220;-30px&#8220;,&#8220;pix_res_md_pb&#8220;:&#8220;-30px&#8220;}&#8221; css=&#8221;.vc_custom_1724257901908{padding-top: -30px !important;background-position: center !important;background-repeat: no-repeat !important;background-size: contain !important;}&#8221;][vc_column content_align=&#8221;text-center&#8221; css=&#8221;.vc_custom_1590278076706{padding-top: 20px !important;padding-bottom: 20px...","og_url":"https:\/\/fundacionexe.org.co\/en\/toolkit-for-education-leaders\/","og_site_name":"Fundaci\u00f3n Empresarios por la Educaci\u00f3n FExE","article_modified_time":"2025-10-16T18:39:49+00:00","twitter_card":"summary_large_image","twitter_misc":{"Est. reading time":"6 minutes"},"schema":{"@context":"https:\/\/schema.org","@graph":[{"@type":"WebPage","@id":"https:\/\/fundacionexe.org.co\/en\/toolkit-for-education-leaders\/","url":"https:\/\/fundacionexe.org.co\/en\/toolkit-for-education-leaders\/","name":"Toolkit for Education Leaders - Fundaci\u00f3n Empresarios por la Educaci\u00f3n FExE","isPartOf":{"@id":"https:\/\/cajadeherramientas.fundacionexe.org.co\/en\/#website"},"datePublished":"2024-11-13T02:57:21+00:00","dateModified":"2025-10-16T18:39:49+00:00","breadcrumb":{"@id":"https:\/\/fundacionexe.org.co\/en\/toolkit-for-education-leaders\/#breadcrumb"},"inLanguage":"en-US","potentialAction":[{"@type":"ReadAction","target":["https:\/\/fundacionexe.org.co\/en\/toolkit-for-education-leaders\/"]}]},{"@type":"BreadcrumbList","@id":"https:\/\/fundacionexe.org.co\/en\/toolkit-for-education-leaders\/#breadcrumb","itemListElement":[{"@type":"ListItem","position":1,"name":"Portada","item":"https:\/\/prod.fundacionexe.org.co\/en\/"},{"@type":"ListItem","position":2,"name":"Toolkit for Education Leaders"}]},{"@type":"WebSite","@id":"https:\/\/cajadeherramientas.fundacionexe.org.co\/en\/#website","url":"https:\/\/cajadeherramientas.fundacionexe.org.co\/en\/","name":"Fundaci\u00f3n Empresarios por la Educaci\u00f3n FExE","description":"Red de conocimiento independiente. Sumamos con informaci\u00f3n y evidencia para que Colombia d\u00e9 un salto en educaci\u00f3n de calidad.","potentialAction":[{"@type":"SearchAction","target":{"@type":"EntryPoint","urlTemplate":"https:\/\/cajadeherramientas.fundacionexe.org.co\/en\/?s={search_term_string}"},"query-input":{"@type":"PropertyValueSpecification","valueRequired":true,"valueName":"search_term_string"}}],"inLanguage":"en-US"}]}},"_links":{"self":[{"href":"https:\/\/fundacionexe.org.co\/en\/wp-json\/wp\/v2\/pages\/224954","targetHints":{"allow":["GET"]}}],"collection":[{"href":"https:\/\/fundacionexe.org.co\/en\/wp-json\/wp\/v2\/pages"}],"about":[{"href":"https:\/\/fundacionexe.org.co\/en\/wp-json\/wp\/v2\/types\/page"}],"author":[{"embeddable":true,"href":"https:\/\/fundacionexe.org.co\/en\/wp-json\/wp\/v2\/users\/1"}],"replies":[{"embeddable":true,"href":"https:\/\/fundacionexe.org.co\/en\/wp-json\/wp\/v2\/comments?post=224954"}],"version-history":[{"count":2,"href":"https:\/\/fundacionexe.org.co\/en\/wp-json\/wp\/v2\/pages\/224954\/revisions"}],"predecessor-version":[{"id":225333,"href":"https:\/\/fundacionexe.org.co\/en\/wp-json\/wp\/v2\/pages\/224954\/revisions\/225333"}],"wp:attachment":[{"href":"https:\/\/fundacionexe.org.co\/en\/wp-json\/wp\/v2\/media?parent=224954"}],"curies":[{"name":"wp","href":"https:\/\/api.w.org\/{rel}","templated":true}]}}