{"id":225483,"date":"2025-11-10T10:43:42","date_gmt":"2025-11-10T15:43:42","guid":{"rendered":"https:\/\/fundacionexe.org.co\/?page_id=225483"},"modified":"2025-11-27T15:03:51","modified_gmt":"2025-11-27T20:03:51","slug":"encuesta-de-opinion-en-colombia","status":"publish","type":"page","link":"https:\/\/fundacionexe.org.co\/en\/que-hacemos-movilizar\/encuesta-de-opinion-en-colombia\/","title":{"rendered":"Encuesta de Opini\u00f3n en Educaci\u00f3n: Los desaf\u00edos de la educaci\u00f3n en Colombia"},"content":{"rendered":"<div class=\"wpb-content-wrapper\">[vc_section full_width=&#8221;stretch_row&#8221; content_placement=&#8221;middle&#8221; fade_in_opacity=&#8221;pix-opacity-1&#8243; pix_over_visibility=&#8221;&#8221; bottom_divider_select=&#8221;18&#8243; b_has_animation=&#8221;true&#8221; b_1_color=&#8221;#f8f9fa&#8221; b_2_animation=&#8221;fade-in-up&#8221; b_3_animation=&#8221;fade-in-up&#8221; pix_overlay_color=&#8221;custom&#8221; pix_overlay_custom_color=&#8221;#15354e&#8221; css=&#8221;.vc_custom_1730402552310{margin-top: -50px !important;padding-top: 100px !important;background-color: #15354e !important;}&#8221; fade_in_intro=&#8221;https:\/\/essentials.pixfort.com\/event\/wp-content\/uploads\/sites\/9\/2020\/05\/event-intro-bg.jpg&#8221; b_custom_height=&#8221;200px&#8221; b_2_delay=&#8221;200&#8243; b_3_delay=&#8221;300&#8243; pix_overlay_opacity=&#8221;0.9&#8243;][vc_row content_placement=&#8221;middle&#8221; pix_dark_mode=&#8221;yes&#8221; pix_particles_check=&#8221;&#8221; css=&#8221;.vc_custom_1707774507398{margin-top: -50px !important;}&#8221;][vc_column content_align=&#8221;text-center&#8221; css=&#8221;.vc_custom_1590278076706{padding-top: 20px !important;padding-bottom: 20px !important;}&#8221;][vc_column_text css=&#8221;&#8221;]\r\n<h3><span style=\"color: #ffffff;\"><strong>Encuesta de Opini\u00f3n en Educaci\u00f3n. <\/strong><\/span><\/h3>\r\n<h3><span style=\"color: #ffffff;\"><strong>Los desaf\u00edos de la educaci\u00f3n en Colombia<\/strong><\/span><\/h3>\r\n[\/vc_column_text][vc_single_image image=&#8221;213427&#8243; img_size=&#8221;full&#8221;][\/vc_column][\/vc_row][\/vc_section][vc_section full_width=&#8221;stretch_row&#8221; pix_over_visibility=&#8221;&#8221; css=&#8221;.vc_custom_1707778478376{background-color: #ffffff !important;}&#8221;][vc_row pix_particles_check=&#8221;&#8221;][vc_column]<div id=\"el1613521949772-0c712dee-cf78\" class=\"pix-highlighted-element text-center  vc_custom_1762976615166\"><h5 class=\"pix-highlighted-items \" style=\"\" data-anim-type=\"\" data-anim-delay=\"0\"><span id=\"el1613521949772-0c712dee-cf78-0\"  class=\"\"><span   class=\"pix-highlighted-text  pix-highlight-item font-weight-normal  body-font text-heading-default\">La Fundaci\u00f3n Empresarios por la Educaci\u00f3n en alianza con INVAMER presentan los resultados de la medici\u00f3n de la Encuesta de Opini\u00f3n en Educaci\u00f3n realizado en el segundo semestre de 2025 los de saf\u00edos de la educaci\u00f3n en Colombia representativa de las percepciones de los colombianos sobre sobre los retos y acciones para transformar la educaci\u00f3n del pa\u00eds a nivel nacional, en las regiones Antioquia, Caribe, Central, Oriental, Orinoqu\u00eda- Amazonas, Pac\u00edfica y Valle  del Cauca., por zona rural y urbana, y mujeres y hombres en distintos rangos de edad.<\/span><\/span><\/h5><\/div>[\/vc_column][\/vc_row][vc_row pix_particles_check=&#8221;&#8221;][vc_column]<div id=\"img-18eb0c28237e3002377bb55d4d30e932\" class=\"pix-img-element d-inline-block \"  ><div class=\"pix-img-el  vc_custom_1762997466031    text-center d-inline-block   rounded-xl\"  ><img loading=\"lazy\" decoding=\"async\" width=\"2560\" height=\"1416\" src=\"https:\/\/fundacionexe.org.co\/wp-content\/uploads\/2025\/11\/FICHA-TECNICA_EOE_2025.jpg\" class=\"pix-img-elem rounded-xl\" alt=\"Image link\" srcset=\"https:\/\/fundacionexe.org.co\/wp-content\/uploads\/2025\/11\/FICHA-TECNICA_EOE_2025.jpg 2560w, https:\/\/fundacionexe.org.co\/wp-content\/uploads\/2025\/11\/FICHA-TECNICA_EOE_2025-300x166.jpg 300w, https:\/\/fundacionexe.org.co\/wp-content\/uploads\/2025\/11\/FICHA-TECNICA_EOE_2025-1024x566.jpg 1024w, https:\/\/fundacionexe.org.co\/wp-content\/uploads\/2025\/11\/FICHA-TECNICA_EOE_2025-768x425.jpg 768w, https:\/\/fundacionexe.org.co\/wp-content\/uploads\/2025\/11\/FICHA-TECNICA_EOE_2025-1536x850.jpg 1536w, https:\/\/fundacionexe.org.co\/wp-content\/uploads\/2025\/11\/FICHA-TECNICA_EOE_2025-2048x1133.jpg 2048w\" sizes=\"auto, (max-width: 2560px) 100vw, 2560px\" \/><\/div><\/div>[\/vc_column][\/vc_row][vc_row pix_particles_check=&#8221;&#8221;][vc_column width=&#8221;1\/2&#8243;][vc_text_separator title=&#8221;&#8221; title_align=&#8221;separator_align_left&#8221; align=&#8221;align_left&#8221; color=&#8221;custom&#8221; border_width=&#8221;2&#8243; el_width=&#8221;80&#8243; css=&#8221;.vc_custom_1731617717411{margin-top: 0px !important;}&#8221; accent_color=&#8221;#15354e&#8221;][vc_separator color=&#8221;custom&#8221; el_width=&#8221;40&#8243; css=&#8221;.vc_custom_1731617891852{padding-bottom: -10px !important;}&#8221; accent_color=&#8221;#ffffff&#8221;][vc_column_text css=&#8221;&#8221;]\r\n<h3><strong>Descargue los resultados nacionales<\/strong><\/h3>\r\n[\/vc_column_text][\/vc_column][vc_column width=&#8221;1\/2&#8243;][vc_separator color=&#8221;custom&#8221; el_width=&#8221;40&#8243; css=&#8221;.vc_custom_1731617891852{padding-bottom: -10px !important;}&#8221; accent_color=&#8221;#ffffff&#8221;][vc_separator color=&#8221;custom&#8221; el_width=&#8221;40&#8243; css=&#8221;.vc_custom_1731617891852{padding-bottom: -10px !important;}&#8221; accent_color=&#8221;#ffffff&#8221;]<a  href=\"https:\/\/fundacionexe.org.co\/document\/los-colombianos-opinan-sobre-la-educacion-resultados-de-la-encuesta-de-opinion-en-educacion-2025\/\" class=\"btn mb-2      btn-line-primary d-inline-flex align-items-center      btn-lg\" target=\"_blank\" rel=\"noopener\"    ><span class=\"font-weight-bold \" >Descargar Presentaci\u00f3n de Resultados<\/span><\/a><a  href=\"https:\/\/fundacionexe.org.co\/document\/resultados-agregados-de-la-encuesta-de-opinion-en-educacion-2025\/\" class=\"btn mb-2      btn-line-primary d-inline-flex align-items-center      btn-lg\" target=\"_blank\" rel=\"noopener\"    ><span class=\"font-weight-bold \" >Descargar Resultados Agregados<\/span><\/a>[\/vc_column][\/vc_row][vc_row pix_particles_check=&#8221;&#8221;][vc_column width=&#8221;1\/2&#8243;][vc_text_separator title=&#8221;&#8221; title_align=&#8221;separator_align_left&#8221; align=&#8221;align_left&#8221; color=&#8221;custom&#8221; border_width=&#8221;2&#8243; el_width=&#8221;80&#8243; css=&#8221;.vc_custom_1731617717411{margin-top: 0px !important;}&#8221; accent_color=&#8221;#15354e&#8221;][\/vc_column][\/vc_row][\/vc_section][vc_row full_width=&#8221;stretch_row&#8221; pix_particles_check=&#8221;&#8221;][vc_column][vc_column_text css=&#8221;&#8221;]<iframe style=\"aspect-ratio: 3 \/ 3; max-height: 90vh;\" src=\"https:\/\/app.powerbi.com\/view?r=eyJrIjoiNTE1MGQ3MjQtMTNiYS00MjdlLTkxYjAtYzdjMzUyZTM0OTk2IiwidCI6IjI5ZjRmZDJmLTdiZjAtNGRjNy05MzUyLTE0MDVkYWFkYmJhNyJ9\" width=\"100%\" frameborder=\"0\"><span data-mce-type=\"bookmark\" style=\"display: inline-block; width: 0px; overflow: hidden; line-height: 0;\" class=\"mce_SELRES_start\">\ufeff<\/span><\/iframe>[\/vc_column_text][\/vc_column][\/vc_row][vc_row pix_particles_check=&#8221;&#8221;][vc_column width=&#8221;1\/2&#8243;][vc_separator color=&#8221;custom&#8221; el_width=&#8221;40&#8243; css=&#8221;.vc_custom_1731617891852{padding-bottom: -10px !important;}&#8221; accent_color=&#8221;#ffffff&#8221;][vc_column_text css=&#8221;&#8221;]\r\n<h3><strong>Reviva la presentaci\u00f3n de resultados<\/strong><\/h3>\r\n[\/vc_column_text][vc_text_separator title=&#8221;&#8221; title_align=&#8221;separator_align_left&#8221; align=&#8221;align_left&#8221; color=&#8221;custom&#8221; border_width=&#8221;2&#8243; el_width=&#8221;80&#8243; css=&#8221;.vc_custom_1731617717411{margin-top: 0px !important;}&#8221; accent_color=&#8221;#15354e&#8221;][\/vc_column][vc_column width=&#8221;1\/2&#8243;][vc_video link=&#8221;https:\/\/youtube.com\/live\/OINsCORd4qw?feature=share&#8221; css=&#8221;&#8221;][\/vc_column][\/vc_row]<\/div>","protected":false},"excerpt":{"rendered":"[vc_section full_width=&#8221;stretch_row&#8221; content_placement=&#8221;middle&#8221; fade_in_opacity=&#8221;pix-opacity-1&#8243; pix_over_visibility=&#8221;&#8221; bottom_divider_select=&#8221;18&#8243; b_has_animation=&#8221;true&#8221; b_1_color=&#8221;#f8f9fa&#8221; b_2_animation=&#8221;fade-in-up&#8221; b_3_animation=&#8221;fade-in-up&#8221; pix_overlay_color=&#8221;custom&#8221; pix_overlay_custom_color=&#8221;#15354e&#8221; css=&#8221;.vc_custom_1730402552310{margin-top: -50px !important;padding-top: 100px !important;background-color: #15354e !important;}&#8221; fade_in_intro=&#8221;https:\/\/essentials.pixfort.com\/event\/wp-content\/uploads\/sites\/9\/2020\/05\/event-intro-bg.jpg&#8221; b_custom_height=&#8221;200px&#8221; b_2_delay=&#8221;200&#8243; b_3_delay=&#8221;300&#8243; pix_overlay_opacity=&#8221;0.9&#8243;][vc_row content_placement=&#8221;middle&#8221; pix_dark_mode=&#8221;yes&#8221; pix_particles_check=&#8221;&#8221; css=&#8221;.vc_custom_1707774507398{margin-top: -50px !important;}&#8221;][vc_column content_align=&#8221;text-center&#8221; css=&#8221;.vc_custom_1590278076706{padding-top: 20px !important;padding-bottom: 20px !important;}&#8221;][vc_column_text css=&#8221;&#8221;] Encuesta de Opini\u00f3n&#8230;","protected":false},"author":884,"featured_media":220387,"parent":213367,"menu_order":0,"comment_status":"closed","ping_status":"closed","template":"","meta":{"footnotes":""},"class_list":["post-225483","page","type-page","status-publish","has-post-thumbnail","hentry"],"yoast_head":"<!-- This site is optimized with the Yoast SEO plugin v27.4 - https:\/\/yoast.com\/product\/yoast-seo-wordpress\/ -->\n<title>Encuesta de Opini\u00f3n en Educaci\u00f3n: Los desaf\u00edos de la educaci\u00f3n en Colombia - Fundaci\u00f3n Empresarios por la Educaci\u00f3n FExE<\/title>\n<meta name=\"robots\" content=\"index, follow, max-snippet:-1, max-image-preview:large, max-video-preview:-1\" \/>\n<link rel=\"canonical\" href=\"https:\/\/fundacionexe.org.co\/en\/que-hacemos-movilizar\/encuesta-de-opinion-en-colombia\/\" \/>\n<meta property=\"og:locale\" content=\"en_US\" \/>\n<meta property=\"og:type\" content=\"article\" \/>\n<meta property=\"og:title\" content=\"Encuesta de Opini\u00f3n en Educaci\u00f3n: Los desaf\u00edos de la educaci\u00f3n en Colombia - Fundaci\u00f3n Empresarios por la Educaci\u00f3n FExE\" \/>\n<meta property=\"og:description\" content=\"[vc_section full_width=&#8221;stretch_row&#8221; content_placement=&#8221;middle&#8221; fade_in_opacity=&#8221;pix-opacity-1&#8243; pix_over_visibility=&#8221;&#8221; bottom_divider_select=&#8221;18&#8243; b_has_animation=&#8221;true&#8221; b_1_color=&#8221;#f8f9fa&#8221; b_2_animation=&#8221;fade-in-up&#8221; b_3_animation=&#8221;fade-in-up&#8221; pix_overlay_color=&#8221;custom&#8221; pix_overlay_custom_color=&#8221;#15354e&#8221; css=&#8221;.vc_custom_1730402552310{margin-top: -50px !important;padding-top: 100px !important;background-color: #15354e !important;}&#8221; fade_in_intro=&#8221;https:\/\/essentials.pixfort.com\/event\/wp-content\/uploads\/sites\/9\/2020\/05\/event-intro-bg.jpg&#8221; b_custom_height=&#8221;200px&#8221; b_2_delay=&#8221;200&#8243; b_3_delay=&#8221;300&#8243; pix_overlay_opacity=&#8221;0.9&#8243;][vc_row content_placement=&#8221;middle&#8221; pix_dark_mode=&#8221;yes&#8221; pix_particles_check=&#8221;&#8221; css=&#8221;.vc_custom_1707774507398{margin-top: -50px !important;}&#8221;][vc_column content_align=&#8221;text-center&#8221; css=&#8221;.vc_custom_1590278076706{padding-top: 20px !important;padding-bottom: 20px !important;}&#8221;][vc_column_text css=&#8221;&#8221;] Encuesta de Opini\u00f3n...\" \/>\n<meta property=\"og:url\" content=\"https:\/\/fundacionexe.org.co\/en\/que-hacemos-movilizar\/encuesta-de-opinion-en-colombia\/\" \/>\n<meta property=\"og:site_name\" content=\"Fundaci\u00f3n Empresarios por la Educaci\u00f3n FExE\" \/>\n<meta property=\"article:modified_time\" content=\"2025-11-27T20:03:51+00:00\" \/>\n<meta property=\"og:image\" content=\"https:\/\/fundacionexe.org.co\/wp-content\/uploads\/2024\/03\/Invitacio\u0301n-whatsapp-100.jpg\" \/>\n\t<meta property=\"og:image:width\" content=\"1000\" \/>\n\t<meta property=\"og:image:height\" content=\"1001\" \/>\n\t<meta property=\"og:image:type\" content=\"image\/jpeg\" \/>\n<meta name=\"twitter:card\" content=\"summary_large_image\" \/>\n<meta name=\"twitter:label1\" content=\"Est. reading time\" \/>\n\t<meta name=\"twitter:data1\" content=\"2 minutes\" \/>\n<script type=\"application\/ld+json\" class=\"yoast-schema-graph\">{\"@context\":\"https:\\\/\\\/schema.org\",\"@graph\":[{\"@type\":\"WebPage\",\"@id\":\"https:\\\/\\\/fundacionexe.org.co\\\/en\\\/que-hacemos-movilizar\\\/encuesta-de-opinion-en-colombia\\\/\",\"url\":\"https:\\\/\\\/fundacionexe.org.co\\\/en\\\/que-hacemos-movilizar\\\/encuesta-de-opinion-en-colombia\\\/\",\"name\":\"Encuesta de Opini\u00f3n en Educaci\u00f3n: Los desaf\u00edos de la educaci\u00f3n en Colombia - Fundaci\u00f3n Empresarios por la Educaci\u00f3n FExE\",\"isPartOf\":{\"@id\":\"https:\\\/\\\/cajadeherramientas.fundacionexe.org.co\\\/en\\\/#website\"},\"primaryImageOfPage\":{\"@id\":\"https:\\\/\\\/fundacionexe.org.co\\\/en\\\/que-hacemos-movilizar\\\/encuesta-de-opinion-en-colombia\\\/#primaryimage\"},\"image\":{\"@id\":\"https:\\\/\\\/fundacionexe.org.co\\\/en\\\/que-hacemos-movilizar\\\/encuesta-de-opinion-en-colombia\\\/#primaryimage\"},\"thumbnailUrl\":\"https:\\\/\\\/fundacionexe.org.co\\\/wp-content\\\/uploads\\\/2024\\\/03\\\/Invitacio\u0301n-whatsapp-100.jpg\",\"datePublished\":\"2025-11-10T15:43:42+00:00\",\"dateModified\":\"2025-11-27T20:03:51+00:00\",\"breadcrumb\":{\"@id\":\"https:\\\/\\\/fundacionexe.org.co\\\/en\\\/que-hacemos-movilizar\\\/encuesta-de-opinion-en-colombia\\\/#breadcrumb\"},\"inLanguage\":\"en-US\",\"potentialAction\":[{\"@type\":\"ReadAction\",\"target\":[\"https:\\\/\\\/fundacionexe.org.co\\\/en\\\/que-hacemos-movilizar\\\/encuesta-de-opinion-en-colombia\\\/\"]}]},{\"@type\":\"ImageObject\",\"inLanguage\":\"en-US\",\"@id\":\"https:\\\/\\\/fundacionexe.org.co\\\/en\\\/que-hacemos-movilizar\\\/encuesta-de-opinion-en-colombia\\\/#primaryimage\",\"url\":\"https:\\\/\\\/fundacionexe.org.co\\\/wp-content\\\/uploads\\\/2024\\\/03\\\/Invitacio\u0301n-whatsapp-100.jpg\",\"contentUrl\":\"https:\\\/\\\/fundacionexe.org.co\\\/wp-content\\\/uploads\\\/2024\\\/03\\\/Invitacio\u0301n-whatsapp-100.jpg\",\"width\":1000,\"height\":1001},{\"@type\":\"BreadcrumbList\",\"@id\":\"https:\\\/\\\/fundacionexe.org.co\\\/en\\\/que-hacemos-movilizar\\\/encuesta-de-opinion-en-colombia\\\/#breadcrumb\",\"itemListElement\":[{\"@type\":\"ListItem\",\"position\":1,\"name\":\"Portada\",\"item\":\"https:\\\/\\\/prod.fundacionexe.org.co\\\/en\\\/\"},{\"@type\":\"ListItem\",\"position\":2,\"name\":\"Qu\u00e9 hacemos &#8211; Movilizar\",\"item\":\"https:\\\/\\\/fundacionexe.org.co\\\/en\\\/que-hacemos-movilizar\\\/\"},{\"@type\":\"ListItem\",\"position\":3,\"name\":\"Encuesta de Opini\u00f3n en Educaci\u00f3n: Los desaf\u00edos de la educaci\u00f3n en Colombia\"}]},{\"@type\":\"WebSite\",\"@id\":\"https:\\\/\\\/cajadeherramientas.fundacionexe.org.co\\\/en\\\/#website\",\"url\":\"https:\\\/\\\/cajadeherramientas.fundacionexe.org.co\\\/en\\\/\",\"name\":\"Fundaci\u00f3n Empresarios por la Educaci\u00f3n FExE\",\"description\":\"Red de conocimiento independiente. Sumamos con informaci\u00f3n y evidencia para que Colombia d\u00e9 un salto en educaci\u00f3n de calidad.\",\"potentialAction\":[{\"@type\":\"SearchAction\",\"target\":{\"@type\":\"EntryPoint\",\"urlTemplate\":\"https:\\\/\\\/cajadeherramientas.fundacionexe.org.co\\\/en\\\/?s={search_term_string}\"},\"query-input\":{\"@type\":\"PropertyValueSpecification\",\"valueRequired\":true,\"valueName\":\"search_term_string\"}}],\"inLanguage\":\"en-US\"}]}<\/script>\n<!-- \/ Yoast SEO plugin. -->","yoast_head_json":{"title":"Encuesta de Opini\u00f3n en Educaci\u00f3n: Los desaf\u00edos de la educaci\u00f3n en Colombia - Fundaci\u00f3n Empresarios por la Educaci\u00f3n FExE","robots":{"index":"index","follow":"follow","max-snippet":"max-snippet:-1","max-image-preview":"max-image-preview:large","max-video-preview":"max-video-preview:-1"},"canonical":"https:\/\/fundacionexe.org.co\/en\/que-hacemos-movilizar\/encuesta-de-opinion-en-colombia\/","og_locale":"en_US","og_type":"article","og_title":"Encuesta de Opini\u00f3n en Educaci\u00f3n: Los desaf\u00edos de la educaci\u00f3n en Colombia - Fundaci\u00f3n Empresarios por la Educaci\u00f3n FExE","og_description":"[vc_section full_width=&#8221;stretch_row&#8221; content_placement=&#8221;middle&#8221; fade_in_opacity=&#8221;pix-opacity-1&#8243; pix_over_visibility=&#8221;&#8221; bottom_divider_select=&#8221;18&#8243; b_has_animation=&#8221;true&#8221; b_1_color=&#8221;#f8f9fa&#8221; b_2_animation=&#8221;fade-in-up&#8221; b_3_animation=&#8221;fade-in-up&#8221; pix_overlay_color=&#8221;custom&#8221; pix_overlay_custom_color=&#8221;#15354e&#8221; css=&#8221;.vc_custom_1730402552310{margin-top: -50px !important;padding-top: 100px !important;background-color: #15354e !important;}&#8221; fade_in_intro=&#8221;https:\/\/essentials.pixfort.com\/event\/wp-content\/uploads\/sites\/9\/2020\/05\/event-intro-bg.jpg&#8221; b_custom_height=&#8221;200px&#8221; b_2_delay=&#8221;200&#8243; b_3_delay=&#8221;300&#8243; pix_overlay_opacity=&#8221;0.9&#8243;][vc_row content_placement=&#8221;middle&#8221; pix_dark_mode=&#8221;yes&#8221; pix_particles_check=&#8221;&#8221; css=&#8221;.vc_custom_1707774507398{margin-top: -50px !important;}&#8221;][vc_column content_align=&#8221;text-center&#8221; css=&#8221;.vc_custom_1590278076706{padding-top: 20px !important;padding-bottom: 20px !important;}&#8221;][vc_column_text css=&#8221;&#8221;] Encuesta de Opini\u00f3n...","og_url":"https:\/\/fundacionexe.org.co\/en\/que-hacemos-movilizar\/encuesta-de-opinion-en-colombia\/","og_site_name":"Fundaci\u00f3n Empresarios por la Educaci\u00f3n FExE","article_modified_time":"2025-11-27T20:03:51+00:00","og_image":[{"width":1000,"height":1001,"url":"https:\/\/fundacionexe.org.co\/wp-content\/uploads\/2024\/03\/Invitacio\u0301n-whatsapp-100.jpg","type":"image\/jpeg"}],"twitter_card":"summary_large_image","twitter_misc":{"Est. reading time":"2 minutes"},"schema":{"@context":"https:\/\/schema.org","@graph":[{"@type":"WebPage","@id":"https:\/\/fundacionexe.org.co\/en\/que-hacemos-movilizar\/encuesta-de-opinion-en-colombia\/","url":"https:\/\/fundacionexe.org.co\/en\/que-hacemos-movilizar\/encuesta-de-opinion-en-colombia\/","name":"Encuesta de Opini\u00f3n en Educaci\u00f3n: Los desaf\u00edos de la educaci\u00f3n en Colombia - Fundaci\u00f3n Empresarios por la Educaci\u00f3n FExE","isPartOf":{"@id":"https:\/\/cajadeherramientas.fundacionexe.org.co\/en\/#website"},"primaryImageOfPage":{"@id":"https:\/\/fundacionexe.org.co\/en\/que-hacemos-movilizar\/encuesta-de-opinion-en-colombia\/#primaryimage"},"image":{"@id":"https:\/\/fundacionexe.org.co\/en\/que-hacemos-movilizar\/encuesta-de-opinion-en-colombia\/#primaryimage"},"thumbnailUrl":"https:\/\/fundacionexe.org.co\/wp-content\/uploads\/2024\/03\/Invitacio\u0301n-whatsapp-100.jpg","datePublished":"2025-11-10T15:43:42+00:00","dateModified":"2025-11-27T20:03:51+00:00","breadcrumb":{"@id":"https:\/\/fundacionexe.org.co\/en\/que-hacemos-movilizar\/encuesta-de-opinion-en-colombia\/#breadcrumb"},"inLanguage":"en-US","potentialAction":[{"@type":"ReadAction","target":["https:\/\/fundacionexe.org.co\/en\/que-hacemos-movilizar\/encuesta-de-opinion-en-colombia\/"]}]},{"@type":"ImageObject","inLanguage":"en-US","@id":"https:\/\/fundacionexe.org.co\/en\/que-hacemos-movilizar\/encuesta-de-opinion-en-colombia\/#primaryimage","url":"https:\/\/fundacionexe.org.co\/wp-content\/uploads\/2024\/03\/Invitacio\u0301n-whatsapp-100.jpg","contentUrl":"https:\/\/fundacionexe.org.co\/wp-content\/uploads\/2024\/03\/Invitacio\u0301n-whatsapp-100.jpg","width":1000,"height":1001},{"@type":"BreadcrumbList","@id":"https:\/\/fundacionexe.org.co\/en\/que-hacemos-movilizar\/encuesta-de-opinion-en-colombia\/#breadcrumb","itemListElement":[{"@type":"ListItem","position":1,"name":"Portada","item":"https:\/\/prod.fundacionexe.org.co\/en\/"},{"@type":"ListItem","position":2,"name":"Qu\u00e9 hacemos &#8211; Movilizar","item":"https:\/\/fundacionexe.org.co\/en\/que-hacemos-movilizar\/"},{"@type":"ListItem","position":3,"name":"Encuesta de Opini\u00f3n en Educaci\u00f3n: Los desaf\u00edos de la educaci\u00f3n en Colombia"}]},{"@type":"WebSite","@id":"https:\/\/cajadeherramientas.fundacionexe.org.co\/en\/#website","url":"https:\/\/cajadeherramientas.fundacionexe.org.co\/en\/","name":"Fundaci\u00f3n Empresarios por la Educaci\u00f3n FExE","description":"Red de conocimiento independiente. Sumamos con informaci\u00f3n y evidencia para que Colombia d\u00e9 un salto en educaci\u00f3n de calidad.","potentialAction":[{"@type":"SearchAction","target":{"@type":"EntryPoint","urlTemplate":"https:\/\/cajadeherramientas.fundacionexe.org.co\/en\/?s={search_term_string}"},"query-input":{"@type":"PropertyValueSpecification","valueRequired":true,"valueName":"search_term_string"}}],"inLanguage":"en-US"}]}},"_links":{"self":[{"href":"https:\/\/fundacionexe.org.co\/en\/wp-json\/wp\/v2\/pages\/225483","targetHints":{"allow":["GET"]}}],"collection":[{"href":"https:\/\/fundacionexe.org.co\/en\/wp-json\/wp\/v2\/pages"}],"about":[{"href":"https:\/\/fundacionexe.org.co\/en\/wp-json\/wp\/v2\/types\/page"}],"author":[{"embeddable":true,"href":"https:\/\/fundacionexe.org.co\/en\/wp-json\/wp\/v2\/users\/884"}],"replies":[{"embeddable":true,"href":"https:\/\/fundacionexe.org.co\/en\/wp-json\/wp\/v2\/comments?post=225483"}],"version-history":[{"count":15,"href":"https:\/\/fundacionexe.org.co\/en\/wp-json\/wp\/v2\/pages\/225483\/revisions"}],"predecessor-version":[{"id":225564,"href":"https:\/\/fundacionexe.org.co\/en\/wp-json\/wp\/v2\/pages\/225483\/revisions\/225564"}],"up":[{"embeddable":true,"href":"https:\/\/fundacionexe.org.co\/en\/wp-json\/wp\/v2\/pages\/213367"}],"wp:featuredmedia":[{"embeddable":true,"href":"https:\/\/fundacionexe.org.co\/en\/wp-json\/wp\/v2\/media\/220387"}],"wp:attachment":[{"href":"https:\/\/fundacionexe.org.co\/en\/wp-json\/wp\/v2\/media?parent=225483"}],"curies":[{"name":"wp","href":"https:\/\/api.w.org\/{rel}","templated":true}]}}