{"id":225697,"date":"2025-10-18T02:37:52","date_gmt":"2025-10-18T07:37:52","guid":{"rendered":"https:\/\/fundacionexe.org.co\/agexente-ia\/"},"modified":"2026-03-16T13:52:51","modified_gmt":"2026-03-16T18:52:51","slug":"agexente-ia","status":"publish","type":"page","link":"https:\/\/fundacionexe.org.co\/en\/agexente-ia\/","title":{"rendered":"AgExEnte IA"},"content":{"rendered":"<div class=\"wpb-content-wrapper\">[vc_section full_width=&#8221;stretch_row&#8221; pix_over_visibility=&#8221;&#8221; bottom_divider_select=&#8221;4&#8243; css=&#8221;.vc_custom_1757947750339{margin-top: -50px !important;padding-bottom: -60px !important;background-color: rgba(93,127,175,0.05) !important;*background-color: rgb(93,127,175) !important;}&#8221;][vc_row pix_particles_check=&#8221;&#8221;][vc_column width=&#8221;1\/2&#8243;][vc_column_text css=&#8221;.vc_custom_1761857127704{margin-top: -25px !important;}&#8221;]<img loading=\"lazy\" decoding=\"async\" class=\"wp-image-225438 size-full aligncenter\" src=\"https:\/\/fundacionexe.org.co\/wp-content\/uploads\/2025\/10\/logo_observatorio_azul1.png\" alt=\"\" width=\"446\" height=\"90\" srcset=\"https:\/\/fundacionexe.org.co\/wp-content\/uploads\/2025\/10\/logo_observatorio_azul1.png 446w, https:\/\/fundacionexe.org.co\/wp-content\/uploads\/2025\/10\/logo_observatorio_azul1-300x61.png 300w\" sizes=\"auto, (max-width: 446px) 100vw, 446px\" \/>[\/vc_column_text][\/vc_column][vc_column width=&#8221;1\/2&#8243;][vc_column_text css=&#8221;&#8221;]\r\n<h2 style=\"text-align: center;\"><strong>Ag<img decoding=\"async\" src=\"\/wp-content\/uploads\/2025\/10\/exe-03-sm.png\" width=\"98px\" height=\"61px\" \/>nte IA<\/strong><\/h2>\r\n[\/vc_column_text][\/vc_column][\/vc_row][\/vc_section][vc_section full_width=&#8221;stretch_row&#8221; pix_over_visibility=&#8221;&#8221; css=&#8221;.vc_custom_1761849861576{margin-top: -30px !important;padding-top: 0px !important;background-color: #ffffff !important;}&#8221;][vc_row full_width=&#8221;stretch_row&#8221; pix_particles_check=&#8221;&#8221; css=&#8221;.vc_custom_1761850127706{margin-top: -30px !important;background-position: center !important;background-repeat: no-repeat !important;background-size: contain !important;}&#8221; el_class=&#8221;solo-anonimo&#8221;][vc_column][vc_column_text css_animation=&#8221;fadeIn&#8221; css=&#8221;.vc_custom_1762978195396{margin-top: 20px !important;}&#8221;]\r\n<h5 style=\"text-align: center;\"><strong>Ag<img decoding=\"async\" src=\"\/wp-content\/uploads\/2025\/10\/exe-03-sm.png\" width=\"48px\" height=\"30px\" \/> nte IA<\/strong> is the only artificial intelligence model that answers questions on more than 300 indicators of the Colombian educational system at the pre-school, preschool, elementary, middle and post-secondary levels (technical, technological, university and for work and human development).<\/h5>\r\n&nbsp;\r\n<h5 style=\"text-align: center;\">Your information comes from verified, updated and consolidated databases, ready to use.<\/h5>\r\n&nbsp;\r\n<h5 style=\"text-align: center;\">With <strong>Ag<img decoding=\"async\" src=\"\/wp-content\/uploads\/2025\/10\/exe-03-sm.png\" width=\"48px\" height=\"30px\" \/><\/strong> nte <strong>IA<\/strong> you can easily access clear data, reduce the dispersion of information and strengthen the decisions of public, business, social and academic leaders who use evidence to guide policies, programs and investments to improve education in Colombia.<\/h5>\r\n&nbsp;\r\n<h5 style=\"text-align: center;\"><strong>\ud83d\udc49 <\/strong>To chat with <strong>Ag<img decoding=\"async\" src=\"\/wp-content\/uploads\/2025\/10\/exe-03-sm.png\" width=\"48px\" height=\"30px\" \/><\/strong> nte <strong>IA<\/strong>, sign up and log in.<\/h5>\r\n[\/vc_column_text][\/vc_column][\/vc_row][vc_row full_width=&#8221;stretch_row&#8221; pix_particles_check=&#8221;&#8221; css=&#8221;.vc_custom_1761163522322{margin-top: 20px !important;background-position: center !important;background-repeat: no-repeat !important;background-size: contain !important;}&#8221; el_class=&#8221;autenticado&#8221;][vc_column]<div id=\"img-46e0a3cc1cfe98071a83c4c17076234e\" class=\"pix-img-element d-inline-block \"  ><div class=\"animate-in d-inline-block\" data-anim-type=\"fade-in-left\" data-anim-delay=\"0\"><div class=\"pix-img-el     text-center d-inline-block  w-100 rounded\"  ><\/div><\/div><\/div>[vc_column_text css_animation=&#8221;fadeIn&#8221; css=&#8221;.vc_custom_1762977974949{padding-top: px !important;}&#8221;]\r\n<h5 style=\"text-align: center;\">\ud83d\udc4b Hi! I&#8217;m <strong>Ag<img decoding=\"async\" src=\"\/wp-content\/uploads\/2025\/10\/exe-03-sm.png\" width=\"48px\" height=\"30px\" \/><\/strong> nte <strong>IA<\/strong><\/h5>\r\n&nbsp;\r\n<h5 style=\"text-align: center;\">I can help you consult results of the Saber 11\u00b0 Tests, coverage, permanence, enrollment, programs registered in the SIIPE or educational goals included in the National and Territorial Development Plans of the last 10 years.<\/h5>\r\n&nbsp;\r\n<h5 style=\"text-align: center;\">Just tell me the year or period of time you are interested in and the department, municipality or Certified Territorial Entity of your interest.<\/h5>\r\n&nbsp;\r\n<h5 style=\"text-align: center;\">and let&#8217;s get started!<\/h5>\r\n[\/vc_column_text][\/vc_column][\/vc_row][\/vc_section][vc_row pix_particles_check=&#8221;&#8221; el_class=&#8221;solo-anonimo&#8221;][vc_column][vc_column_text css_animation=&#8221;fadeIn&#8221; css=&#8221;&#8221;]\r\n<h5 style=\"text-align: center;\"><a style=\"text-decoration: underline !important;\" href=\"https:\/\/fundacionexe.org.co\/auth\/realms\/fexe-prod\/protocol\/openid-connect\/registrations?client_id=frontend-prod&amp;scope=openid%20profile&amp;redirect_uri=https%3A%2F%2Ffundacionexe.org.co&amp;response_type=code\">Register<\/a> or <a style=\"text-decoration: underline !important;\" href=\"\/?action=saml_login&amp;provider_id=1&amp;redirect_to=%2Fagexente-ia%2F&amp;\">log in<\/a><\/h5>\r\n[\/vc_column_text][\/vc_column][\/vc_row][vc_section full_width=&#8221;stretch_row&#8221; pix_over_visibility=&#8221;&#8221; css=&#8221;.vc_custom_1753306218891{margin-top: 0px !important;margin-right: -400px !important;margin-left: -400px !important;padding-top: 0px !important;background-color: #ffffff !important;}&#8221;][vc_row pix_particles_check=&#8221;&#8221; el_class=&#8221;autenticado&#8221;][vc_column][vc_raw_html css=&#8221;&#8221;]JTNDZGl2JTIwaWQlM0QlMjJjaGF0LWNvbnRhaW5lciUyMiUyMHN0eWxlJTNEJTIybWF4LXdpZHRoJTNBJTIwMTAwMHB4JTNCJTIwbWFyZ2luJTNBJTIwYXV0byUzQiUyMGZvbnQtZmFtaWx5JTNBJTIwQXJpYWwlMkMlMjBzYW5zLXNlcmlmJTNCJTIyJTNFJTBBJTIwJTIwJTIwJTIwJTNDZGl2JTIwaWQlM0QlMjJjaGF0LWhpc3RvcnklMjIlMjAlMEElMjAlMjAlMjAlMjAlMjAlMjAlMjAlMjAlMjBzdHlsZSUzRCUyMm1pbi1oZWlnaHQlM0ElMjA3NXB4JTNCJTIwbWF4LWhlaWdodCUzQSUyMDQwMHB4JTNCJTIwb3ZlcmZsb3cteSUzQSUyMGF1dG8lM0IlMjBib3JkZXIlM0ElMjAxcHglMjBzb2xpZCUyMCUyM2NjYyUzQiUyMHBhZGRpbmclM0ElMjAxMHB4JTNCJTIwJTBBJTIwJTIwJTIwJTIwJTIwJTIwJTIwJTIwJTIwJTIwJTIwJTIwJTIwJTIwJTIwJTIwZGlzcGxheSUzQSUyMGZsZXglM0IlMjBmbGV4LWRpcmVjdGlvbiUzQSUyMGNvbHVtbi1yZXZlcnNlJTNCJTIwYm9yZGVyLXJhZGl1cyUzQSUyMDEwcHglM0IlMjBiYWNrZ3JvdW5kJTNBJTIwJTIzZjlmOWY5JTNCJTIyJTNFJTBBJTIwJTIwJTIwJTIwJTNDJTJGZGl2JTNFJTBBJTBBJTIwJTIwJTIwJTIwJTNDZGl2JTIwc3R5bGUlM0QlMjJkaXNwbGF5JTNBJTIwZmxleCUzQiUyMG1hcmdpbi10b3AlM0ElMjA4cHglM0IlMjIlM0UlMEElMjAlMjAlMjAlMjAlMjAlMjAlMjAlMjAlM0NpbnB1dCUyMHR5cGUlM0QlMjJ0ZXh0JTIyJTIwaWQlM0QlMjJjaGF0LWlucHV0JTIyJTIwJTBBJTIwJTIwJTIwJTIwJTIwJTIwJTIwJTIwJTIwJTIwJTIwJTIwJTIwJTIwJTIwc3R5bGUlM0QlMjJmbGV4JTNBJTIwMSUzQiUyMHBhZGRpbmclM0ElMjAxMHB4JTNCJTIwYm9yZGVyJTNBJTIwMXB4JTIwc29saWQlMjAlMjNjY2MlM0IlMjBib3JkZXItcmFkaXVzJTNBJTIwMTBweCUyMDAlMjAwJTIwMTBweCUzQiUyMG91dGxpbmUlM0ElMjBub25lJTNCJTIyJTIwJTBBJTIwJTIwJTIwJTIwJTIwJTIwJTIwJTIwJTIwJTIwJTIwJTIwJTIwJTIwJTIwcGxhY2Vob2xkZXIlM0QlMjJFc2NyaWJlJTIwc3UlMjBtZW5zYWplLi4uJTIyJTIwcmVxdWlyZWQlMjAlMkYlM0UlMEElMEElMjAlMjAlMjAlMjAlMjAlMjAlMjAlMjAlM0NidXR0b24lMjB0eXBlJTNEJTIyYnV0dG9uJTIyJTIwb25jbGljayUzRCUyMmNhbGxCb3QlMjglMjklMjIlMjAlMEElMjAlMjAlMjAlMjAlMjAlMjAlMjAlMjAlMjAlMjAlMjAlMjAlMjAlMjAlMjAlMjBzdHlsZSUzRCUyMmJhY2tncm91bmQlM0ElMjAlMjM0QTgzQUYlM0IlMjBjb2xvciUzQSUyMHdoaXRlJTNCJTIwYm9yZGVyJTNBJTIwMXB4JTIwc29saWQlMjAlMjM0QTgzQUYlM0IlMjAlMEElMjAlMjAlMjAlMjAlMjAlMjAlMjAlMjAlMjAlMjAlMjAlMjAlMjAlMjAlMjAlMjAlMjAlMjAlMjAlMjAlMjAlMjAlMjBib3JkZXItcmFkaXVzJTNBJTIwMCUzQiUyMHBhZGRpbmclM0ElMjAxMHB4JTIwMTVweCUzQiUyMGN1cnNvciUzQSUyMHBvaW50ZXIlM0IlMjIlM0UlMEElMjAlMjAlMjAlMjAlMjAlMjAlMjAlMjAlMjAlMjAlMjAlMjBFbnZpYXIlMEElMjAlMjAlMjAlMjAlMjAlMjAlMjAlMjAlM0MlMkZidXR0b24lM0UlMEElMEElMjAlMjAlMjAlMjAlMjAlMjAlMjAlMjAlM0NidXR0b24lMjB0eXBlJTNEJTIyYnV0dG9uJTIyJTIwb25jbGljayUzRCUyMm5ld0NoYXQlMjglMjklMjIlMjAlMEElMjAlMjAlMjAlMjAlMjAlMjAlMjAlMjAlMjAlMjAlMjAlMjAlMjAlMjAlMjAlMjBzdHlsZSUzRCUyMmJhY2tncm91bmQlM0ElMjAlMjNCRkJGQkYlM0IlMjBjb2xvciUzQSUyMHdoaXRlJTNCJTIwYm9yZGVyJTNBJTIwMXB4JTIwc29saWQlMjAlMjNCRkJGQkYlM0IlMjAlMEElMjAlMjAlMjAlMjAlMjAlMjAlMjAlMjAlMjAlMjAlMjAlMjAlMjAlMjAlMjAlMjAlMjAlMjAlMjAlMjAlMjAlMjAlMjBib3JkZXItcmFkaXVzJTNBJTIwMCUyMDEwcHglMjAxMHB4JTIwMCUzQiUyMHBhZGRpbmclM0ElMjAxMHB4JTIwMTBweCUzQiUyMGN1cnNvciUzQSUyMHBvaW50ZXIlM0IlMjIlM0UlMEElMjAlMjAlMjAlMjAlMjAlMjAlMjAlMjAlMjAlMjAlMjAlMjAlM0NpbWclMjBzcmMlM0QlMjIlMkZ3cC1jb250ZW50JTJGdXBsb2FkcyUyRjIwMjUlMkYxMCUyRmJvcnJhZG9yLWF6dWwucG5nJTIyJTIwd2lkdGglM0QlMjIyMHB4JTIyJTIwaGVpZ2h0JTNEJTIyMjBweCUyMiUyMCUyRiUzRSUwQSUyMCUyMCUyMCUyMCUyMCUyMCUyMCUyMCUzQyUyRmJ1dHRvbiUzRSUwQSUyMCUyMCUyMCUyMCUzQyUyRmRpdiUzRSUwQSUzQyUyRmRpdiUzRSUwQSUzQ3NjcmlwdCUyMHR5cGUlM0QlMjJ0ZXh0JTJGamF2YXNjcmlwdCUyMiUzRSUwQSUyRiUyRiUyMEdlbmVyYXRlJTIwYSUyMFVVSUQlMjAlMjh3b3JrcyUyMGV2ZW4lMjBpbiUyMGJyb3dzZXJzJTIwd2l0aG91dCUyMGNyeXB0by5yYW5kb21VVUlEJTI5JTBBZnVuY3Rpb24lMjBnZW5lcmF0ZVVVSUQlMjglMjklMjAlN0IlMEElMjAlMjAlMjAlMjBpZiUyMCUyOHdpbmRvdy5jcnlwdG8lMjAlMjYlMjYlMjBjcnlwdG8ucmFuZG9tVVVJRCUyOSUyMCU3QiUwQSUyMCUyMCUyMCUyMCUyMCUyMCUyMCUyMHJldHVybiUyMGNyeXB0by5yYW5kb21VVUlEJTI4JTI5JTNCJTBBJTIwJTIwJTIwJTIwJTdEJTBBJTIwJTIwJTIwJTIwJTJGJTJGJTIwRmFsbGJhY2slM0ElMjB1c2UlMjBnZXRSYW5kb21WYWx1ZXMlMEElMjAlMjAlMjAlMjByZXR1cm4lMjAlMjglNUIxZTclNUQlMkItMWUzJTJCLTRlMyUyQi04ZTMlMkItMWUxMSUyOS5yZXBsYWNlJTI4JTJGJTVCMDE4JTVEJTJGZyUyQyUyMGMlMjAlM0QlM0UlMEElMjAlMjAlMjAlMjAlMjAlMjAlMjAlMjAlMjhjJTIwJTVFJTIwY3J5cHRvLmdldFJhbmRvbVZhbHVlcyUyOG5ldyUyMFVpbnQ4QXJyYXklMjgxJTI5JTI5JTVCMCU1RCUyMCUyNiUyMDE1JTIwJTNFJTNFJTIwYyUyMCUyRiUyMDQlMjkudG9TdHJpbmclMjgxNiUyOSUwQSUyMCUyMCUyMCUyMCUyOSUzQiUwQSU3RCUwQSUwQSUyRiUyRiUyMFNlc3Npb24lMjB2YXJpYWJsZXMlMEFsZXQlMjB1c2VyX2lkJTIwJTNEJTIwbG9jYWxTdG9yYWdlLmdldEl0ZW0lMjglMjd1c2VyX2lkJTI3JTI5JTIwJTdDJTdDJTIwZ2VuZXJhdGVVVUlEJTI4JTI5JTNCJTBBbG9jYWxTdG9yYWdlLnNldEl0ZW0lMjglMjd1c2VyX2lkJTI3JTJDJTIwdXNlcl9pZCUyOSUzQiUwQSUwQWxldCUyMGNoYXRfaWQlMjAlM0QlMjBnZW5lcmF0ZVVVSUQlMjglMjklM0IlMEElMEFjb25zdCUyMGNoYXRIaXN0b3J5JTIwJTNEJTIwZG9jdW1lbnQuZ2V0RWxlbWVudEJ5SWQlMjglMjdjaGF0LWhpc3RvcnklMjclMjklM0IlMEElMEFmdW5jdGlvbiUyMGFwcGVuZE1lc3NhZ2UlMjhzZW5kZXIlMkMlMjB0ZXh0JTJDJTIwZWxlbWVudCUyOSUyMCU3QiUwQSUyMCUyMCUyMCUyMGxldCUyMG1lc3NhZ2VFbGVtJTNCJTBBJTIwJTIwJTIwJTIwaWYlMjAlMjhlbGVtZW50JTI5JTIwJTdCJTBBJTIwJTIwJTIwJTIwJTIwJTIwJTIwJTIwbWVzc2FnZUVsZW0lMjAlM0QlMjBlbGVtZW50JTNCJTBBJTIwJTIwJTIwJTIwJTdEJTIwZWxzZSUyMCU3QiUwQSUyMCUyMCUyMCUyMCUyMCUyMCUyMCUyMG1lc3NhZ2VFbGVtJTIwJTNEJTIwZG9jdW1lbnQuY3JlYXRlRWxlbWVudCUyOCUyN2RpdiUyNyUyOSUzQiUwQSUyMCUyMCUyMCUyMCU3RCUzQiUwQSUyMCUyMCUyMCUyMG1lc3NhZ2VFbGVtLmlubmVySFRNTCUyMCUzRCUyMCU2MCUzQ3N0cm9uZyUzRSUyNCU3QnNlbmRlciU3RCUzQSUzQyUyRnN0cm9uZyUzRSUyMCUyNCU3QnRleHQlN0QlNjAlM0IlMEElMjAlMjAlMjAlMjBtZXNzYWdlRWxlbS5zdHlsZS5tYXJnaW4lMjAlM0QlMjAlMjI1cHglMjAwJTIyJTNCJTBBJTIwJTIwJTIwJTIwY2hhdEhpc3RvcnkuaW5zZXJ0QmVmb3JlJTI4bWVzc2FnZUVsZW0lMkMlMjBjaGF0SGlzdG9yeS5maXJzdENoaWxkJTI5JTNCJTBBJTIwJTIwJTIwJTIwcmV0dXJuJTIwbWVzc2FnZUVsZW0lM0IlMEElN0QlMEElMEElMkYlMkYlMjBDYWxsJTIwQm90JTIwQVBJJTBBZnVuY3Rpb24lMjBjYWxsQm90JTI4JTI5JTIwJTdCJTBBJTIwJTIwJTIwJTIwY29uc3QlMjBjaGF0SW5wdXQlMjAlM0QlMjBkb2N1bWVudC5nZXRFbGVtZW50QnlJZCUyOCUyN2NoYXQtaW5wdXQlMjclMjklM0IlMEElMjAlMjAlMjAlMjBjb25zdCUyMG1lc3NhZ2UlMjAlM0QlMjBjaGF0SW5wdXQudmFsdWUudHJpbSUyOCUyOSUzQiUwQSUyMCUyMCUyMCUyMGlmJTIwJTI4JTIxbWVzc2FnZSUyOSUyMHJldHVybiUzQiUwQSUwQSUyMCUyMCUyMCUyMGNoYXRJbnB1dC52YWx1ZSUyMCUzRCUyMCUyMiUyMiUzQiUwQSUyMCUyMCUyMCUyMGFwcGVuZE1lc3NhZ2UlMjglMjdUJUMzJUJBJTI3JTJDJTIwbWVzc2FnZSUyOSUzQiUwQSUyMCUyMCUyMCUyMGNvbnN0JTIwYm90TWVzc2FnZSUyMCUzRCUyMGFwcGVuZE1lc3NhZ2UlMjglMjdBZ0V4RW50ZSUyNyUyQyUyNy4uLiUyNyUyOSUzQiUwQSUwQSUyMCUyMCUyMCUyMGNvbnN0JTIwYXBpRW5kcG9pbnQlMjAlM0QlMjAlMjdodHRwcyUzQSUyRiUyRjNjaGJ2bHZ5NDVscmNrMnJkbTZzcDNudWRlMHdjaGtoLmxhbWJkYS11cmwudXMtZWFzdC0xLm9uLmF3cyUyRiUyNyUzQiUwQSUyMCUyMCUyMCUyMCUwQSUyMCUyMCUyMCUyMGZldGNoJTI4YXBpRW5kcG9pbnQlMkMlMjAlN0IlMEElMjAlMjAlMjAlMjAlMjAlMjAlMjAlMjBtZXRob2QlM0ElMjAlMjdQT1NUJTI3JTJDJTBBJTIwJTIwJTIwJTIwJTIwJTIwJTIwJTIwaGVhZGVycyUzQSUyMCU3QiUwQSUyMCUyMCUyMCUyMCUyMCUyMCUyMCUyMCUyMCUyMCUyMCUyMCUyN0NvbnRlbnQtVHlwZSUyNyUzQSUyMCUyN2FwcGxpY2F0aW9uJTJGanNvbiUyNyUwQSUyMCUyMCUyMCUyMCUyMCUyMCUyMCUyMCU3RCUyQyUwQSUyMCUyMCUyMCUyMCUyMCUyMCUyMCUyMGJvZHklM0ElMjBKU09OLnN0cmluZ2lmeSUyOCU3QiUwQSUyMCUyMCUyMCUyMCUyMCUyMCUyMCUyMCUyMCUyMCUyMCUyMG1lc3NhZ2UlMkMlMEElMjAlMjAlMjAlMjAlMjAlMjAlMjAlMjAlMjAlMjAlMjAlMjB1c2VyX2lkJTJDJTBBJTIwJTIwJTIwJTIwJTIwJTIwJTIwJTIwJTIwJTIwJTIwJTIwY2hhdF9pZCUwQSUyMCUyMCUyMCUyMCUyMCUyMCUyMCUyMCU3RCUyOSUwQSUyMCUyMCUyMCUyMCU3RCUyOSUwQSUyMCUyMCUyMCUyMC50aGVuJTI4cmVzcG9uc2UlMjAlM0QlM0UlMjByZXNwb25zZS5qc29uJTI4JTI5JTI5JTBBJTIwJTIwJTIwJTIwLnRoZW4lMjhkYXRhJTIwJTNEJTNFJTIwJTdCJTBBJTIwJTIwJTIwJTIwJTIwJTIwJTIwJTIwaWYlMjAlMjhkYXRhLmFuc3dlciUyOSUyMCU3QiUwQSUyMCUyMCUyMCUyMCUyMCUyMCUyMCUyMCUyMCUyMCUyMCUyMCUyRiUyRiUyMENoYW5nZSUyMG5ldyUyMGxpbmVzJTIwdG8lMjAlM0NiciUzRSUwQSUyMCUyMCUyMCUyMCUyMCUyMCUyMCUyMCUyMCUyMCUyMCUyMGNvbnN0JTIwYW5zd2VyJTIwJTNEJTIwZGF0YS5hbnN3ZXIucmVwbGFjZSUyOCUyRiUyOCUzRiUzQSU1Q3IlNUNuJTdDJTVDciU3QyU1Q24lMjklMkZnJTJDJTIwJTI3JTNDYnIlM0UlMjclMjklM0IlMEElMjAlMjAlMjAlMjAlMjAlMjAlMjAlMjAlMjAlMjAlMjAlMjBhcHBlbmRNZXNzYWdlJTI4JTI3QWdFeEVudGUlMjclMkMlMjBhbnN3ZXIlMkMlMjBib3RNZXNzYWdlJTI5JTNCJTBBJTIwJTIwJTIwJTIwJTIwJTIwJTIwJTIwJTdEJTIwZWxzZSUyMCU3QiUwQSUyMCUyMCUyMCUyMCUyMCUyMCUyMCUyMCUyMCUyMCUyMCUyMGlmJTIwJTI4ZGF0YS5lcnJvciUyOSUyMCU3QiUwQSUyMCUyMCUyMCUyMCUyMCUyMCUyMCUyMCUyMCUyMCUyMCUyMCUyMCUyMCUyMCUyMGNvbnNvbGUuZXJyb3IlMjglNjBFcnJvciUyMGNvbm5lY3RpbmclMjB0byUyMHNlcnZlciUzQSUyMCUyNCU3QkpTT04uc3RyaW5naWZ5JTI4ZGF0YSUyOSU3RCU2MCUyOSUzQiUwQSUyMCUyMCUyMCUyMCUyMCUyMCUyMCUyMCUyMCUyMCUyMCUyMCU3RCUzQiUwQSUyMCUyMCUyMCUyMCUyMCUyMCUyMCUyMCUyMCUyMCUyMCUyMGFwcGVuZE1lc3NhZ2UlMjglMjdBZ0V4RW50ZSUyNyUyQyUyMCUyMkVycm9yJTIyJTJDJTIwYm90TWVzc2FnZSUyOSUzQiUwQSUyMCUyMCUyMCUyMCUyMCUyMCUyMCUyMCU3RCUzQiUwQSUwQSUyMCUyMCUyMCUyMCU3RCUyOSUwQSUyMCUyMCUyMCUyMC5jYXRjaCUyOGVycm9yJTIwJTNEJTNFJTIwJTdCJTBBJTIwJTIwJTIwJTIwJTIwJTIwJTIwJTIwY29uc29sZS5lcnJvciUyOCUyN0Vycm9yJTNBJTI3JTJDJTIwZXJyb3IlMjklM0IlMEElMjAlMjAlMjAlMjAlMjAlMjAlMjAlMjBhcHBlbmRNZXNzYWdlJTI4JTI3U3lzdGVtJTI3JTJDJTIwJTIySHVibyUyMHVuJTIwZXJyb3IlMjBjb25lY3RhbmRvJTIwYWwlMjBib3QlMjIlMkMlMjBib3RNZXNzYWdlJTI5JTNCJTBBJTIwJTIwJTIwJTIwJTdEJTI5JTNCJTBBJTdEJTBBJTBBJTJGJTJGJTIwTmV3JTIwY2hhdCUyMGJ1dHRvbiUwQWZ1bmN0aW9uJTIwbmV3Q2hhdCUyOCUyOSUyMCU3QiUwQSUyMCUyMCUyMCUyMGNoYXRfaWQlMjAlM0QlMjBnZW5lcmF0ZVVVSUQlMjglMjklM0IlMjAlMkYlMkYlMjByZWdlbmVyYXRlJTIwY2hhdF9pZCUwQSUyMCUyMCUyMCUyMGNoYXRIaXN0b3J5LmlubmVySFRNTCUyMCUzRCUyMCUyMiUyMiUzQiUyMCUyRiUyRiUyMGNsZWFyJTIwY2hhdCUyMGhpc3RvcnklMEElMjAlMjAlMjAlMjBhcHBlbmRNZXNzYWdlJTI4JTI3U3lzdGVtYSUyNyUyQyUyMCUyN051ZXZvJTIwY2hhdCUyMGluaWNpYWRvJTI3JTI5JTNCJTBBJTdEJTBBJTBBZG9jdW1lbnQuZ2V0RWxlbWVudEJ5SWQlMjglMjdjaGF0LWlucHV0JTI3JTI5LmFkZEV2ZW50TGlzdGVuZXIlMjglMjdrZXlkb3duJTI3JTJDJTIwZnVuY3Rpb24lMjhldmVudCUyOSUyMCU3QiUwQSUyMCUyMCUyMCUyMGlmJTIwJTI4ZXZlbnQua2V5JTIwJTNEJTNEJTNEJTIwJTI3RW50ZXIlMjclMjklMjAlN0IlMEElMjAlMjAlMjAlMjAlMjAlMjAlMjAlMjBjYWxsQm90JTI4JTI5JTNCJTBBJTIwJTIwJTIwJTIwJTdEJTBBJTdEJTI5JTNCJTBBJTNDJTJGc2NyaXB0JTNF[\/vc_raw_html][\/vc_column][\/vc_row][\/vc_section]<\/div>","protected":false},"excerpt":{"rendered":"[vc_section full_width=&#8221;stretch_row&#8221; pix_over_visibility=&#8221;&#8221; bottom_divider_select=&#8221;4&#8243; css=&#8221;.vc_custom_1757947750339{margin-top: -50px !important;padding-bottom: -60px !important;background-color: rgba(93,127,175,0.05) !important;*background-color: rgb(93,127,175) !important;}&#8221;][vc_row pix_particles_check=&#8221;&#8221;][vc_column width=&#8221;1\/2&#8243;][vc_column_text css=&#8221;.vc_custom_1761857127704{margin-top: -25px !important;}&#8221;][\/vc_column_text][\/vc_column][vc_column width=&#8221;1\/2&#8243;][vc_column_text css=&#8221;&#8221;] Agnte IA [\/vc_column_text][\/vc_column][\/vc_row][\/vc_section][vc_section full_width=&#8221;stretch_row&#8221; pix_over_visibility=&#8221;&#8221; css=&#8221;.vc_custom_1761849861576{margin-top: -30px !important;padding-top: 0px !important;background-color: #ffffff !important;}&#8221;][vc_row full_width=&#8221;stretch_row&#8221; pix_particles_check=&#8221;&#8221; css=&#8221;.vc_custom_1761850127706{margin-top: -30px !important;background-position: center !important;background-repeat: no-repeat&#8230;","protected":false},"author":42,"featured_media":0,"parent":0,"menu_order":0,"comment_status":"closed","ping_status":"closed","template":"","meta":{"footnotes":""},"class_list":["post-225697","page","type-page","status-publish","hentry"],"yoast_head":"<!-- This site is optimized with the Yoast SEO plugin v27.2 - https:\/\/yoast.com\/product\/yoast-seo-wordpress\/ -->\n<title>AgExEnte IA - Fundaci\u00f3n Empresarios por la Educaci\u00f3n FExE<\/title>\n<meta name=\"robots\" content=\"index, follow, max-snippet:-1, max-image-preview:large, max-video-preview:-1\" \/>\n<link rel=\"canonical\" href=\"https:\/\/fundacionexe.org.co\/en\/agexente-ia\/\" \/>\n<meta property=\"og:locale\" content=\"en_US\" \/>\n<meta property=\"og:type\" content=\"article\" \/>\n<meta property=\"og:title\" content=\"AgExEnte IA - Fundaci\u00f3n Empresarios por la Educaci\u00f3n FExE\" \/>\n<meta property=\"og:description\" content=\"[vc_section full_width=&#8221;stretch_row&#8221; pix_over_visibility=&#8221;&#8221; bottom_divider_select=&#8221;4&#8243; css=&#8221;.vc_custom_1757947750339{margin-top: -50px !important;padding-bottom: -60px !important;background-color: rgba(93,127,175,0.05) !important;*background-color: rgb(93,127,175) !important;}&#8221;][vc_row pix_particles_check=&#8221;&#8221;][vc_column width=&#8221;1\/2&#8243;][vc_column_text css=&#8221;.vc_custom_1761857127704{margin-top: -25px !important;}&#8221;][\/vc_column_text][\/vc_column][vc_column width=&#8221;1\/2&#8243;][vc_column_text css=&#8221;&#8221;] Agnte IA [\/vc_column_text][\/vc_column][\/vc_row][\/vc_section][vc_section full_width=&#8221;stretch_row&#8221; pix_over_visibility=&#8221;&#8221; css=&#8221;.vc_custom_1761849861576{margin-top: -30px !important;padding-top: 0px !important;background-color: #ffffff !important;}&#8221;][vc_row full_width=&#8221;stretch_row&#8221; pix_particles_check=&#8221;&#8221; css=&#8221;.vc_custom_1761850127706{margin-top: -30px !important;background-position: center !important;background-repeat: no-repeat...\" \/>\n<meta property=\"og:url\" content=\"https:\/\/fundacionexe.org.co\/en\/agexente-ia\/\" \/>\n<meta property=\"og:site_name\" content=\"Fundaci\u00f3n Empresarios por la Educaci\u00f3n FExE\" \/>\n<meta property=\"article:modified_time\" content=\"2026-03-16T18:52:51+00:00\" \/>\n<meta property=\"og:image\" content=\"https:\/\/fundacionexe.org.co\/wp-content\/uploads\/2025\/10\/logo_observatorio_azul1.png\" \/>\n<meta name=\"twitter:card\" content=\"summary_large_image\" \/>\n<meta name=\"twitter:label1\" content=\"Est. reading time\" \/>\n\t<meta name=\"twitter:data1\" content=\"3 minutes\" \/>\n<script type=\"application\/ld+json\" class=\"yoast-schema-graph\">{\"@context\":\"https:\/\/schema.org\",\"@graph\":[{\"@type\":\"WebPage\",\"@id\":\"https:\/\/fundacionexe.org.co\/en\/agexente-ia\/\",\"url\":\"https:\/\/fundacionexe.org.co\/en\/agexente-ia\/\",\"name\":\"AgExEnte IA - Fundaci\u00f3n Empresarios por la Educaci\u00f3n FExE\",\"isPartOf\":{\"@id\":\"https:\/\/fundacionexe.org.co\/en\/#website\"},\"primaryImageOfPage\":{\"@id\":\"https:\/\/fundacionexe.org.co\/en\/agexente-ia\/#primaryimage\"},\"image\":{\"@id\":\"https:\/\/fundacionexe.org.co\/en\/agexente-ia\/#primaryimage\"},\"thumbnailUrl\":\"https:\/\/fundacionexe.org.co\/wp-content\/uploads\/2025\/10\/logo_observatorio_azul1.png\",\"datePublished\":\"2025-10-18T07:37:52+00:00\",\"dateModified\":\"2026-03-16T18:52:51+00:00\",\"breadcrumb\":{\"@id\":\"https:\/\/fundacionexe.org.co\/en\/agexente-ia\/#breadcrumb\"},\"inLanguage\":\"en-US\",\"potentialAction\":[{\"@type\":\"ReadAction\",\"target\":[\"https:\/\/fundacionexe.org.co\/en\/agexente-ia\/\"]}]},{\"@type\":\"ImageObject\",\"inLanguage\":\"en-US\",\"@id\":\"https:\/\/fundacionexe.org.co\/en\/agexente-ia\/#primaryimage\",\"url\":\"https:\/\/fundacionexe.org.co\/wp-content\/uploads\/2025\/10\/logo_observatorio_azul1.png\",\"contentUrl\":\"https:\/\/fundacionexe.org.co\/wp-content\/uploads\/2025\/10\/logo_observatorio_azul1.png\"},{\"@type\":\"BreadcrumbList\",\"@id\":\"https:\/\/fundacionexe.org.co\/en\/agexente-ia\/#breadcrumb\",\"itemListElement\":[{\"@type\":\"ListItem\",\"position\":1,\"name\":\"Portada\",\"item\":\"https:\/\/fundacionexe.org.co\/en\/\"},{\"@type\":\"ListItem\",\"position\":2,\"name\":\"AgExEnte IA\"}]},{\"@type\":\"WebSite\",\"@id\":\"https:\/\/fundacionexe.org.co\/en\/#website\",\"url\":\"https:\/\/fundacionexe.org.co\/en\/\",\"name\":\"Fundaci\u00f3n Empresarios por la Educaci\u00f3n FExE\",\"description\":\"Red de conocimiento independiente. Sumamos con informaci\u00f3n y evidencia para que Colombia d\u00e9 un salto en educaci\u00f3n de calidad.\",\"potentialAction\":[{\"@type\":\"SearchAction\",\"target\":{\"@type\":\"EntryPoint\",\"urlTemplate\":\"https:\/\/fundacionexe.org.co\/en\/?s={search_term_string}\"},\"query-input\":{\"@type\":\"PropertyValueSpecification\",\"valueRequired\":true,\"valueName\":\"search_term_string\"}}],\"inLanguage\":\"en-US\"}]}<\/script>\n<!-- \/ Yoast SEO plugin. -->","yoast_head_json":{"title":"AgExEnte IA - Fundaci\u00f3n Empresarios por la Educaci\u00f3n FExE","robots":{"index":"index","follow":"follow","max-snippet":"max-snippet:-1","max-image-preview":"max-image-preview:large","max-video-preview":"max-video-preview:-1"},"canonical":"https:\/\/fundacionexe.org.co\/en\/agexente-ia\/","og_locale":"en_US","og_type":"article","og_title":"AgExEnte IA - Fundaci\u00f3n Empresarios por la Educaci\u00f3n FExE","og_description":"[vc_section full_width=&#8221;stretch_row&#8221; pix_over_visibility=&#8221;&#8221; bottom_divider_select=&#8221;4&#8243; css=&#8221;.vc_custom_1757947750339{margin-top: -50px !important;padding-bottom: -60px !important;background-color: rgba(93,127,175,0.05) !important;*background-color: rgb(93,127,175) !important;}&#8221;][vc_row pix_particles_check=&#8221;&#8221;][vc_column width=&#8221;1\/2&#8243;][vc_column_text css=&#8221;.vc_custom_1761857127704{margin-top: -25px !important;}&#8221;][\/vc_column_text][\/vc_column][vc_column width=&#8221;1\/2&#8243;][vc_column_text css=&#8221;&#8221;] Agnte IA [\/vc_column_text][\/vc_column][\/vc_row][\/vc_section][vc_section full_width=&#8221;stretch_row&#8221; pix_over_visibility=&#8221;&#8221; css=&#8221;.vc_custom_1761849861576{margin-top: -30px !important;padding-top: 0px !important;background-color: #ffffff !important;}&#8221;][vc_row full_width=&#8221;stretch_row&#8221; pix_particles_check=&#8221;&#8221; css=&#8221;.vc_custom_1761850127706{margin-top: -30px !important;background-position: center !important;background-repeat: no-repeat...","og_url":"https:\/\/fundacionexe.org.co\/en\/agexente-ia\/","og_site_name":"Fundaci\u00f3n Empresarios por la Educaci\u00f3n FExE","article_modified_time":"2026-03-16T18:52:51+00:00","og_image":[{"url":"https:\/\/fundacionexe.org.co\/wp-content\/uploads\/2025\/10\/logo_observatorio_azul1.png","type":"","width":"","height":""}],"twitter_card":"summary_large_image","twitter_misc":{"Est. reading time":"3 minutes"},"schema":{"@context":"https:\/\/schema.org","@graph":[{"@type":"WebPage","@id":"https:\/\/fundacionexe.org.co\/en\/agexente-ia\/","url":"https:\/\/fundacionexe.org.co\/en\/agexente-ia\/","name":"AgExEnte IA - Fundaci\u00f3n Empresarios por la Educaci\u00f3n FExE","isPartOf":{"@id":"https:\/\/fundacionexe.org.co\/en\/#website"},"primaryImageOfPage":{"@id":"https:\/\/fundacionexe.org.co\/en\/agexente-ia\/#primaryimage"},"image":{"@id":"https:\/\/fundacionexe.org.co\/en\/agexente-ia\/#primaryimage"},"thumbnailUrl":"https:\/\/fundacionexe.org.co\/wp-content\/uploads\/2025\/10\/logo_observatorio_azul1.png","datePublished":"2025-10-18T07:37:52+00:00","dateModified":"2026-03-16T18:52:51+00:00","breadcrumb":{"@id":"https:\/\/fundacionexe.org.co\/en\/agexente-ia\/#breadcrumb"},"inLanguage":"en-US","potentialAction":[{"@type":"ReadAction","target":["https:\/\/fundacionexe.org.co\/en\/agexente-ia\/"]}]},{"@type":"ImageObject","inLanguage":"en-US","@id":"https:\/\/fundacionexe.org.co\/en\/agexente-ia\/#primaryimage","url":"https:\/\/fundacionexe.org.co\/wp-content\/uploads\/2025\/10\/logo_observatorio_azul1.png","contentUrl":"https:\/\/fundacionexe.org.co\/wp-content\/uploads\/2025\/10\/logo_observatorio_azul1.png"},{"@type":"BreadcrumbList","@id":"https:\/\/fundacionexe.org.co\/en\/agexente-ia\/#breadcrumb","itemListElement":[{"@type":"ListItem","position":1,"name":"Portada","item":"https:\/\/fundacionexe.org.co\/en\/"},{"@type":"ListItem","position":2,"name":"AgExEnte IA"}]},{"@type":"WebSite","@id":"https:\/\/fundacionexe.org.co\/en\/#website","url":"https:\/\/fundacionexe.org.co\/en\/","name":"Fundaci\u00f3n Empresarios por la Educaci\u00f3n FExE","description":"Red de conocimiento independiente. Sumamos con informaci\u00f3n y evidencia para que Colombia d\u00e9 un salto en educaci\u00f3n de calidad.","potentialAction":[{"@type":"SearchAction","target":{"@type":"EntryPoint","urlTemplate":"https:\/\/fundacionexe.org.co\/en\/?s={search_term_string}"},"query-input":{"@type":"PropertyValueSpecification","valueRequired":true,"valueName":"search_term_string"}}],"inLanguage":"en-US"}]}},"_links":{"self":[{"href":"https:\/\/fundacionexe.org.co\/en\/wp-json\/wp\/v2\/pages\/225697","targetHints":{"allow":["GET"]}}],"collection":[{"href":"https:\/\/fundacionexe.org.co\/en\/wp-json\/wp\/v2\/pages"}],"about":[{"href":"https:\/\/fundacionexe.org.co\/en\/wp-json\/wp\/v2\/types\/page"}],"author":[{"embeddable":true,"href":"https:\/\/fundacionexe.org.co\/en\/wp-json\/wp\/v2\/users\/42"}],"replies":[{"embeddable":true,"href":"https:\/\/fundacionexe.org.co\/en\/wp-json\/wp\/v2\/comments?post=225697"}],"version-history":[{"count":4,"href":"https:\/\/fundacionexe.org.co\/en\/wp-json\/wp\/v2\/pages\/225697\/revisions"}],"predecessor-version":[{"id":225735,"href":"https:\/\/fundacionexe.org.co\/en\/wp-json\/wp\/v2\/pages\/225697\/revisions\/225735"}],"wp:attachment":[{"href":"https:\/\/fundacionexe.org.co\/en\/wp-json\/wp\/v2\/media?parent=225697"}],"curies":[{"name":"wp","href":"https:\/\/api.w.org\/{rel}","templated":true}]}}