{"id":225998,"date":"2026-05-14T09:45:27","date_gmt":"2026-05-14T14:45:27","guid":{"rendered":"https:\/\/fundacionexe.org.co\/?page_id=225998"},"modified":"2026-05-14T11:32:05","modified_gmt":"2026-05-14T16:32:05","slug":"analisis-candidatos-presidencia-2026","status":"publish","type":"page","link":"https:\/\/fundacionexe.org.co\/en\/que-hacemos-movilizar\/analisis-candidatos-presidencia-2026\/","title":{"rendered":"An\u00e1lisis de candidatos a la Presidencia 2026-2030"},"content":{"rendered":"<div class=\"wpb-content-wrapper\">[vc_section full_width=&#8221;stretch_row&#8221; full_height=&#8221;yes&#8221; content_placement=&#8221;middle&#8221; fade_in_opacity=&#8221;pix-opacity-1&#8243; pix_over_visibility=&#8221;&#8221; bottom_divider_select=&#8221;18&#8243; b_has_animation=&#8221;true&#8221; b_1_color=&#8221;#f8f9fa&#8221; b_2_animation=&#8221;fade-in-up&#8221; b_3_animation=&#8221;fade-in-up&#8221; pix_overlay_color=&#8221;custom&#8221; pix_overlay_custom_color=&#8221;#15354e&#8221; pix_background_effect=&#8221;&#8221; css=&#8221;.vc_custom_1778775986458{margin-top: -50px !important;background-color: #15354e !important;}&#8221; fade_in_intro=&#8221;226044&#8243; b_custom_height=&#8221;200px&#8221; b_2_delay=&#8221;200&#8243; b_3_delay=&#8221;300&#8243; pix_overlay_opacity=&#8221;0.9&#8243;][vc_row content_placement=&#8221;middle&#8221; pix_dark_mode=&#8221;yes&#8221; pix_particles_check=&#8221;&#8221; pix_background_effect=&#8221;&#8221; css=&#8221;.vc_custom_1707774507398{margin-top: -50px !important;}&#8221;][vc_column content_align=&#8221;text-center&#8221; pix_background_effect=&#8221;&#8221; css=&#8221;.vc_custom_1590278076706{padding-top: 20px !important;padding-bottom: 20px !important;}&#8221;][vc_column_text css=&#8221;&#8221;]\r\n<h3><span style=\"color: #ffffff;\"><strong>An\u00e1lisis de las propuestas en educaci\u00f3n de los candidatos a la Presidencia <\/strong><\/span><span style=\"color: #ffffff;\"><strong>2026-2030<\/strong><\/span><\/h3>\r\n<h3><\/h3>\r\n[\/vc_column_text][vc_single_image image=&#8221;213427&#8243; img_size=&#8221;full&#8221;][\/vc_column][\/vc_row][\/vc_section][vc_section full_width=&#8221;stretch_row&#8221; pix_over_visibility=&#8221;&#8221; pix_background_effect=&#8221;&#8221; css=&#8221;.vc_custom_1707778478376{background-color: #ffffff !important;}&#8221;][vc_row pix_particles_check=&#8221;&#8221; pix_background_effect=&#8221;&#8221;][vc_column pix_background_effect=&#8221;&#8221;]<div id=\"el1613521949772-0c712dee-cf78\" class=\"pix-highlighted-element text-center  vc_custom_1778775728163\"><h5 class=\"pix-highlighted-items \" style=\"\" data-anim-type=\"\" data-anim-delay=\"0\"><span id=\"el1613521949772-0c712dee-cf78-0\"  class=\"\"><span   class=\"pix-highlighted-text  pix-highlight-item font-weight-normal  body-font text-heading-default\">Conozca las propuestas en educaci\u00f3n de candidatos a la Presidencia 2026.  Sistematizamos 249 propuestas que realizaron entre febrero y abril de 2026 con sus prioridades y enfoques para la educaci\u00f3n en Colombia.<\/span><\/span><\/h5><\/div>[vc_message css=&#8221;&#8221;]Para visualizar el tablero desde un celular, gire la pantalla.[\/vc_message][\/vc_column][\/vc_row][vc_row pix_particles_check=&#8221;&#8221; pix_background_effect=&#8221;&#8221; css=&#8221;.vc_custom_1715882135516{margin-top: 10px !important;margin-right: 10px !important;margin-bottom: 10px !important;margin-left: 10px !important;border-right-width: 10px !important;border-left-width: 10px !important;}&#8221;][vc_column pix_background_effect=&#8221;&#8221;][vc_column_text css=&#8221;&#8221;]\r\n\r\n<center><iframe loading=\"lazy\" src=\"https:\/\/app.powerbi.com\/view?r=eyJrIjoiNmZiYjVmZjktNzVmZi00ZDdiLTk5MjMtMDMxYTAyM2VhNGJjIiwidCI6IjI5ZjRmZDJmLTdiZjAtNGRjNy05MzUyLTE0MDVkYWFkYmJhNyJ9\" width=\"100%\" height=\"700\"><\/iframe><\/center>[\/vc_column_text][\/vc_column][\/vc_row][vc_row pix_particles_check=&#8221;&#8221; pix_background_effect=&#8221;&#8221;][vc_column pix_background_effect=&#8221;&#8221;]<div class=\"pixfort-swiper position-relative   \"><div class=\"position-relative\"><div class=\"swiper  pix-style-standard pix-effect-standard \" data-swiper='{\"loop\":true,\"is_thumbnails\":false,\"has_thumbnails\":false,\"slidesPerView\":\"1\",\"slidesPerGroup\":1,\"autoHeight\":true,\"centeredSlides\":true,\"duplicatedItems\":true,\"itemsCount\":2,\"autoplay\":{\"delay\":\"3000\",\"disableOnInteraction\":false,\"pauseOnMouseEnter\":true,\"reverseDirection\":false},\"pagination\":{\"enabled\":true,\"clickable\":true,\"dynamicBullets\":false},\"navigation\":{\"enabled\":true},\"freeMode\":false,\"edgeTransitionParams\":{\"transitionZone\":1,\"slider_style\":\"pix-style-standard\",\"slider_effect\":\"pix-effect-standard\",\"slider_inactive_scale\":false,\"dragScale\":false},\"breakpoints\":{\"767\":{\"slidesPerView\":1},\"1024\":{\"slidesPerView\":1}}}'  data-slides-desktop=\"1\" data-slides-tablet=\"1\" data-slides-mobile=\"1\" ><div class=\"swiper-wrapper\"><div class=\"swiper-slide\" data-pixfort-slide-index=\"0\"><div class=\"pixfort-slide-inner pix-p-5 pix-p-5\"><div class=\"animate-in d-inline-block\" data-anim-type=\"fade-in-Img\" data-anim-delay=\"0\"><div class=\" shadow text-left w-100 d-inline-block rounded-10\"  ><img loading=\"lazy\" decoding=\"async\" class=\"card-img rounded-10 h-100\" src=\"https:\/\/fundacionexe.org.co\/wp-content\/uploads\/2026\/05\/ChatGPT-Image-14-may-2026-09_33_35.jpg\" alt=\"\" width=\"2172\" height=\"724\" style=\"\"\/><\/div><\/div><\/div><\/div><div class=\"swiper-slide\" data-pixfort-slide-index=\"1\"><div class=\"pixfort-slide-inner pix-p-5 pix-p-5\"><div class=\"animate-in d-inline-block\" data-anim-type=\"fade-in-Img\" data-anim-delay=\"0\"><div class=\" shadow text-left w-100 d-inline-block rounded-10\"  ><img loading=\"lazy\" decoding=\"async\" class=\"card-img rounded-10 h-100\" src=\"https:\/\/fundacionexe.org.co\/wp-content\/uploads\/2026\/05\/ChatGPT-Image-14-may-2026-09_33_35.jpg\" alt=\"\" width=\"2172\" height=\"724\" style=\"\"\/><\/div><\/div><\/div><\/div><\/div><\/div><div class=\"pixfort-button-prev \"><svg width=\"26\" height=\"26\" class=\"pixfort-slider-navigation-icon\" viewBox=\"0 0 100 100\"><path d=\"M83.7718595,45.4606514 L31.388145,45.4606514 L54.2737785,23.1973134 C56.1027533,21.4180712 56.1027533,18.4982892 54.2737785,16.719047 C52.4448037,14.9398048 49.4903059,14.9398048 47.6613311,16.719047 L16.7563465,46.7836776 C14.9273717,48.5629198 14.9273717,51.4370802 16.7563465,53.2163224 L47.6613311,83.280953 C49.4903059,85.0601952 52.4448037,85.0601952 54.2737785,83.280953 C56.1027533,81.5017108 56.1027533,78.6275504 54.2737785,76.8483082 L31.388145,54.5849702 L83.7718595,54.5849702 C86.3511829,54.5849702 88.4615385,52.5319985 88.4615385,50.0228108 C88.4615385,47.5136231 86.3511829,45.4606514 83.7718595,45.4606514 Z\" class=\"arrow\"><\/path><\/svg><\/div><div class=\"pixfort-button-next \"><svg width=\"26\" height=\"26\" class=\"pixfort-slider-navigation-icon\" viewBox=\"0 0 100 100\"><path d=\"M83.7718595,45.4606514 L31.388145,45.4606514 L54.2737785,23.1973134 C56.1027533,21.4180712 56.1027533,18.4982892 54.2737785,16.719047 C52.4448037,14.9398048 49.4903059,14.9398048 47.6613311,16.719047 L16.7563465,46.7836776 C14.9273717,48.5629198 14.9273717,51.4370802 16.7563465,53.2163224 L47.6613311,83.280953 C49.4903059,85.0601952 52.4448037,85.0601952 54.2737785,83.280953 C56.1027533,81.5017108 56.1027533,78.6275504 54.2737785,76.8483082 L31.388145,54.5849702 L83.7718595,54.5849702 C86.3511829,54.5849702 88.4615385,52.5319985 88.4615385,50.0228108 C88.4615385,47.5136231 86.3511829,45.4606514 83.7718595,45.4606514 Z\" class=\"arrow\" transform=\"translate(100, 100) rotate(180) \"><\/path><\/svg><\/div><\/div><div class=\"pixfort-slider-pagination-container\"><div class=\"pixfort-slider-pagination\"><\/div><\/div><\/div>[\/vc_column][\/vc_row][\/vc_section][vc_row pix_particles_check=&#8221;&#8221; pix_background_effect=&#8221;&#8221;][vc_column width=&#8221;2\/4&#8243; pix_background_effect=&#8221;&#8221; css=&#8221;.vc_custom_1718814412127{margin-left: 10px !important;}&#8221;][vc_column_text css_animation=&#8221;fadeIn&#8221; css=&#8221;&#8221;]\r\n<h3 style=\"text-align: center;\"><strong>Descarga el documento completo<\/strong><\/h3>\r\n[\/vc_column_text][\/vc_column][vc_column width=&#8221;1\/4&#8243; pix_background_effect=&#8221;&#8221;][vc_btn title=&#8221;Descargar presentaci\u00f3n&#8221; style=&#8221;outline-custom&#8221; outline_custom_color=&#8221;#051E67&#8243; outline_custom_hover_background=&#8221;#14354e&#8221; outline_custom_hover_text=&#8221;#ffffff&#8221; size=&#8221;lg&#8221; align=&#8221;center&#8221; i_type=&#8221;openiconic&#8221; i_icon_openiconic=&#8221;vc-oi vc-oi-download&#8221; css_animation=&#8221;fadeIn&#8221; css=&#8221;&#8221; add_icon=&#8221;true&#8221; link=&#8221;url:https%3A%2F%2Ffundacionexe.org.co%2Fdocument%2Fexe-analiza-las-propuestas-educativas-de-los-candidatos-presidenciales-de-2026%2F|title:An%C3%A1lisis%20Candidatos%20Presidenciales%202026-2030|rel:nofollow&#8221;][\/vc_column][\/vc_row][vc_row full_width=&#8221;stretch_row&#8221; pix_particles_check=&#8221;&#8221; pix_background_effect=&#8221;&#8221;][vc_column pix_background_effect=&#8221;&#8221;][vc_text_separator title=&#8221;&#8221; color=&#8221;custom&#8221; border_width=&#8221;2&#8243; el_width=&#8221;80&#8243; css=&#8221;.vc_custom_1718814378150{margin-top: 10px !important;}&#8221; accent_color=&#8221;#15354e&#8221;][\/vc_column][\/vc_row]<\/div>","protected":false},"excerpt":{"rendered":"[vc_section full_width=&#8221;stretch_row&#8221; full_height=&#8221;yes&#8221; content_placement=&#8221;middle&#8221; fade_in_opacity=&#8221;pix-opacity-1&#8243; pix_over_visibility=&#8221;&#8221; bottom_divider_select=&#8221;18&#8243; b_has_animation=&#8221;true&#8221; b_1_color=&#8221;#f8f9fa&#8221; b_2_animation=&#8221;fade-in-up&#8221; b_3_animation=&#8221;fade-in-up&#8221; pix_overlay_color=&#8221;custom&#8221; pix_overlay_custom_color=&#8221;#15354e&#8221; pix_background_effect=&#8221;&#8221; css=&#8221;.vc_custom_1778775986458{margin-top: -50px !important;background-color: #15354e !important;}&#8221; fade_in_intro=&#8221;226044&#8243; b_custom_height=&#8221;200px&#8221; b_2_delay=&#8221;200&#8243; b_3_delay=&#8221;300&#8243; pix_overlay_opacity=&#8221;0.9&#8243;][vc_row content_placement=&#8221;middle&#8221; pix_dark_mode=&#8221;yes&#8221; pix_particles_check=&#8221;&#8221; pix_background_effect=&#8221;&#8221; css=&#8221;.vc_custom_1707774507398{margin-top: -50px !important;}&#8221;][vc_column content_align=&#8221;text-center&#8221; pix_background_effect=&#8221;&#8221; css=&#8221;.vc_custom_1590278076706{padding-top: 20px !important;padding-bottom: 20px !important;}&#8221;][vc_column_text css=&#8221;&#8221;] An\u00e1lisis&#8230;","protected":false},"author":884,"featured_media":226038,"parent":213367,"menu_order":0,"comment_status":"closed","ping_status":"closed","template":"","meta":{"footnotes":""},"class_list":["post-225998","page","type-page","status-publish","has-post-thumbnail","hentry"],"yoast_head":"<!-- This site is optimized with the Yoast SEO plugin v27.6 - https:\/\/yoast.com\/product\/yoast-seo-wordpress\/ -->\n<title>An\u00e1lisis de candidatos a la Presidencia 2026-2030 - Fundaci\u00f3n Empresarios por la Educaci\u00f3n FExE<\/title>\n<meta name=\"robots\" content=\"index, follow, max-snippet:-1, max-image-preview:large, max-video-preview:-1\" \/>\n<link rel=\"canonical\" href=\"https:\/\/fundacionexe.org.co\/en\/que-hacemos-movilizar\/analisis-candidatos-presidencia-2026\/\" \/>\n<meta property=\"og:locale\" content=\"en_US\" \/>\n<meta property=\"og:type\" content=\"article\" \/>\n<meta property=\"og:title\" content=\"An\u00e1lisis de candidatos a la Presidencia 2026-2030 - Fundaci\u00f3n Empresarios por la Educaci\u00f3n FExE\" \/>\n<meta property=\"og:description\" content=\"[vc_section full_width=&#8221;stretch_row&#8221; full_height=&#8221;yes&#8221; content_placement=&#8221;middle&#8221; fade_in_opacity=&#8221;pix-opacity-1&#8243; pix_over_visibility=&#8221;&#8221; bottom_divider_select=&#8221;18&#8243; b_has_animation=&#8221;true&#8221; b_1_color=&#8221;#f8f9fa&#8221; b_2_animation=&#8221;fade-in-up&#8221; b_3_animation=&#8221;fade-in-up&#8221; pix_overlay_color=&#8221;custom&#8221; pix_overlay_custom_color=&#8221;#15354e&#8221; pix_background_effect=&#8221;&#8221; css=&#8221;.vc_custom_1778775986458{margin-top: -50px !important;background-color: #15354e !important;}&#8221; fade_in_intro=&#8221;226044&#8243; b_custom_height=&#8221;200px&#8221; b_2_delay=&#8221;200&#8243; b_3_delay=&#8221;300&#8243; pix_overlay_opacity=&#8221;0.9&#8243;][vc_row content_placement=&#8221;middle&#8221; pix_dark_mode=&#8221;yes&#8221; pix_particles_check=&#8221;&#8221; pix_background_effect=&#8221;&#8221; css=&#8221;.vc_custom_1707774507398{margin-top: -50px !important;}&#8221;][vc_column content_align=&#8221;text-center&#8221; pix_background_effect=&#8221;&#8221; css=&#8221;.vc_custom_1590278076706{padding-top: 20px !important;padding-bottom: 20px !important;}&#8221;][vc_column_text css=&#8221;&#8221;] An\u00e1lisis...\" \/>\n<meta property=\"og:url\" content=\"https:\/\/fundacionexe.org.co\/en\/que-hacemos-movilizar\/analisis-candidatos-presidencia-2026\/\" \/>\n<meta property=\"og:site_name\" content=\"Fundaci\u00f3n Empresarios por la Educaci\u00f3n FExE\" \/>\n<meta property=\"article:modified_time\" content=\"2026-05-14T16:32:05+00:00\" \/>\n<meta property=\"og:image\" content=\"https:\/\/fundacionexe.org.co\/wp-content\/uploads\/2026\/05\/POortada-1.jpg\" \/>\n\t<meta property=\"og:image:width\" content=\"1000\" \/>\n\t<meta property=\"og:image:height\" content=\"1101\" \/>\n\t<meta property=\"og:image:type\" content=\"image\/jpeg\" \/>\n<meta name=\"twitter:card\" content=\"summary_large_image\" \/>\n<meta name=\"twitter:label1\" content=\"Est. reading time\" \/>\n\t<meta name=\"twitter:data1\" content=\"2 minutes\" \/>\n<script type=\"application\/ld+json\" class=\"yoast-schema-graph\">{\"@context\":\"https:\\\/\\\/schema.org\",\"@graph\":[{\"@type\":\"WebPage\",\"@id\":\"https:\\\/\\\/fundacionexe.org.co\\\/en\\\/que-hacemos-movilizar\\\/analisis-candidatos-presidencia-2026\\\/\",\"url\":\"https:\\\/\\\/fundacionexe.org.co\\\/en\\\/que-hacemos-movilizar\\\/analisis-candidatos-presidencia-2026\\\/\",\"name\":\"An\u00e1lisis de candidatos a la Presidencia 2026-2030 - Fundaci\u00f3n Empresarios por la Educaci\u00f3n FExE\",\"isPartOf\":{\"@id\":\"https:\\\/\\\/fundacionexe.org.co\\\/en\\\/#website\"},\"primaryImageOfPage\":{\"@id\":\"https:\\\/\\\/fundacionexe.org.co\\\/en\\\/que-hacemos-movilizar\\\/analisis-candidatos-presidencia-2026\\\/#primaryimage\"},\"image\":{\"@id\":\"https:\\\/\\\/fundacionexe.org.co\\\/en\\\/que-hacemos-movilizar\\\/analisis-candidatos-presidencia-2026\\\/#primaryimage\"},\"thumbnailUrl\":\"https:\\\/\\\/fundacionexe.org.co\\\/wp-content\\\/uploads\\\/2026\\\/05\\\/POortada-1.jpg\",\"datePublished\":\"2026-05-14T14:45:27+00:00\",\"dateModified\":\"2026-05-14T16:32:05+00:00\",\"breadcrumb\":{\"@id\":\"https:\\\/\\\/fundacionexe.org.co\\\/en\\\/que-hacemos-movilizar\\\/analisis-candidatos-presidencia-2026\\\/#breadcrumb\"},\"inLanguage\":\"en-US\",\"potentialAction\":[{\"@type\":\"ReadAction\",\"target\":[\"https:\\\/\\\/fundacionexe.org.co\\\/en\\\/que-hacemos-movilizar\\\/analisis-candidatos-presidencia-2026\\\/\"]}]},{\"@type\":\"ImageObject\",\"inLanguage\":\"en-US\",\"@id\":\"https:\\\/\\\/fundacionexe.org.co\\\/en\\\/que-hacemos-movilizar\\\/analisis-candidatos-presidencia-2026\\\/#primaryimage\",\"url\":\"https:\\\/\\\/fundacionexe.org.co\\\/wp-content\\\/uploads\\\/2026\\\/05\\\/POortada-1.jpg\",\"contentUrl\":\"https:\\\/\\\/fundacionexe.org.co\\\/wp-content\\\/uploads\\\/2026\\\/05\\\/POortada-1.jpg\",\"width\":1000,\"height\":1101},{\"@type\":\"BreadcrumbList\",\"@id\":\"https:\\\/\\\/fundacionexe.org.co\\\/en\\\/que-hacemos-movilizar\\\/analisis-candidatos-presidencia-2026\\\/#breadcrumb\",\"itemListElement\":[{\"@type\":\"ListItem\",\"position\":1,\"name\":\"Portada\",\"item\":\"https:\\\/\\\/cajadeherramientas.fundacionexe.org.co\\\/en\\\/\"},{\"@type\":\"ListItem\",\"position\":2,\"name\":\"Qu\u00e9 hacemos &#8211; Movilizar\",\"item\":\"https:\\\/\\\/fundacionexe.org.co\\\/en\\\/que-hacemos-movilizar\\\/\"},{\"@type\":\"ListItem\",\"position\":3,\"name\":\"An\u00e1lisis de candidatos a la Presidencia 2026-2030\"}]},{\"@type\":\"WebSite\",\"@id\":\"https:\\\/\\\/fundacionexe.org.co\\\/en\\\/#website\",\"url\":\"https:\\\/\\\/fundacionexe.org.co\\\/en\\\/\",\"name\":\"Fundaci\u00f3n Empresarios por la Educaci\u00f3n FExE\",\"description\":\"Red de conocimiento independiente. Sumamos con informaci\u00f3n y evidencia para que Colombia d\u00e9 un salto en educaci\u00f3n de calidad.\",\"potentialAction\":[{\"@type\":\"SearchAction\",\"target\":{\"@type\":\"EntryPoint\",\"urlTemplate\":\"https:\\\/\\\/fundacionexe.org.co\\\/en\\\/?s={search_term_string}\"},\"query-input\":{\"@type\":\"PropertyValueSpecification\",\"valueRequired\":true,\"valueName\":\"search_term_string\"}}],\"inLanguage\":\"en-US\"}]}<\/script>\n<!-- \/ Yoast SEO plugin. -->","yoast_head_json":{"title":"An\u00e1lisis de candidatos a la Presidencia 2026-2030 - Fundaci\u00f3n Empresarios por la Educaci\u00f3n FExE","robots":{"index":"index","follow":"follow","max-snippet":"max-snippet:-1","max-image-preview":"max-image-preview:large","max-video-preview":"max-video-preview:-1"},"canonical":"https:\/\/fundacionexe.org.co\/en\/que-hacemos-movilizar\/analisis-candidatos-presidencia-2026\/","og_locale":"en_US","og_type":"article","og_title":"An\u00e1lisis de candidatos a la Presidencia 2026-2030 - Fundaci\u00f3n Empresarios por la Educaci\u00f3n FExE","og_description":"[vc_section full_width=&#8221;stretch_row&#8221; full_height=&#8221;yes&#8221; content_placement=&#8221;middle&#8221; fade_in_opacity=&#8221;pix-opacity-1&#8243; pix_over_visibility=&#8221;&#8221; bottom_divider_select=&#8221;18&#8243; b_has_animation=&#8221;true&#8221; b_1_color=&#8221;#f8f9fa&#8221; b_2_animation=&#8221;fade-in-up&#8221; b_3_animation=&#8221;fade-in-up&#8221; pix_overlay_color=&#8221;custom&#8221; pix_overlay_custom_color=&#8221;#15354e&#8221; pix_background_effect=&#8221;&#8221; css=&#8221;.vc_custom_1778775986458{margin-top: -50px !important;background-color: #15354e !important;}&#8221; fade_in_intro=&#8221;226044&#8243; b_custom_height=&#8221;200px&#8221; b_2_delay=&#8221;200&#8243; b_3_delay=&#8221;300&#8243; pix_overlay_opacity=&#8221;0.9&#8243;][vc_row content_placement=&#8221;middle&#8221; pix_dark_mode=&#8221;yes&#8221; pix_particles_check=&#8221;&#8221; pix_background_effect=&#8221;&#8221; css=&#8221;.vc_custom_1707774507398{margin-top: -50px !important;}&#8221;][vc_column content_align=&#8221;text-center&#8221; pix_background_effect=&#8221;&#8221; css=&#8221;.vc_custom_1590278076706{padding-top: 20px !important;padding-bottom: 20px !important;}&#8221;][vc_column_text css=&#8221;&#8221;] An\u00e1lisis...","og_url":"https:\/\/fundacionexe.org.co\/en\/que-hacemos-movilizar\/analisis-candidatos-presidencia-2026\/","og_site_name":"Fundaci\u00f3n Empresarios por la Educaci\u00f3n FExE","article_modified_time":"2026-05-14T16:32:05+00:00","og_image":[{"width":1000,"height":1101,"url":"https:\/\/fundacionexe.org.co\/wp-content\/uploads\/2026\/05\/POortada-1.jpg","type":"image\/jpeg"}],"twitter_card":"summary_large_image","twitter_misc":{"Est. reading time":"2 minutes"},"schema":{"@context":"https:\/\/schema.org","@graph":[{"@type":"WebPage","@id":"https:\/\/fundacionexe.org.co\/en\/que-hacemos-movilizar\/analisis-candidatos-presidencia-2026\/","url":"https:\/\/fundacionexe.org.co\/en\/que-hacemos-movilizar\/analisis-candidatos-presidencia-2026\/","name":"An\u00e1lisis de candidatos a la Presidencia 2026-2030 - Fundaci\u00f3n Empresarios por la Educaci\u00f3n FExE","isPartOf":{"@id":"https:\/\/fundacionexe.org.co\/en\/#website"},"primaryImageOfPage":{"@id":"https:\/\/fundacionexe.org.co\/en\/que-hacemos-movilizar\/analisis-candidatos-presidencia-2026\/#primaryimage"},"image":{"@id":"https:\/\/fundacionexe.org.co\/en\/que-hacemos-movilizar\/analisis-candidatos-presidencia-2026\/#primaryimage"},"thumbnailUrl":"https:\/\/fundacionexe.org.co\/wp-content\/uploads\/2026\/05\/POortada-1.jpg","datePublished":"2026-05-14T14:45:27+00:00","dateModified":"2026-05-14T16:32:05+00:00","breadcrumb":{"@id":"https:\/\/fundacionexe.org.co\/en\/que-hacemos-movilizar\/analisis-candidatos-presidencia-2026\/#breadcrumb"},"inLanguage":"en-US","potentialAction":[{"@type":"ReadAction","target":["https:\/\/fundacionexe.org.co\/en\/que-hacemos-movilizar\/analisis-candidatos-presidencia-2026\/"]}]},{"@type":"ImageObject","inLanguage":"en-US","@id":"https:\/\/fundacionexe.org.co\/en\/que-hacemos-movilizar\/analisis-candidatos-presidencia-2026\/#primaryimage","url":"https:\/\/fundacionexe.org.co\/wp-content\/uploads\/2026\/05\/POortada-1.jpg","contentUrl":"https:\/\/fundacionexe.org.co\/wp-content\/uploads\/2026\/05\/POortada-1.jpg","width":1000,"height":1101},{"@type":"BreadcrumbList","@id":"https:\/\/fundacionexe.org.co\/en\/que-hacemos-movilizar\/analisis-candidatos-presidencia-2026\/#breadcrumb","itemListElement":[{"@type":"ListItem","position":1,"name":"Portada","item":"https:\/\/cajadeherramientas.fundacionexe.org.co\/en\/"},{"@type":"ListItem","position":2,"name":"Qu\u00e9 hacemos &#8211; Movilizar","item":"https:\/\/fundacionexe.org.co\/en\/que-hacemos-movilizar\/"},{"@type":"ListItem","position":3,"name":"An\u00e1lisis de candidatos a la Presidencia 2026-2030"}]},{"@type":"WebSite","@id":"https:\/\/fundacionexe.org.co\/en\/#website","url":"https:\/\/fundacionexe.org.co\/en\/","name":"Fundaci\u00f3n Empresarios por la Educaci\u00f3n FExE","description":"Red de conocimiento independiente. Sumamos con informaci\u00f3n y evidencia para que Colombia d\u00e9 un salto en educaci\u00f3n de calidad.","potentialAction":[{"@type":"SearchAction","target":{"@type":"EntryPoint","urlTemplate":"https:\/\/fundacionexe.org.co\/en\/?s={search_term_string}"},"query-input":{"@type":"PropertyValueSpecification","valueRequired":true,"valueName":"search_term_string"}}],"inLanguage":"en-US"}]}},"_links":{"self":[{"href":"https:\/\/fundacionexe.org.co\/en\/wp-json\/wp\/v2\/pages\/225998","targetHints":{"allow":["GET"]}}],"collection":[{"href":"https:\/\/fundacionexe.org.co\/en\/wp-json\/wp\/v2\/pages"}],"about":[{"href":"https:\/\/fundacionexe.org.co\/en\/wp-json\/wp\/v2\/types\/page"}],"author":[{"embeddable":true,"href":"https:\/\/fundacionexe.org.co\/en\/wp-json\/wp\/v2\/users\/884"}],"replies":[{"embeddable":true,"href":"https:\/\/fundacionexe.org.co\/en\/wp-json\/wp\/v2\/comments?post=225998"}],"version-history":[{"count":22,"href":"https:\/\/fundacionexe.org.co\/en\/wp-json\/wp\/v2\/pages\/225998\/revisions"}],"predecessor-version":[{"id":226048,"href":"https:\/\/fundacionexe.org.co\/en\/wp-json\/wp\/v2\/pages\/225998\/revisions\/226048"}],"up":[{"embeddable":true,"href":"https:\/\/fundacionexe.org.co\/en\/wp-json\/wp\/v2\/pages\/213367"}],"wp:featuredmedia":[{"embeddable":true,"href":"https:\/\/fundacionexe.org.co\/en\/wp-json\/wp\/v2\/media\/226038"}],"wp:attachment":[{"href":"https:\/\/fundacionexe.org.co\/en\/wp-json\/wp\/v2\/media?parent=225998"}],"curies":[{"name":"wp","href":"https:\/\/api.w.org\/{rel}","templated":true}]}}