{"id":595,"date":"2026-02-09T17:50:46","date_gmt":"2026-02-09T16:50:46","guid":{"rendered":"https:\/\/fundacionexe.org.co\/pasemosalaaccion\/?page_id=595"},"modified":"2026-03-03T19:51:14","modified_gmt":"2026-03-03T18:51:14","slug":"evidencias","status":"publish","type":"page","link":"https:\/\/fundacionexe.org.co\/pasemosalaaccion\/evidencias\/","title":{"rendered":"Evidencias"},"content":{"rendered":"<p>[et_pb_section fb_built=\u00bb1&#8243; _builder_version=\u00bb4.27.5&#8243; _module_preset=\u00bbdefault\u00bb background_color=\u00bb#001731&#8243; custom_padding=\u00bb0px||||false|false\u00bb locked=\u00bboff\u00bb global_colors_info=\u00bb{}\u00bb theme_builder_area=\u00bbpost_content\u00bb][et_pb_row _builder_version=\u00bb4.27.5&#8243; _module_preset=\u00bbdefault\u00bb custom_padding=\u00bb||0px||false|false\u00bb locked=\u00bboff\u00bb global_colors_info=\u00bb{}\u00bb theme_builder_area=\u00bbpost_content\u00bb][et_pb_column type=\u00bb4_4&#8243; _builder_version=\u00bb4.27.5&#8243; _module_preset=\u00bbdefault\u00bb global_colors_info=\u00bb{}\u00bb theme_builder_area=\u00bbpost_content\u00bb][dsm_mega_menu dsm_trigger=\u00bbclick\u00bb dsm_logo=\u00bbhttps:\/\/fexe.rompelacuartapared.com\/wp-content\/uploads\/2026\/03\/Logo-ExE-2-blanco.png\u00bb dsm_logo_url=\u00bbhttps:\/\/fundacionexe.org.co\/pasemosalaaccion\/\u00bb dsm_logo_width=\u00bb190px\u00bb dsm_alignment=\u00bbjustified\u00bb dsm_menu_item_color=\u00bb#FFFFFF\u00bb disabled_on=\u00bboff|off|off\u00bb _builder_version=\u00bb4.27.5&#8243; _module_preset=\u00bbdefault\u00bb dsm_menu_text_font=\u00bb&#8211;et_global_heading_font|500|||||||\u00bb dsm_menu_text_text_align=\u00bbcenter\u00bb custom_padding=\u00bb||12px||false|false\u00bb border_width_bottom=\u00bb1px\u00bb border_color_bottom=\u00bb#FFFFFF\u00bb locked=\u00bboff\u00bb global_colors_info=\u00bb{}\u00bb theme_builder_area=\u00bbpost_content\u00bb][dsm_mega_menu_child dsm_menu_label=\u00bbLibro\u00bb dsm_link=\u00bbhttps:\/\/fundacionexe.org.co\/pasemosalaaccion\/#libro\u00bb _builder_version=\u00bb4.27.5&#8243; _module_preset=\u00bbdefault\u00bb global_colors_info=\u00bb{}\u00bb theme_builder_area=\u00bbpost_content\u00bb parentOrderClass=\u00bbdsm_mega_menu_0&#8243;][\/dsm_mega_menu_child][dsm_mega_menu_child dsm_menu_label=\u00bbPropuestas\u00bb dsm_link=\u00bbhttps:\/\/fundacionexe.org.co\/pasemosalaaccion\/#propuestas\u00bb _builder_version=\u00bb4.27.5&#8243; _module_preset=\u00bbdefault\u00bb global_colors_info=\u00bb{}\u00bb theme_builder_area=\u00bbpost_content\u00bb parentOrderClass=\u00bbdsm_mega_menu_0&#8243;][\/dsm_mega_menu_child][dsm_mega_menu_child dsm_menu_label=\u00bbAutores\u00bb dsm_link=\u00bbhttps:\/\/fundacionexe.org.co\/pasemosalaaccion\/#autores\u00bb _builder_version=\u00bb4.27.5&#8243; _module_preset=\u00bbdefault\u00bb global_colors_info=\u00bb{}\u00bb theme_builder_area=\u00bbpost_content\u00bb parentOrderClass=\u00bbdsm_mega_menu_0&#8243;][\/dsm_mega_menu_child][dsm_mega_menu_child dsm_menu_label=\u00bbD\u00f3nde comprar\u00bb _builder_version=\u00bb4.27.5&#8243; _module_preset=\u00bbdefault\u00bb dsm_menu_text_font=\u00bb&#8211;et_global_heading_font|&#8211;et_global_heading_font_weight||on|||||\u00bb dsm_menu_text_text_align=\u00bbcenter\u00bb dsm_menu_text_font_size=\u00bb16px\u00bb background_color=\u00bb#E02B20&#8243; background_enable_color=\u00bbon\u00bb custom_padding=\u00bb|3px||11px|false|false\u00bb border_radii=\u00bbon|7px|7px|7px|7px\u00bb global_colors_info=\u00bb{}\u00bb theme_builder_area=\u00bbpost_content\u00bb parentOrderClass=\u00bbdsm_mega_menu_0&#8243;][\/dsm_mega_menu_child][\/dsm_mega_menu][dsm_button button_one_text=\u00bbVolver atr\u00e1s\u00bb button_one_url=\u00bbhttps:\/\/fundacionexe.org.co\/pasemosalaaccion\/#propuestas\u00bb button_alignment=\u00bbleft\u00bb button_one_icon_hover_animation=\u00bbdsm-icon-forward\u00bb _builder_version=\u00bb4.27.5&#8243; _module_preset=\u00bbdefault\u00bb custom_button_one=\u00bbon\u00bb button_one_text_size=\u00bb24px\u00bb button_one_text_color=\u00bb#ff4742&#8243; button_one_bg_color=\u00bbRGBA(255,255,255,0)\u00bb button_one_border_width=\u00bb0px\u00bb button_one_font=\u00bb&#8211;et_global_heading_font|500|||on||||\u00bb button_one_icon=\u00bb&#xf100;||fa||900&#8243; button_one_icon_placement=\u00bbleft\u00bb button_one_on_hover=\u00bboff\u00bb button_one_custom_padding=\u00bb|||30px|false|false\u00bb custom_margin=\u00bb|||0px|false|false\u00bb custom_padding=\u00bb|||0px|false|false\u00bb locked=\u00bboff\u00bb global_colors_info=\u00bb{}\u00bb button_one_bg_color__hover_enabled=\u00bboff|desktop\u00bb theme_builder_area=\u00bbpost_content\u00bb][\/dsm_button][et_pb_text _builder_version=\u00bb4.27.5&#8243; _module_preset=\u00bbdefault\u00bb text_font=\u00bb|300|||||||\u00bb text_line_height=\u00bb1.4em\u00bb header_font=\u00bb|600|||||||\u00bb header_font_size=\u00bb28px\u00bb background_layout=\u00bbdark\u00bb global_colors_info=\u00bb{}\u00bb theme_builder_area=\u00bbpost_content\u00bb]<\/p>\n<h1>La evidencia detr\u00e1s de la hoja de ruta<\/h1>\n<p>Esta secci\u00f3n re\u00fane las <strong>fuentes y evidencias verificables<\/strong> que respaldan la hoja de ruta: fuentes, documentos, cifras y referencias consultables. Filtra por cap\u00edtulo, propuesta e impacto para revisar el soporte detr\u00e1s de cada recomendaci\u00f3n.<\/p>\n<p>[\/et_pb_text][\/et_pb_column][\/et_pb_row][\/et_pb_section][et_pb_section fb_built=\u00bb1&#8243; _builder_version=\u00bb4.27.5&#8243; _module_preset=\u00bbdefault\u00bb global_colors_info=\u00bb{}\u00bb theme_builder_area=\u00bbpost_content\u00bb][et_pb_row _builder_version=\u00bb4.27.5&#8243; _module_preset=\u00bbdefault\u00bb global_colors_info=\u00bb{}\u00bb theme_builder_area=\u00bbpost_content\u00bb][et_pb_column type=\u00bb4_4&#8243; _builder_version=\u00bb4.27.5&#8243; _module_preset=\u00bbdefault\u00bb global_colors_info=\u00bb{}\u00bb theme_builder_area=\u00bbpost_content\u00bb][et_pb_text _builder_version=\u00bb4.27.5&#8243; _module_preset=\u00bbdefault\u00bb text_font_size=\u00bb20px\u00bb hover_enabled=\u00bb0&#8243; text_font_size_tablet=\u00bb18px\u00bb text_font_size_phone=\u00bb16px\u00bb text_font_size_last_edited=\u00bbon|phone\u00bb text_line_height_tablet=\u00bb\u00bb text_line_height_phone=\u00bb1.55em\u00bb text_line_height_last_edited=\u00bbon|phone\u00bb global_colors_info=\u00bb{}\u00bb theme_builder_area=\u00bbpost_content\u00bb sticky_enabled=\u00bb0&#8243;]<\/p>\n<div id=\"evidence_list\"><\/div>\n<p>[\/et_pb_text][\/et_pb_column][\/et_pb_row][\/et_pb_section]<\/p>\n","protected":false},"excerpt":{"rendered":"<p><div class=\"et_pb_with_border et_pb_module dsm_mega_menu dsm_mega_menu_0\">\n\t\t\t\t\n\t\t\t\t\n\t\t\t\t\n\t\t\t\t\n\t\t\t\t\n\t\t\t\t\n\t\t\t\t<div class=\"et_pb_module_inner\">\n\t\t\t\t\t<div class=\"dsm-mega-menu-container dsm-mega-menu-main-wrapper  \" data-showarrow=\"off\" data-dropdownanimation=\"none\" data-trigger=\"click\"> \n\t\t\t    <a class=\"dsm-logo-link\" href=\"https:\/\/fundacionexe.org.co\/pasemosalaaccion\/\" ><div class=\"dsm-logo-wrap\"><img decoding=\"async\" src=\"https:\/\/fexe.rompelacuartapared.com\/wp-content\/uploads\/2026\/03\/Logo-ExE-2-blanco.png\" alt=\"\" title=\"\" \/><\/div><\/a>\n\t\t\t    <nav itemscope itemtype=\"http:\/\/schema.org\/SiteNavigationElement\">\n\t\t\t\t  <ul class=\"dsm-root-menu\"><li class=\"dsm-mega-menu-item dsm-mega-menu-item-root none  dsm_mega_menu_child_0\">\n\t\t\t    <a class=\"dsm-mega-menu-link \" href=\"https:\/\/fundacionexe.org.co\/pasemosalaaccion\/#libro\"  itemprop=\"url\">\n\t\t\t\t   <div class=\"dsm-dropdown-icon-wrapper\">\n\t\t\t\t\n\t\t\t\t\n\t\t\t<\/div>\n\t\t\t<div class=\"dsm-menu-text-wrapper\">\n\t\t\t   \n\t\t\t    \n\t\t\t   <span class=\"dsm-menu-text\" itemprop=\"name\">Libro<\/span>\n\t\t\t   \n\t\t\t   \n\t\t\t   \n\t\t\t   \n\t\t\t   \n\t\t\t<\/div>\n\t\t\t<div class=\"dsm-dropdown-icon-wrapper\">\n\t\t\t\t\n\t\t\t  \t\n\t\t\t<\/div>\n\t\t\t\n\t\t\t\t<\/a>\n\t\t\t\t\n\t\t\t <\/li>\n\t\t\t<li class=\"dsm-mega-menu-item dsm-mega-menu-item-root none  dsm_mega_menu_child_1\">\n\t\t\t    <a class=\"dsm-mega-menu-link \" href=\"https:\/\/fundacionexe.org.co\/pasemosalaaccion\/#propuestas\"  itemprop=\"url\">\n\t\t\t\t   <div class=\"dsm-dropdown-icon-wrapper\">\n\t\t\t\t\n\t\t\t\t\n\t\t\t<\/div>\n\t\t\t<div class=\"dsm-menu-text-wrapper\">\n\t\t\t   \n\t\t\t    \n\t\t\t   <span class=\"dsm-menu-text\" itemprop=\"name\">Propuestas<\/span>\n\t\t\t   \n\t\t\t   \n\t\t\t   \n\t\t\t   \n\t\t\t   \n\t\t\t<\/div>\n\t\t\t<div class=\"dsm-dropdown-icon-wrapper\">\n\t\t\t\t\n\t\t\t  \t\n\t\t\t<\/div>\n\t\t\t\n\t\t\t\t<\/a>\n\t\t\t\t\n\t\t\t <\/li>\n\t\t\t<li class=\"dsm-mega-menu-item dsm-mega-menu-item-root none  dsm_mega_menu_child_2\">\n\t\t\t    <a class=\"dsm-mega-menu-link \" href=\"https:\/\/fundacionexe.org.co\/pasemosalaaccion\/#autores\"  itemprop=\"url\">\n\t\t\t\t   <div class=\"dsm-dropdown-icon-wrapper\">\n\t\t\t\t\n\t\t\t\t\n\t\t\t<\/div>\n\t\t\t<div class=\"dsm-menu-text-wrapper\">\n\t\t\t   \n\t\t\t    \n\t\t\t   <span class=\"dsm-menu-text\" itemprop=\"name\">Autores<\/span>\n\t\t\t   \n\t\t\t   \n\t\t\t   \n\t\t\t   \n\t\t\t   \n\t\t\t<\/div>\n\t\t\t<div class=\"dsm-dropdown-icon-wrapper\">\n\t\t\t\t\n\t\t\t  \t\n\t\t\t<\/div>\n\t\t\t\n\t\t\t\t<\/a>\n\t\t\t\t\n\t\t\t <\/li>\n\t\t\t<li class=\"dsm-mega-menu-item dsm-mega-menu-item-root none  dsm_mega_menu_child_3\">\n\t\t\t    <a class=\"dsm-mega-menu-link \" href=\"#\"  itemprop=\"url\">\n\t\t\t\t   <div class=\"dsm-dropdown-icon-wrapper\">\n\t\t\t\t\n\t\t\t\t\n\t\t\t<\/div>\n\t\t\t<div class=\"dsm-menu-text-wrapper\">\n\t\t\t   \n\t\t\t    \n\t\t\t   <span class=\"dsm-menu-text\" itemprop=\"name\">D\u00f3nde comprar<\/span>\n\t\t\t   \n\t\t\t   \n\t\t\t   \n\t\t\t   \n\t\t\t   \n\t\t\t<\/div>\n\t\t\t<div class=\"dsm-dropdown-icon-wrapper\">\n\t\t\t\t\n\t\t\t  \t\n\t\t\t<\/div>\n\t\t\t\n\t\t\t\t<\/a>\n\t\t\t\t\n\t\t\t <\/li>\n\t\t\t<\/ul>\n\t\t\t\t <div class=\"dsm-mega-menu-search-container\">\n\t\t\t\t  \n\t\t\t\t  <div class=\"dsm-mega-menu-search-box\">\n\t\t\t\t<div class=\"et_pb_menu__search\">\n\t\t\t\t\t<form role=\"search\" method=\"get\" class=\"et_pb_menu__search-form\" action=\"https:\/\/fundacionexe.org.co\/pasemosalaaccion\/\">\n\t\t\t\t\t\t<input type=\"search\" class=\"et_pb_menu__search-input\" placeholder=\"Buscar \u2026\" name=\"s\" title=\"Buscar:\" \/>\n\t\t\t\t\t<\/form>\n\t\t\t\t<\/div>\n\t\t\t<\/div>\n\t\t\t\t <\/div>\n\t\t\t\t<\/nav>\n\t\t    <\/div>\n\t\t\t<div class=\"dsm-mobile-menu-open-button-container\">\n\t\t\t       <a class=\"dsm-logo-link\" href=\"https:\/\/fundacionexe.org.co\/pasemosalaaccion\/\" ><div class=\"dsm-logo-wrap\"><img decoding=\"async\" src=\"https:\/\/fexe.rompelacuartapared.com\/wp-content\/uploads\/2026\/03\/Logo-ExE-2-blanco.png\" alt=\"\" title=\"\" \/><\/div><\/a>\n\t\t\t      <button class=\"dsm-mega-menu-open-button\"><span class=\"dsm_mobile_open_icon\">a<\/span><\/button>\n\t\t\t\t   \n\t\t\t<\/div> \n\t\t\t\t<div class=\"dsm-mega-menu-container mobile-menu\" data-entrance-mobile=\"none\" data-exit-mobile=\"fadeOut\" data-mobile_trigger=\"icon\" data-mobile-alignment=\"center\" data-mobile-container-width=\"100%\">\n\t\t\t\t\t<button class=\"dsm-mega-menu-close-button\"><span class=\"dsm_mobile_close_icon\">M<\/span><\/button>\n\t\t\t\t\t<nav itemscope itemtype=\"http:\/\/schema.org\/SiteNavigationElement\">\n\t\t\t\t\t\t<ul class=\"dsm-root-menu\">\n\t\t\t\t\t\t\t<li class=\"dsm-mega-menu-item dsm-mega-menu-item-root none  dsm_mega_menu_child_0\">\n\t\t\t    <a class=\"dsm-mega-menu-link \" href=\"https:\/\/fundacionexe.org.co\/pasemosalaaccion\/#libro\"  itemprop=\"url\">\n\t\t\t\t   <div class=\"dsm-dropdown-icon-wrapper\">\n\t\t\t\t\n\t\t\t\t\n\t\t\t<\/div>\n\t\t\t<div class=\"dsm-menu-text-wrapper\">\n\t\t\t   \n\t\t\t    \n\t\t\t   <span class=\"dsm-menu-text\" itemprop=\"name\">Libro<\/span>\n\t\t\t   \n\t\t\t   \n\t\t\t   \n\t\t\t   \n\t\t\t   \n\t\t\t<\/div>\n\t\t\t<div class=\"dsm-dropdown-icon-wrapper\">\n\t\t\t\t\n\t\t\t  \t\n\t\t\t<\/div>\n\t\t\t\n\t\t\t\t<\/a>\n\t\t\t\t\n\t\t\t <\/li>\n\t\t\t<li class=\"dsm-mega-menu-item dsm-mega-menu-item-root none  dsm_mega_menu_child_1\">\n\t\t\t    <a class=\"dsm-mega-menu-link \" href=\"https:\/\/fundacionexe.org.co\/pasemosalaaccion\/#propuestas\"  itemprop=\"url\">\n\t\t\t\t   <div class=\"dsm-dropdown-icon-wrapper\">\n\t\t\t\t\n\t\t\t\t\n\t\t\t<\/div>\n\t\t\t<div class=\"dsm-menu-text-wrapper\">\n\t\t\t   \n\t\t\t    \n\t\t\t   <span class=\"dsm-menu-text\" itemprop=\"name\">Propuestas<\/span>\n\t\t\t   \n\t\t\t   \n\t\t\t   \n\t\t\t   \n\t\t\t   \n\t\t\t<\/div>\n\t\t\t<div class=\"dsm-dropdown-icon-wrapper\">\n\t\t\t\t\n\t\t\t  \t\n\t\t\t<\/div>\n\t\t\t\n\t\t\t\t<\/a>\n\t\t\t\t\n\t\t\t <\/li>\n\t\t\t<li class=\"dsm-mega-menu-item dsm-mega-menu-item-root none  dsm_mega_menu_child_2\">\n\t\t\t    <a class=\"dsm-mega-menu-link \" href=\"https:\/\/fundacionexe.org.co\/pasemosalaaccion\/#autores\"  itemprop=\"url\">\n\t\t\t\t   <div class=\"dsm-dropdown-icon-wrapper\">\n\t\t\t\t\n\t\t\t\t\n\t\t\t<\/div>\n\t\t\t<div class=\"dsm-menu-text-wrapper\">\n\t\t\t   \n\t\t\t    \n\t\t\t   <span class=\"dsm-menu-text\" itemprop=\"name\">Autores<\/span>\n\t\t\t   \n\t\t\t   \n\t\t\t   \n\t\t\t   \n\t\t\t   \n\t\t\t<\/div>\n\t\t\t<div class=\"dsm-dropdown-icon-wrapper\">\n\t\t\t\t\n\t\t\t  \t\n\t\t\t<\/div>\n\t\t\t\n\t\t\t\t<\/a>\n\t\t\t\t\n\t\t\t <\/li>\n\t\t\t<li class=\"dsm-mega-menu-item dsm-mega-menu-item-root none  dsm_mega_menu_child_3\">\n\t\t\t    <a class=\"dsm-mega-menu-link \" href=\"#\"  itemprop=\"url\">\n\t\t\t\t   <div class=\"dsm-dropdown-icon-wrapper\">\n\t\t\t\t\n\t\t\t\t\n\t\t\t<\/div>\n\t\t\t<div class=\"dsm-menu-text-wrapper\">\n\t\t\t   \n\t\t\t    \n\t\t\t   <span class=\"dsm-menu-text\" itemprop=\"name\">D\u00f3nde comprar<\/span>\n\t\t\t   \n\t\t\t   \n\t\t\t   \n\t\t\t   \n\t\t\t   \n\t\t\t<\/div>\n\t\t\t<div class=\"dsm-dropdown-icon-wrapper\">\n\t\t\t\t\n\t\t\t  \t\n\t\t\t<\/div>\n\t\t\t\n\t\t\t\t<\/a>\n\t\t\t\t\n\t\t\t <\/li>\n\t\t\t\n\t\t\t\t\t\t<\/ul>\n\t\t\t\t\t<\/nav>\n\t\t\t\t\t<div class=\"dsm-mega-menu-search-container\">\n\t\t\t\t\t\t\t<div class=\"dsm-mega-menu-search-box\">\n\t\t\t\t<div class=\"et_pb_menu__search\">\n\t\t\t\t\t<form role=\"search\" method=\"get\" class=\"et_pb_menu__search-form\" action=\"https:\/\/fundacionexe.org.co\/pasemosalaaccion\/\">\n\t\t\t\t\t\t<input type=\"search\" class=\"et_pb_menu__search-input\" placeholder=\"Buscar \u2026\" name=\"s\" title=\"Buscar:\" \/>\n\t\t\t\t\t<\/form>\n\t\t\t\t<\/div>\n\t\t\t<\/div>\n\t\t\t\t\t<\/div>\n\t\t\t\t<\/div>\n\t\t    \n\t\t\t\t<\/div>\n\t\t\t<\/div><div class=\"et_pb_module dsm_button dsm_button_0 et_pb_bg_layout_light\">\n\t\t\t\t\n\t\t\t\t\n\t\t\t\t\n\t\t\t\t\n\t\t\t\t\n\t\t\t\t\n\t\t\t\t<div class=\"et_pb_module_inner\">\n\t\t\t\t\t<div class=\"et_pb_button_module_wrappers dsm_button_0_wrapper et_pb_button_alignment_left et_pb_module\">\n\t\t\t\t<a class=\"et_pb_button et_pb_button_one et_pb_custom_button_icon dsm-icon-forward et_pb_bg_layout_light dsm-none \"  href=https:\/\/fundacionexe.org.co\/pasemosalaaccion\/#propuestas data-icon=\"&#xf100;\" data-dsm-lightbox-id=\"dsm_button_one_lightbox dsm_button_0\"><span>Volver atr\u00e1s<\/span><\/a>\n\t\t\t<\/div>\n\t\t\t\t<\/div>\n\t\t\t<\/div>La evidencia detr\u00e1s de la hoja de ruta Esta secci\u00f3n re\u00fane las fuentes y evidencias verificables que respaldan la hoja de ruta: fuentes, documentos, cifras y referencias consultables. Filtra por cap\u00edtulo, propuesta e impacto para revisar el soporte detr\u00e1s de cada recomendaci\u00f3n.<div id=\"evidence_list\"><\/div><\/p>\n","protected":false},"author":3,"featured_media":0,"parent":0,"menu_order":0,"comment_status":"closed","ping_status":"closed","template":"","meta":{"_acf_changed":false,"_et_pb_use_builder":"on","_et_pb_old_content":"","_et_gb_content_width":"","footnotes":""},"class_list":["post-595","page","type-page","status-publish","hentry"],"acf":[],"_links":{"self":[{"href":"https:\/\/fundacionexe.org.co\/pasemosalaaccion\/wp-json\/wp\/v2\/pages\/595","targetHints":{"allow":["GET"]}}],"collection":[{"href":"https:\/\/fundacionexe.org.co\/pasemosalaaccion\/wp-json\/wp\/v2\/pages"}],"about":[{"href":"https:\/\/fundacionexe.org.co\/pasemosalaaccion\/wp-json\/wp\/v2\/types\/page"}],"author":[{"embeddable":true,"href":"https:\/\/fundacionexe.org.co\/pasemosalaaccion\/wp-json\/wp\/v2\/users\/3"}],"replies":[{"embeddable":true,"href":"https:\/\/fundacionexe.org.co\/pasemosalaaccion\/wp-json\/wp\/v2\/comments?post=595"}],"version-history":[{"count":6,"href":"https:\/\/fundacionexe.org.co\/pasemosalaaccion\/wp-json\/wp\/v2\/pages\/595\/revisions"}],"predecessor-version":[{"id":678,"href":"https:\/\/fundacionexe.org.co\/pasemosalaaccion\/wp-json\/wp\/v2\/pages\/595\/revisions\/678"}],"wp:attachment":[{"href":"https:\/\/fundacionexe.org.co\/pasemosalaaccion\/wp-json\/wp\/v2\/media?parent=595"}],"curies":[{"name":"wp","href":"https:\/\/api.w.org\/{rel}","templated":true}]}}